{"id":49,"date":"2015-03-24T10:11:23","date_gmt":"2015-03-24T10:11:23","guid":{"rendered":"https:\/\/elbe-schrammstein-lauf.de\/?page_id=49"},"modified":"2026-02-02T17:32:31","modified_gmt":"2026-02-02T16:32:31","slug":"impressum","status":"publish","type":"page","link":"https:\/\/spreewaldmarathon.de\/wpswm\/impressum\/","title":{"rendered":"Impressum"},"content":{"rendered":"<div class=\"wpb-content-wrapper\"><p>[vc_row][vc_column width=&#8220;1\/1&#8243;][vc_row_inner][vc_column_inner width=&#8220;1\/2&#8243;][vc_column_text]<strong>Spreewald-Marathon e.V.\u00a0 \u00a0 \u00a0<\/strong>(Gemeinn\u00fctziger Verein)<br \/>\nSitz Burg (Spreewald)<br \/>\nSchmogrowerstra\u00dfe 22<br \/>\n03096 Fehrow<\/p>\n<p>Registergericht: Amtsgericht Cottbus | Registernummer: VR 1729<br \/>\nVorstandsvorsitzender: Hans-Joachim Weidner<\/p>\n<p>Grafische und technische Realisierung: Spreewald-Marathon e.V.[\/vc_column_text][\/vc_column_inner][vc_column_inner width=&#8220;1\/2&#8243;][vc_column_text]<strong>B\u00fcro:<\/strong><br \/>\nSpreewald-Marathon e.V.<br \/>\nRosa-Luxemburg-Str. 16a<br \/>\n01945 Hohenbocka[\/vc_column_text][\/vc_column_inner][\/vc_row_inner][vc_column_text]<\/p>\n<h4>Rechtliche Hinweise f\u00fcr Besucher unserer Internetseite<\/h4>\n<p><strong>Inhalt der Internetseite<\/strong><br \/>\nDer Spreewald-Marathon e.V. bem\u00fcht sich, auf dieser Internetseite richtige und vollst\u00e4ndige Informationen zur Verf\u00fcgung zu stellen. Er \u00fcbernimmt jedoch keinerlei Gew\u00e4hr f\u00fcr die Aktualit\u00e4t, Richtigkeit und Vollst\u00e4ndigkeit der bereitgestellten Informationen. Haftungsanspr\u00fcche gegen den Spreewald-Marathon e.V., die sich auf Sch\u00e4den materieller oder ideeller Art beziehen, welche durch die Nutzung oder Nichtnutzung der dargebotenen Informationen bzw. durch die Nutzung fehlerhafter und unvollst\u00e4ndiger Informationen verursacht wurden, sind grunds\u00e4tzlich ausgeschlossen. Der Spreewald-Marathon e.V. beh\u00e4lt es sich ausdr\u00fccklich vor, Teile der Internetseite oder den gesamten Inhalt ohne gesonderte Ank\u00fcndigung zu ver\u00e4ndern, zu erg\u00e4nzen, zu l\u00f6schen oder die Ver\u00f6ffentlichung zeitweise oder endg\u00fcltig einzustellen.<\/p>\n<p><strong>Verweise (\u201eLinks\u201c)<\/strong><br \/>\nSofern der Spreewald-Marathon e.V. direkt oder indirekt auf fremde Internetseiten verweist (\u201eLinks\u201c), haftet allein der Anbieter dieser Seiten f\u00fcr Inhalte und Sch\u00e4den, die aus der Nutzung oder Nichtnutzung der dargebotenen Informationen entstehen.<\/p>\n<p><strong>Datenschutz<\/strong><br \/>\nDer Spreewald-Marathon e.V. speichert pers\u00f6nliche Daten \u00fcber Nutzer seiner Internetseiten nur soweit eine Einwilligung hierf\u00fcr erteilt wurde. Pers\u00f6nliche Daten des Nutzers, zu deren Verwertung der Nutzer eine Einwilligung erteilt hat, werden nur zur Bearbeitung einer Anfrage oder in dem Rahmen, in welchem eine Einwilligung erteilt wurde und unter Beachtung der anwendbaren datenschutzrechtlichen Vorschriften, verwendet. Der Spreewald-Marathon e.V. wird diese Daten niemals anderen Unternehmen zu deren unabh\u00e4ngigen Verwendung \u00fcbermitteln.<\/p>\n<p><strong>Urheberrecht, Markenrecht, Sonstige Rechte Dritter<\/strong><br \/>\nDer Spreewald-Marathon e.V. ist bestrebt, in allen Publikationen geltende Urheberrechte, Markenrechte und sonstige Rechte Dritter zu beachten. Sollte es trotzdem zu einer Rechtsverletzung kommen, wird der Spreewald-Marathon e.V. diesen Zustand unverz\u00fcglich beseitigen. Alle innerhalb der Internetseite genannten und gegebenenfalls durch Dritte gesch\u00fctzten Marken und Kennzeichen unterliegen uneingeschr\u00e4nkt den Bestimmungen des jeweils g\u00fcltigen Rechts und den Besitzrechten der jeweiligen, eingetragenen Eigent\u00fcmer. Allein aufgrund der blo\u00dfen Nennung ist nicht der Schluss zu ziehen, dass Marken nicht durch Rechte Dritter gesch\u00fctzt sind. Das Urheberrecht f\u00fcr die Inhalte auf der Domain www.spreewaldmarathon.de steht allein dem Spreewald-Marathon e.V. zu. S\u00e4mtliche Bilder, die Logos, Graphiken, Texte und Animationsdateien dieser Internetseite unterliegen dem Urheberrecht und dem Markenrecht bzw. anderen Schutzgesetzen. Eine Vervielf\u00e4ltigung, Ver\u00e4nderung oder Verwendung in anderen elektronischen oder gedruckten Publikationen ist ohne ausdr\u00fcckliche Zustimmung des Spreewald-Marathon e.V. nicht gestattet.<\/p>\n<p><strong>Rechtswirksamkeit<\/strong><br \/>\nDiese Hinweise sind als Teil der Internetseite zu betrachten, von der aus auf diese Seite verwiesen wurde. Sofern Teile oder einzelne Formulierungen dieses Textes der geltenden Rechtslage nicht, nicht mehr oder nicht vollst\u00e4ndig entsprechen sollten, bleiben die \u00fcbrigen Teile in ihrem Inhalt und ihrer G\u00fcltigkeit davon unber\u00fchrt.<\/p>\n<p><strong>Fotorechte<\/strong><\/p>\n<p>Peter Becker (Raddusch), Yvonne Scherbatzki (Straupitz), Ute Horn (Dresden), Hans-Joachim Weidner (Spreewald-Marathon e.V.)[\/vc_column_text][\/vc_column][\/vc_row]<\/p>\n<\/div>","protected":false},"excerpt":{"rendered":"<p>[vc_row][vc_column width=&#8220;1\/1&#8243;][vc_row_inner][vc_column_inner width=&#8220;1\/2&#8243;][vc_column_text]Spreewald-Marathon e.V.\u00a0 \u00a0 \u00a0(Gemeinn\u00fctziger Verein) Sitz Burg (Spreewald) Schmogrowerstra\u00dfe 22 03096 Fehrow Registergericht: Amtsgericht Cottbus | Registernummer: VR 1729 Vorstandsvorsitzender: Hans-Joachim Weidner Grafische und technische Realisierung: Spreewald-Marathon e.V.[\/vc_column_text][\/vc_column_inner][vc_column_inner width=&#8220;1\/2&#8243;][vc_column_text]B\u00fcro: Spreewald-Marathon e.V. Rosa-Luxemburg-Str. 16a 01945 Hohenbocka[\/vc_column_text][\/vc_column_inner][\/vc_row_inner][vc_column_text] Rechtliche Hinweise f\u00fcr Besucher unserer Internetseite Inhalt der Internetseite Der Spreewald-Marathon e.V. bem\u00fcht sich, auf dieser Internetseite richtige und vollst\u00e4ndige Informationen zur Verf\u00fcgung zu stellen. Er \u00fcbernimmt jedoch keinerlei Gew\u00e4hr f\u00fcr die Aktualit\u00e4t, Richtigkeit und Vollst\u00e4ndigkeit der bereitgestellten Informationen. Haftungsanspr\u00fcche gegen den Spreewald-Marathon e.V., die sich auf Sch\u00e4den materieller oder ideeller Art beziehen, welche durch die Nutzung oder Nichtnutzung der dargebotenen Informationen bzw. durch die Nutzung fehlerhafter und unvollst\u00e4ndiger Informationen verursacht wurden, sind grunds\u00e4tzlich ausgeschlossen. Der Spreewald-Marathon e.V. beh\u00e4lt es sich ausdr\u00fccklich vor, Teile der Internetseite oder den gesamten Inhalt ohne gesonderte Ank\u00fcndigung zu ver\u00e4ndern, zu erg\u00e4nzen, zu l\u00f6schen oder die Ver\u00f6ffentlichung zeitweise oder endg\u00fcltig einzustellen. Verweise (\u201eLinks\u201c) Sofern der Spreewald-Marathon e.V. direkt oder indirekt auf fremde Internetseiten verweist (\u201eLinks\u201c), haftet allein der Anbieter dieser Seiten f\u00fcr Inhalte und Sch\u00e4den, die aus der Nutzung oder Nichtnutzung der dargebotenen Informationen entstehen. Datenschutz Der Spreewald-Marathon e.V. speichert pers\u00f6nliche Daten \u00fcber Nutzer seiner Internetseiten nur soweit eine Einwilligung hierf\u00fcr erteilt wurde. Pers\u00f6nliche Daten des Nutzers, zu [&hellip;]<\/p>\n","protected":false},"author":1,"featured_media":0,"parent":0,"menu_order":0,"comment_status":"open","ping_status":"closed","template":"","meta":{"footnotes":""},"class_list":["post-49","page","type-page","status-publish","hentry"],"yoast_head":"<!-- This site is optimized with the Yoast SEO plugin v25.6 - https:\/\/yoast.com\/wordpress\/plugins\/seo\/ -->\n<title>Impressum - SPREEWALDMARATHON<\/title>\n<meta name=\"robots\" content=\"index, follow, max-snippet:-1, max-image-preview:large, max-video-preview:-1\" \/>\n<link rel=\"canonical\" href=\"https:\/\/spreewaldmarathon.de\/wpswm\/impressum\/\" \/>\n<meta property=\"og:locale\" content=\"de_DE\" \/>\n<meta property=\"og:type\" content=\"article\" \/>\n<meta property=\"og:title\" content=\"Impressum - SPREEWALDMARATHON\" \/>\n<meta property=\"og:description\" content=\"[vc_row][vc_column width=&#8220;1\/1&#8243;][vc_row_inner][vc_column_inner width=&#8220;1\/2&#8243;][vc_column_text]Spreewald-Marathon e.V.\u00a0 \u00a0 \u00a0(Gemeinn\u00fctziger Verein) Sitz Burg (Spreewald) Schmogrowerstra\u00dfe 22 03096 Fehrow Registergericht: Amtsgericht Cottbus | Registernummer: VR 1729 Vorstandsvorsitzender: Hans-Joachim Weidner Grafische und technische Realisierung: Spreewald-Marathon e.V.[\/vc_column_text][\/vc_column_inner][vc_column_inner width=&#8220;1\/2&#8243;][vc_column_text]B\u00fcro: Spreewald-Marathon e.V. Rosa-Luxemburg-Str. 16a 01945 Hohenbocka[\/vc_column_text][\/vc_column_inner][\/vc_row_inner][vc_column_text] Rechtliche Hinweise f\u00fcr Besucher unserer Internetseite Inhalt der Internetseite Der Spreewald-Marathon e.V. bem\u00fcht sich, auf dieser Internetseite richtige und vollst\u00e4ndige Informationen zur Verf\u00fcgung zu stellen. Er \u00fcbernimmt jedoch keinerlei Gew\u00e4hr f\u00fcr die Aktualit\u00e4t, Richtigkeit und Vollst\u00e4ndigkeit der bereitgestellten Informationen. Haftungsanspr\u00fcche gegen den Spreewald-Marathon e.V., die sich auf Sch\u00e4den materieller oder ideeller Art beziehen, welche durch die Nutzung oder Nichtnutzung der dargebotenen Informationen bzw. durch die Nutzung fehlerhafter und unvollst\u00e4ndiger Informationen verursacht wurden, sind grunds\u00e4tzlich ausgeschlossen. Der Spreewald-Marathon e.V. beh\u00e4lt es sich ausdr\u00fccklich vor, Teile der Internetseite oder den gesamten Inhalt ohne gesonderte Ank\u00fcndigung zu ver\u00e4ndern, zu erg\u00e4nzen, zu l\u00f6schen oder die Ver\u00f6ffentlichung zeitweise oder endg\u00fcltig einzustellen. Verweise (\u201eLinks\u201c) Sofern der Spreewald-Marathon e.V. direkt oder indirekt auf fremde Internetseiten verweist (\u201eLinks\u201c), haftet allein der Anbieter dieser Seiten f\u00fcr Inhalte und Sch\u00e4den, die aus der Nutzung oder Nichtnutzung der dargebotenen Informationen entstehen. Datenschutz Der Spreewald-Marathon e.V. speichert pers\u00f6nliche Daten \u00fcber Nutzer seiner Internetseiten nur soweit eine Einwilligung hierf\u00fcr erteilt wurde. Pers\u00f6nliche Daten des Nutzers, zu [&hellip;]\" \/>\n<meta property=\"og:url\" content=\"https:\/\/spreewaldmarathon.de\/wpswm\/impressum\/\" \/>\n<meta property=\"og:site_name\" content=\"SPREEWALDMARATHON\" \/>\n<meta property=\"article:publisher\" content=\"https:\/\/www.facebook.com\/SpreewaldMarathon\" \/>\n<meta property=\"article:modified_time\" content=\"2026-02-02T16:32:31+00:00\" \/>\n<meta name=\"twitter:card\" content=\"summary_large_image\" \/>\n<meta name=\"twitter:site\" content=\"@spreewaldmarath\" \/>\n<meta name=\"twitter:label1\" content=\"Gesch\u00e4tzte Lesezeit\" \/>\n\t<meta name=\"twitter:data1\" content=\"3\u00a0Minuten\" \/>\n<script type=\"application\/ld+json\" class=\"yoast-schema-graph\">{\"@context\":\"https:\/\/schema.org\",\"@graph\":[{\"@type\":\"WebPage\",\"@id\":\"https:\/\/spreewaldmarathon.de\/wpswm\/impressum\/\",\"url\":\"https:\/\/spreewaldmarathon.de\/wpswm\/impressum\/\",\"name\":\"Impressum - SPREEWALDMARATHON\",\"isPartOf\":{\"@id\":\"https:\/\/spreewaldmarathon.de\/wpswm\/#website\"},\"datePublished\":\"2015-03-24T10:11:23+00:00\",\"dateModified\":\"2026-02-02T16:32:31+00:00\",\"breadcrumb\":{\"@id\":\"https:\/\/spreewaldmarathon.de\/wpswm\/impressum\/#breadcrumb\"},\"inLanguage\":\"de\",\"potentialAction\":[{\"@type\":\"ReadAction\",\"target\":[\"https:\/\/spreewaldmarathon.de\/wpswm\/impressum\/\"]}]},{\"@type\":\"BreadcrumbList\",\"@id\":\"https:\/\/spreewaldmarathon.de\/wpswm\/impressum\/#breadcrumb\",\"itemListElement\":[{\"@type\":\"ListItem\",\"position\":1,\"name\":\"Home\",\"item\":\"https:\/\/spreewaldmarathon.de\/wpswm\/\"},{\"@type\":\"ListItem\",\"position\":2,\"name\":\"Impressum\"}]},{\"@type\":\"WebSite\",\"@id\":\"https:\/\/spreewaldmarathon.de\/wpswm\/#website\",\"url\":\"https:\/\/spreewaldmarathon.de\/wpswm\/\",\"name\":\"SPREEWALDMARATHON\",\"description\":\"Alles rund um den Spreewaldmarathon\",\"publisher\":{\"@id\":\"https:\/\/spreewaldmarathon.de\/wpswm\/#organization\"},\"potentialAction\":[{\"@type\":\"SearchAction\",\"target\":{\"@type\":\"EntryPoint\",\"urlTemplate\":\"https:\/\/spreewaldmarathon.de\/wpswm\/?s={search_term_string}\"},\"query-input\":{\"@type\":\"PropertyValueSpecification\",\"valueRequired\":true,\"valueName\":\"search_term_string\"}}],\"inLanguage\":\"de\"},{\"@type\":\"Organization\",\"@id\":\"https:\/\/spreewaldmarathon.de\/wpswm\/#organization\",\"name\":\"Lausitzer Sportevents e.V.\",\"url\":\"https:\/\/spreewaldmarathon.de\/wpswm\/\",\"logo\":{\"@type\":\"ImageObject\",\"inLanguage\":\"de\",\"@id\":\"https:\/\/spreewaldmarathon.de\/wpswm\/#\/schema\/logo\/image\/\",\"url\":\"https:\/\/spreewaldmarathon.de\/wpswm\/wp-content\/uploads\/2020\/06\/Banner_LSE-1.jpg\",\"contentUrl\":\"https:\/\/spreewaldmarathon.de\/wpswm\/wp-content\/uploads\/2020\/06\/Banner_LSE-1.jpg\",\"width\":2211,\"height\":624,\"caption\":\"Lausitzer Sportevents e.V.\"},\"image\":{\"@id\":\"https:\/\/spreewaldmarathon.de\/wpswm\/#\/schema\/logo\/image\/\"},\"sameAs\":[\"https:\/\/www.facebook.com\/SpreewaldMarathon\",\"https:\/\/x.com\/spreewaldmarath\",\"https:\/\/www.instagram.com\/spreewaldmarathon\",\"https:\/\/www.youtube.com\/results?search_query=spreewaldmarathon\",\"https:\/\/de.wikipedia.org\/wiki\/Spreewald-Marathon\"]}]}<\/script>\n<!-- \/ Yoast SEO plugin. -->","yoast_head_json":{"title":"Impressum - SPREEWALDMARATHON","robots":{"index":"index","follow":"follow","max-snippet":"max-snippet:-1","max-image-preview":"max-image-preview:large","max-video-preview":"max-video-preview:-1"},"canonical":"https:\/\/spreewaldmarathon.de\/wpswm\/impressum\/","og_locale":"de_DE","og_type":"article","og_title":"Impressum - SPREEWALDMARATHON","og_description":"[vc_row][vc_column width=&#8220;1\/1&#8243;][vc_row_inner][vc_column_inner width=&#8220;1\/2&#8243;][vc_column_text]Spreewald-Marathon e.V.\u00a0 \u00a0 \u00a0(Gemeinn\u00fctziger Verein) Sitz Burg (Spreewald) Schmogrowerstra\u00dfe 22 03096 Fehrow Registergericht: Amtsgericht Cottbus | Registernummer: VR 1729 Vorstandsvorsitzender: Hans-Joachim Weidner Grafische und technische Realisierung: Spreewald-Marathon e.V.[\/vc_column_text][\/vc_column_inner][vc_column_inner width=&#8220;1\/2&#8243;][vc_column_text]B\u00fcro: Spreewald-Marathon e.V. Rosa-Luxemburg-Str. 16a 01945 Hohenbocka[\/vc_column_text][\/vc_column_inner][\/vc_row_inner][vc_column_text] Rechtliche Hinweise f\u00fcr Besucher unserer Internetseite Inhalt der Internetseite Der Spreewald-Marathon e.V. bem\u00fcht sich, auf dieser Internetseite richtige und vollst\u00e4ndige Informationen zur Verf\u00fcgung zu stellen. Er \u00fcbernimmt jedoch keinerlei Gew\u00e4hr f\u00fcr die Aktualit\u00e4t, Richtigkeit und Vollst\u00e4ndigkeit der bereitgestellten Informationen. Haftungsanspr\u00fcche gegen den Spreewald-Marathon e.V., die sich auf Sch\u00e4den materieller oder ideeller Art beziehen, welche durch die Nutzung oder Nichtnutzung der dargebotenen Informationen bzw. durch die Nutzung fehlerhafter und unvollst\u00e4ndiger Informationen verursacht wurden, sind grunds\u00e4tzlich ausgeschlossen. Der Spreewald-Marathon e.V. beh\u00e4lt es sich ausdr\u00fccklich vor, Teile der Internetseite oder den gesamten Inhalt ohne gesonderte Ank\u00fcndigung zu ver\u00e4ndern, zu erg\u00e4nzen, zu l\u00f6schen oder die Ver\u00f6ffentlichung zeitweise oder endg\u00fcltig einzustellen. Verweise (\u201eLinks\u201c) Sofern der Spreewald-Marathon e.V. direkt oder indirekt auf fremde Internetseiten verweist (\u201eLinks\u201c), haftet allein der Anbieter dieser Seiten f\u00fcr Inhalte und Sch\u00e4den, die aus der Nutzung oder Nichtnutzung der dargebotenen Informationen entstehen. Datenschutz Der Spreewald-Marathon e.V. speichert pers\u00f6nliche Daten \u00fcber Nutzer seiner Internetseiten nur soweit eine Einwilligung hierf\u00fcr erteilt wurde. Pers\u00f6nliche Daten des Nutzers, zu [&hellip;]","og_url":"https:\/\/spreewaldmarathon.de\/wpswm\/impressum\/","og_site_name":"SPREEWALDMARATHON","article_publisher":"https:\/\/www.facebook.com\/SpreewaldMarathon","article_modified_time":"2026-02-02T16:32:31+00:00","twitter_card":"summary_large_image","twitter_site":"@spreewaldmarath","twitter_misc":{"Gesch\u00e4tzte Lesezeit":"3\u00a0Minuten"},"schema":{"@context":"https:\/\/schema.org","@graph":[{"@type":"WebPage","@id":"https:\/\/spreewaldmarathon.de\/wpswm\/impressum\/","url":"https:\/\/spreewaldmarathon.de\/wpswm\/impressum\/","name":"Impressum - SPREEWALDMARATHON","isPartOf":{"@id":"https:\/\/spreewaldmarathon.de\/wpswm\/#website"},"datePublished":"2015-03-24T10:11:23+00:00","dateModified":"2026-02-02T16:32:31+00:00","breadcrumb":{"@id":"https:\/\/spreewaldmarathon.de\/wpswm\/impressum\/#breadcrumb"},"inLanguage":"de","potentialAction":[{"@type":"ReadAction","target":["https:\/\/spreewaldmarathon.de\/wpswm\/impressum\/"]}]},{"@type":"BreadcrumbList","@id":"https:\/\/spreewaldmarathon.de\/wpswm\/impressum\/#breadcrumb","itemListElement":[{"@type":"ListItem","position":1,"name":"Home","item":"https:\/\/spreewaldmarathon.de\/wpswm\/"},{"@type":"ListItem","position":2,"name":"Impressum"}]},{"@type":"WebSite","@id":"https:\/\/spreewaldmarathon.de\/wpswm\/#website","url":"https:\/\/spreewaldmarathon.de\/wpswm\/","name":"SPREEWALDMARATHON","description":"Alles rund um den Spreewaldmarathon","publisher":{"@id":"https:\/\/spreewaldmarathon.de\/wpswm\/#organization"},"potentialAction":[{"@type":"SearchAction","target":{"@type":"EntryPoint","urlTemplate":"https:\/\/spreewaldmarathon.de\/wpswm\/?s={search_term_string}"},"query-input":{"@type":"PropertyValueSpecification","valueRequired":true,"valueName":"search_term_string"}}],"inLanguage":"de"},{"@type":"Organization","@id":"https:\/\/spreewaldmarathon.de\/wpswm\/#organization","name":"Lausitzer Sportevents e.V.","url":"https:\/\/spreewaldmarathon.de\/wpswm\/","logo":{"@type":"ImageObject","inLanguage":"de","@id":"https:\/\/spreewaldmarathon.de\/wpswm\/#\/schema\/logo\/image\/","url":"https:\/\/spreewaldmarathon.de\/wpswm\/wp-content\/uploads\/2020\/06\/Banner_LSE-1.jpg","contentUrl":"https:\/\/spreewaldmarathon.de\/wpswm\/wp-content\/uploads\/2020\/06\/Banner_LSE-1.jpg","width":2211,"height":624,"caption":"Lausitzer Sportevents e.V."},"image":{"@id":"https:\/\/spreewaldmarathon.de\/wpswm\/#\/schema\/logo\/image\/"},"sameAs":["https:\/\/www.facebook.com\/SpreewaldMarathon","https:\/\/x.com\/spreewaldmarath","https:\/\/www.instagram.com\/spreewaldmarathon","https:\/\/www.youtube.com\/results?search_query=spreewaldmarathon","https:\/\/de.wikipedia.org\/wiki\/Spreewald-Marathon"]}]}},"_links":{"self":[{"href":"https:\/\/spreewaldmarathon.de\/wpswm\/wp-json\/wp\/v2\/pages\/49"}],"collection":[{"href":"https:\/\/spreewaldmarathon.de\/wpswm\/wp-json\/wp\/v2\/pages"}],"about":[{"href":"https:\/\/spreewaldmarathon.de\/wpswm\/wp-json\/wp\/v2\/types\/page"}],"author":[{"embeddable":true,"href":"https:\/\/spreewaldmarathon.de\/wpswm\/wp-json\/wp\/v2\/users\/1"}],"replies":[{"embeddable":true,"href":"https:\/\/spreewaldmarathon.de\/wpswm\/wp-json\/wp\/v2\/comments?post=49"}],"version-history":[{"count":12,"href":"https:\/\/spreewaldmarathon.de\/wpswm\/wp-json\/wp\/v2\/pages\/49\/revisions"}],"predecessor-version":[{"id":28416,"href":"https:\/\/spreewaldmarathon.de\/wpswm\/wp-json\/wp\/v2\/pages\/49\/revisions\/28416"}],"wp:attachment":[{"href":"https:\/\/spreewaldmarathon.de\/wpswm\/wp-json\/wp\/v2\/media?parent=49"}],"curies":[{"name":"wp","href":"https:\/\/api.w.org\/{rel}","templated":true}]}}