{"id":21460,"date":"2020-11-13T17:40:39","date_gmt":"2020-11-13T16:40:39","guid":{"rendered":"https:\/\/www.spreewaldmarathon.de\/wpswm\/?page_id=21460"},"modified":"2025-04-23T16:21:44","modified_gmt":"2025-04-23T15:21:44","slug":"236-km-skate-halbmarathon","status":"publish","type":"page","link":"https:\/\/spreewaldmarathon.de\/wpswm\/236-km-skate-halbmarathon\/","title":{"rendered":"23,6 km Skate-Halbmarathon"},"content":{"rendered":"<h2>23,6 km Skate-Halbmarathon | Longboard | Tretroller &#8211; in Burg<\/h2>\n<p>Der Halbmarathon ist ein sch\u00f6ner, schneller, flacher Rundkurs der durch die Gemeinde Burg f\u00fchrt.<br \/>\nDie Strecke ist im Herbst 2024 fast vollst\u00e4ndig neu asphaltiert worden.<br \/>\nStart und Ziel ist am Festplatz in Burg.<br \/>\nEs sind 2 Runden (Ringchaussee-Wendenk\u00f6nigstra\u00dfe) zu rollen,<br \/>\nsowie eine kurze An- und Abfahrtsstrecke zum Rundkurs.<\/p>\n<p>&nbsp;<\/p>\n<p><a href=\"https:\/\/spreewaldmarathon.de\/wpswm\/wp-content\/uploads\/SM-24km-2024-Skaten-VZ.jpg\" target=\"_blank\" rel=\"noopener\"><img loading=\"lazy\" decoding=\"async\" class=\"aligncenter wp-image-27486 size-large\" src=\"https:\/\/spreewaldmarathon.de\/wpswm\/wp-content\/uploads\/SM-24km-2024-Skaten-VZ-990x1400.jpg\" alt=\"\" width=\"990\" height=\"1400\" srcset=\"https:\/\/spreewaldmarathon.de\/wpswm\/wp-content\/uploads\/SM-24km-2024-Skaten-VZ-990x1400.jpg 990w, https:\/\/spreewaldmarathon.de\/wpswm\/wp-content\/uploads\/SM-24km-2024-Skaten-VZ-212x300.jpg 212w, https:\/\/spreewaldmarathon.de\/wpswm\/wp-content\/uploads\/SM-24km-2024-Skaten-VZ-768x1086.jpg 768w, https:\/\/spreewaldmarathon.de\/wpswm\/wp-content\/uploads\/SM-24km-2024-Skaten-VZ-1086x1536.jpg 1086w, https:\/\/spreewaldmarathon.de\/wpswm\/wp-content\/uploads\/SM-24km-2024-Skaten-VZ-1448x2048.jpg 1448w, https:\/\/spreewaldmarathon.de\/wpswm\/wp-content\/uploads\/SM-24km-2024-Skaten-VZ.jpg 1654w\" sizes=\"(max-width: 990px) 100vw, 990px\" \/><\/a><\/p>\n","protected":false},"excerpt":{"rendered":"<p>23,6 km Skate-Halbmarathon | Longboard | Tretroller &#8211; in Burg Der Halbmarathon ist ein sch\u00f6ner, schneller, flacher Rundkurs der durch die Gemeinde Burg f\u00fchrt. Die Strecke ist im Herbst 2024 fast vollst\u00e4ndig neu asphaltiert worden. Start und Ziel ist am Festplatz in Burg. Es sind 2 Runden (Ringchaussee-Wendenk\u00f6nigstra\u00dfe) zu rollen, sowie eine kurze An- und Abfahrtsstrecke zum Rundkurs. &nbsp;<\/p>\n","protected":false},"author":1,"featured_media":0,"parent":0,"menu_order":0,"comment_status":"closed","ping_status":"closed","template":"","meta":{"footnotes":""},"class_list":["post-21460","page","type-page","status-publish","hentry"],"yoast_head":"<!-- This site is optimized with the Yoast SEO plugin v25.6 - https:\/\/yoast.com\/wordpress\/plugins\/seo\/ -->\n<title>23,6 km Skate-Halbmarathon - SPREEWALDMARATHON<\/title>\n<meta name=\"robots\" content=\"index, follow, max-snippet:-1, max-image-preview:large, max-video-preview:-1\" \/>\n<link rel=\"canonical\" href=\"https:\/\/spreewaldmarathon.de\/wpswm\/236-km-skate-halbmarathon\/\" \/>\n<meta property=\"og:locale\" content=\"de_DE\" \/>\n<meta property=\"og:type\" content=\"article\" \/>\n<meta property=\"og:title\" content=\"23,6 km Skate-Halbmarathon - SPREEWALDMARATHON\" \/>\n<meta property=\"og:description\" content=\"23,6 km Skate-Halbmarathon | Longboard | Tretroller &#8211; in Burg Der Halbmarathon ist ein sch\u00f6ner, schneller, flacher Rundkurs der durch die Gemeinde Burg f\u00fchrt. Die Strecke ist im Herbst 2024 fast vollst\u00e4ndig neu asphaltiert worden. Start und Ziel ist am Festplatz in Burg. Es sind 2 Runden (Ringchaussee-Wendenk\u00f6nigstra\u00dfe) zu rollen, sowie eine kurze An- und Abfahrtsstrecke zum Rundkurs. &nbsp;\" \/>\n<meta property=\"og:url\" content=\"https:\/\/spreewaldmarathon.de\/wpswm\/236-km-skate-halbmarathon\/\" \/>\n<meta property=\"og:site_name\" content=\"SPREEWALDMARATHON\" \/>\n<meta property=\"article:publisher\" content=\"https:\/\/www.facebook.com\/SpreewaldMarathon\" \/>\n<meta property=\"article:modified_time\" content=\"2025-04-23T15:21:44+00:00\" \/>\n<meta property=\"og:image\" content=\"https:\/\/spreewaldmarathon.de\/wpswm\/wp-content\/uploads\/SM-24km-2024-Skaten-VZ.jpg\" \/>\n\t<meta property=\"og:image:width\" content=\"1654\" \/>\n\t<meta property=\"og:image:height\" content=\"2339\" \/>\n\t<meta property=\"og:image:type\" content=\"image\/jpeg\" \/>\n<meta name=\"twitter:card\" content=\"summary_large_image\" \/>\n<meta name=\"twitter:site\" content=\"@spreewaldmarath\" \/>\n<meta name=\"twitter:label1\" content=\"Gesch\u00e4tzte Lesezeit\" \/>\n\t<meta name=\"twitter:data1\" content=\"1\u00a0Minute\" \/>\n<script type=\"application\/ld+json\" class=\"yoast-schema-graph\">{\"@context\":\"https:\/\/schema.org\",\"@graph\":[{\"@type\":\"WebPage\",\"@id\":\"https:\/\/spreewaldmarathon.de\/wpswm\/236-km-skate-halbmarathon\/\",\"url\":\"https:\/\/spreewaldmarathon.de\/wpswm\/236-km-skate-halbmarathon\/\",\"name\":\"23,6 km Skate-Halbmarathon - SPREEWALDMARATHON\",\"isPartOf\":{\"@id\":\"https:\/\/spreewaldmarathon.de\/wpswm\/#website\"},\"primaryImageOfPage\":{\"@id\":\"https:\/\/spreewaldmarathon.de\/wpswm\/236-km-skate-halbmarathon\/#primaryimage\"},\"image\":{\"@id\":\"https:\/\/spreewaldmarathon.de\/wpswm\/236-km-skate-halbmarathon\/#primaryimage\"},\"thumbnailUrl\":\"https:\/\/spreewaldmarathon.de\/wpswm\/wp-content\/uploads\/SM-24km-2024-Skaten-VZ-990x1400.jpg\",\"datePublished\":\"2020-11-13T16:40:39+00:00\",\"dateModified\":\"2025-04-23T15:21:44+00:00\",\"breadcrumb\":{\"@id\":\"https:\/\/spreewaldmarathon.de\/wpswm\/236-km-skate-halbmarathon\/#breadcrumb\"},\"inLanguage\":\"de\",\"potentialAction\":[{\"@type\":\"ReadAction\",\"target\":[\"https:\/\/spreewaldmarathon.de\/wpswm\/236-km-skate-halbmarathon\/\"]}]},{\"@type\":\"ImageObject\",\"inLanguage\":\"de\",\"@id\":\"https:\/\/spreewaldmarathon.de\/wpswm\/236-km-skate-halbmarathon\/#primaryimage\",\"url\":\"https:\/\/spreewaldmarathon.de\/wpswm\/wp-content\/uploads\/SM-24km-2024-Skaten-VZ.jpg\",\"contentUrl\":\"https:\/\/spreewaldmarathon.de\/wpswm\/wp-content\/uploads\/SM-24km-2024-Skaten-VZ.jpg\",\"width\":1654,\"height\":2339},{\"@type\":\"BreadcrumbList\",\"@id\":\"https:\/\/spreewaldmarathon.de\/wpswm\/236-km-skate-halbmarathon\/#breadcrumb\",\"itemListElement\":[{\"@type\":\"ListItem\",\"position\":1,\"name\":\"Home\",\"item\":\"https:\/\/spreewaldmarathon.de\/wpswm\/\"},{\"@type\":\"ListItem\",\"position\":2,\"name\":\"23,6 km Skate-Halbmarathon\"}]},{\"@type\":\"WebSite\",\"@id\":\"https:\/\/spreewaldmarathon.de\/wpswm\/#website\",\"url\":\"https:\/\/spreewaldmarathon.de\/wpswm\/\",\"name\":\"SPREEWALDMARATHON\",\"description\":\"Alles rund um den Spreewaldmarathon\",\"publisher\":{\"@id\":\"https:\/\/spreewaldmarathon.de\/wpswm\/#organization\"},\"potentialAction\":[{\"@type\":\"SearchAction\",\"target\":{\"@type\":\"EntryPoint\",\"urlTemplate\":\"https:\/\/spreewaldmarathon.de\/wpswm\/?s={search_term_string}\"},\"query-input\":{\"@type\":\"PropertyValueSpecification\",\"valueRequired\":true,\"valueName\":\"search_term_string\"}}],\"inLanguage\":\"de\"},{\"@type\":\"Organization\",\"@id\":\"https:\/\/spreewaldmarathon.de\/wpswm\/#organization\",\"name\":\"Lausitzer Sportevents e.V.\",\"url\":\"https:\/\/spreewaldmarathon.de\/wpswm\/\",\"logo\":{\"@type\":\"ImageObject\",\"inLanguage\":\"de\",\"@id\":\"https:\/\/spreewaldmarathon.de\/wpswm\/#\/schema\/logo\/image\/\",\"url\":\"https:\/\/spreewaldmarathon.de\/wpswm\/wp-content\/uploads\/2020\/06\/Banner_LSE-1.jpg\",\"contentUrl\":\"https:\/\/spreewaldmarathon.de\/wpswm\/wp-content\/uploads\/2020\/06\/Banner_LSE-1.jpg\",\"width\":2211,\"height\":624,\"caption\":\"Lausitzer Sportevents e.V.\"},\"image\":{\"@id\":\"https:\/\/spreewaldmarathon.de\/wpswm\/#\/schema\/logo\/image\/\"},\"sameAs\":[\"https:\/\/www.facebook.com\/SpreewaldMarathon\",\"https:\/\/x.com\/spreewaldmarath\",\"https:\/\/www.instagram.com\/spreewaldmarathon\",\"https:\/\/www.youtube.com\/results?search_query=spreewaldmarathon\",\"https:\/\/de.wikipedia.org\/wiki\/Spreewald-Marathon\"]}]}<\/script>\n<!-- \/ Yoast SEO plugin. -->","yoast_head_json":{"title":"23,6 km Skate-Halbmarathon - SPREEWALDMARATHON","robots":{"index":"index","follow":"follow","max-snippet":"max-snippet:-1","max-image-preview":"max-image-preview:large","max-video-preview":"max-video-preview:-1"},"canonical":"https:\/\/spreewaldmarathon.de\/wpswm\/236-km-skate-halbmarathon\/","og_locale":"de_DE","og_type":"article","og_title":"23,6 km Skate-Halbmarathon - SPREEWALDMARATHON","og_description":"23,6 km Skate-Halbmarathon | Longboard | Tretroller &#8211; in Burg Der Halbmarathon ist ein sch\u00f6ner, schneller, flacher Rundkurs der durch die Gemeinde Burg f\u00fchrt. Die Strecke ist im Herbst 2024 fast vollst\u00e4ndig neu asphaltiert worden. Start und Ziel ist am Festplatz in Burg. Es sind 2 Runden (Ringchaussee-Wendenk\u00f6nigstra\u00dfe) zu rollen, sowie eine kurze An- und Abfahrtsstrecke zum Rundkurs. &nbsp;","og_url":"https:\/\/spreewaldmarathon.de\/wpswm\/236-km-skate-halbmarathon\/","og_site_name":"SPREEWALDMARATHON","article_publisher":"https:\/\/www.facebook.com\/SpreewaldMarathon","article_modified_time":"2025-04-23T15:21:44+00:00","og_image":[{"width":1654,"height":2339,"url":"https:\/\/spreewaldmarathon.de\/wpswm\/wp-content\/uploads\/SM-24km-2024-Skaten-VZ.jpg","type":"image\/jpeg"}],"twitter_card":"summary_large_image","twitter_site":"@spreewaldmarath","twitter_misc":{"Gesch\u00e4tzte Lesezeit":"1\u00a0Minute"},"schema":{"@context":"https:\/\/schema.org","@graph":[{"@type":"WebPage","@id":"https:\/\/spreewaldmarathon.de\/wpswm\/236-km-skate-halbmarathon\/","url":"https:\/\/spreewaldmarathon.de\/wpswm\/236-km-skate-halbmarathon\/","name":"23,6 km Skate-Halbmarathon - SPREEWALDMARATHON","isPartOf":{"@id":"https:\/\/spreewaldmarathon.de\/wpswm\/#website"},"primaryImageOfPage":{"@id":"https:\/\/spreewaldmarathon.de\/wpswm\/236-km-skate-halbmarathon\/#primaryimage"},"image":{"@id":"https:\/\/spreewaldmarathon.de\/wpswm\/236-km-skate-halbmarathon\/#primaryimage"},"thumbnailUrl":"https:\/\/spreewaldmarathon.de\/wpswm\/wp-content\/uploads\/SM-24km-2024-Skaten-VZ-990x1400.jpg","datePublished":"2020-11-13T16:40:39+00:00","dateModified":"2025-04-23T15:21:44+00:00","breadcrumb":{"@id":"https:\/\/spreewaldmarathon.de\/wpswm\/236-km-skate-halbmarathon\/#breadcrumb"},"inLanguage":"de","potentialAction":[{"@type":"ReadAction","target":["https:\/\/spreewaldmarathon.de\/wpswm\/236-km-skate-halbmarathon\/"]}]},{"@type":"ImageObject","inLanguage":"de","@id":"https:\/\/spreewaldmarathon.de\/wpswm\/236-km-skate-halbmarathon\/#primaryimage","url":"https:\/\/spreewaldmarathon.de\/wpswm\/wp-content\/uploads\/SM-24km-2024-Skaten-VZ.jpg","contentUrl":"https:\/\/spreewaldmarathon.de\/wpswm\/wp-content\/uploads\/SM-24km-2024-Skaten-VZ.jpg","width":1654,"height":2339},{"@type":"BreadcrumbList","@id":"https:\/\/spreewaldmarathon.de\/wpswm\/236-km-skate-halbmarathon\/#breadcrumb","itemListElement":[{"@type":"ListItem","position":1,"name":"Home","item":"https:\/\/spreewaldmarathon.de\/wpswm\/"},{"@type":"ListItem","position":2,"name":"23,6 km Skate-Halbmarathon"}]},{"@type":"WebSite","@id":"https:\/\/spreewaldmarathon.de\/wpswm\/#website","url":"https:\/\/spreewaldmarathon.de\/wpswm\/","name":"SPREEWALDMARATHON","description":"Alles rund um den Spreewaldmarathon","publisher":{"@id":"https:\/\/spreewaldmarathon.de\/wpswm\/#organization"},"potentialAction":[{"@type":"SearchAction","target":{"@type":"EntryPoint","urlTemplate":"https:\/\/spreewaldmarathon.de\/wpswm\/?s={search_term_string}"},"query-input":{"@type":"PropertyValueSpecification","valueRequired":true,"valueName":"search_term_string"}}],"inLanguage":"de"},{"@type":"Organization","@id":"https:\/\/spreewaldmarathon.de\/wpswm\/#organization","name":"Lausitzer Sportevents e.V.","url":"https:\/\/spreewaldmarathon.de\/wpswm\/","logo":{"@type":"ImageObject","inLanguage":"de","@id":"https:\/\/spreewaldmarathon.de\/wpswm\/#\/schema\/logo\/image\/","url":"https:\/\/spreewaldmarathon.de\/wpswm\/wp-content\/uploads\/2020\/06\/Banner_LSE-1.jpg","contentUrl":"https:\/\/spreewaldmarathon.de\/wpswm\/wp-content\/uploads\/2020\/06\/Banner_LSE-1.jpg","width":2211,"height":624,"caption":"Lausitzer Sportevents e.V."},"image":{"@id":"https:\/\/spreewaldmarathon.de\/wpswm\/#\/schema\/logo\/image\/"},"sameAs":["https:\/\/www.facebook.com\/SpreewaldMarathon","https:\/\/x.com\/spreewaldmarath","https:\/\/www.instagram.com\/spreewaldmarathon","https:\/\/www.youtube.com\/results?search_query=spreewaldmarathon","https:\/\/de.wikipedia.org\/wiki\/Spreewald-Marathon"]}]}},"_links":{"self":[{"href":"https:\/\/spreewaldmarathon.de\/wpswm\/wp-json\/wp\/v2\/pages\/21460"}],"collection":[{"href":"https:\/\/spreewaldmarathon.de\/wpswm\/wp-json\/wp\/v2\/pages"}],"about":[{"href":"https:\/\/spreewaldmarathon.de\/wpswm\/wp-json\/wp\/v2\/types\/page"}],"author":[{"embeddable":true,"href":"https:\/\/spreewaldmarathon.de\/wpswm\/wp-json\/wp\/v2\/users\/1"}],"replies":[{"embeddable":true,"href":"https:\/\/spreewaldmarathon.de\/wpswm\/wp-json\/wp\/v2\/comments?post=21460"}],"version-history":[{"count":5,"href":"https:\/\/spreewaldmarathon.de\/wpswm\/wp-json\/wp\/v2\/pages\/21460\/revisions"}],"predecessor-version":[{"id":28005,"href":"https:\/\/spreewaldmarathon.de\/wpswm\/wp-json\/wp\/v2\/pages\/21460\/revisions\/28005"}],"wp:attachment":[{"href":"https:\/\/spreewaldmarathon.de\/wpswm\/wp-json\/wp\/v2\/media?parent=21460"}],"curies":[{"name":"wp","href":"https:\/\/api.w.org\/{rel}","templated":true}]}}