{"id":21443,"date":"2020-11-13T17:12:21","date_gmt":"2020-11-13T16:12:21","guid":{"rendered":"https:\/\/www.spreewaldmarathon.de\/wpswm\/?page_id=21443"},"modified":"2026-02-18T16:45:31","modified_gmt":"2026-02-18T15:45:31","slug":"skaten","status":"publish","type":"page","link":"https:\/\/spreewaldmarathon.de\/wpswm\/skaten\/","title":{"rendered":"Skaten | Longboard | Einrad | Tretroller"},"content":{"rendered":"<div class=\"wpb-content-wrapper\"><p>[vc_row][vc_column width=&#8220;1\/1&#8243;][vc_row_inner][vc_column_inner width=&#8220;1\/3&#8243; css=&#8220;.vc_custom_1590692103229{padding: 1px !important;}&#8220;]<div class=\"minti_boxedholder   clearfix\" style=\"padding: 0px 0px 0px 0px; margin: 0px 0px 10px 0px; \"><\/div>[\/vc_column_inner][vc_column_inner width=&#8220;1\/3&#8243;]<div class=\"minti_boxedholder   clearfix\" style=\"padding: 0px 0px 0px 0px; margin: 0px 0px 10px 0px; \">[vc_column_text]<\/p>\n<h1 style=\"text-align: center;\">Samstag<br \/>\n<em>Burg<\/em><\/h1>\n<p>[\/vc_column_text]<\/div><a href=\"\" target=\"_self\" class=\"button orange full \" style=\"border-radius: 0px;\">42 km Skate-Marathon<\/a><div class=\"spacer\" style=\"height: 10px;\"><\/div><a href=\"\" target=\"_blank\" class=\"button orange full \" style=\"border-radius: 0px;\">24 km Skate-Halbmarathon<\/a><div class=\"spacer\" style=\"height: 10px;\"><\/div><a href=\"\" target=\"_blank\" class=\"button orange full \" style=\"border-radius: 0px;\">24 km Longboard<\/a><div class=\"spacer\" style=\"height: 10px;\"><\/div><a href=\"\" target=\"_blank\" class=\"button orange full \" style=\"border-radius: 0px;\">24 km Tretroller<\/a><div class=\"spacer\" style=\"height: 10px;\"><\/div><a href=\"\" target=\"_blank\" class=\"button orange full \" style=\"border-radius: 0px;\">14 km Einrad<\/a>[\/vc_column_inner][vc_column_inner width=&#8220;1\/3&#8243;]<div class=\"minti_boxedholder   clearfix\" style=\"padding: 0px 0px 0px 0px; margin: 0px 0px 10px 0px; \"><\/div>[\/vc_column_inner][\/vc_row_inner][\/vc_column][\/vc_row][vc_row top_padding=&#8220;0&#8243; bottom_padding=&#8220;0&#8243; bg_position=&#8220;left top&#8220;][vc_column]<div class=\"spacer\" style=\"height: 40px;\"><\/div>[vc_column_text]<\/p>\n<h3><i class=\"fa fa-info minti-icon\" style=\"color:#ff0000 !important; font-size: 20px; margin: 0px 0px 0px 0px\"><\/i>\u00a0 Allgemeine <strong>Hinweise<\/strong><\/h3>\n<ul>\n<li><span style=\"color: #ff0000;\"><strong>Zielschluss f\u00fcr alle Inline-Skater und Longboarder ist 19.20 Uhr!<\/strong><\/span><\/li>\n<li><strong><span style=\"color: #ff0000;\">Marathon-Skater welche am Kilometerpunkt\u00a0 30 sp\u00e4ter als 18.30 Uhr eintreffen (1:30 h nach dem Start),<br \/>\nk\u00f6nnen aus verkehrstechnischen Gr\u00fcnden den Marathon leider nicht zu Ende fahren und werden ins Ziel geleitet.<br \/>\n<\/span><\/strong><span style=\"color: #ff0000;\"><span style=\"color: #000000;\">Sie bekommen trotzdem eine Medaillen.<\/span><\/span><\/li>\n<\/ul>\n<p>[\/vc_column_text][vc_column_text]<\/p>\n<ul>\n<li><span style=\"color: #ff0000;\"><span style=\"color: #ff0000;\"><strong>Das Tragen eines Kopfschutzes (Helm) ist Pflicht.\u00a0<\/strong><\/span><\/span><span style=\"color: #ff0000;\"><strong><br \/>\n<\/strong>Weitere Schutzkleidung wird empfohlen, liegt jedoch im Ermessen der Sportler.<\/span><\/li>\n<\/ul>\n<p>[\/vc_column_text][vc_column_text]<\/p>\n<ul>\n<li><span style=\"color: #ff0000;\"><strong>Die sichtbare Befestigung der Startnummer auf dem R\u00fccken ist Pflicht!<\/strong><\/span><\/li>\n<li>Das Skaten findet auch bei Regen statt.<\/li>\n<li><span class=\"rot1\">Achtung, es kann keine Vollsperrung der Strecken garantiert werden!<br \/>\nEs gibt leider immer wieder Verkehrsteilnehmer, welche die Absperrungen durchbrechen.<\/span><\/li>\n<li>Alle Teilnehmer m\u00fcssen die Verkehrsregeln einhalten und d\u00fcrfen sich und andere nicht gef\u00e4hrden!<\/li>\n<li>Keine Angst vor gro\u00dfer Hitze, wir sind auf gro\u00dfe Hitze vorbereitet und halten f\u00fcr Euch ausreichend Wasser auf den Strecken zur Erfrischung bereit.<\/li>\n<li>Bitte Trinkflaschen vor dem Start auff\u00fcllen.<\/li>\n<li>M\u00f6gliche etwas schwieriger zu passierende Streckenabschnitte werden jeweils 50m vorher durch Hinweisschilder gekennzeichnet.<\/li>\n<li>Finisher r\u00e4umen bitte sehr schnell f\u00fcr nachfolgende Skater die Stra\u00dfe.<\/li>\n<li><span style=\"color: #ff0000;\"><strong>Teilnahme mit Skiroller nicht gestattet<br \/>\n<\/strong><\/span>Skiroller sind bei uns nicht mehr zugelassen, da es bei \u00dcberholungen und \u00dcberrundungen immer wieder zu gef\u00e4hrlichen Begegnungen kam.<br \/>\nBedingt durch die langen Skist\u00f6cke und unseren etwas schmaleren Stra\u00dfen im Spreewald, gab es oft Behinderungen.<\/li>\n<\/ul>\n<p>[\/vc_column_text][\/vc_column][\/vc_row]<\/p>\n<\/div>","protected":false},"excerpt":{"rendered":"<p>[vc_row][vc_column width=&#8220;1\/1&#8243;][vc_row_inner][vc_column_inner width=&#8220;1\/3&#8243; css=&#8220;.vc_custom_1590692103229{padding: 1px !important;}&#8220;][\/vc_column_inner][vc_column_inner width=&#8220;1\/3&#8243;][\/vc_column_inner][vc_column_inner width=&#8220;1\/3&#8243;][\/vc_column_inner][\/vc_row_inner][\/vc_column][\/vc_row][vc_row top_padding=&#8220;0&#8243; bottom_padding=&#8220;0&#8243; bg_position=&#8220;left top&#8220;][vc_column][vc_column_text] \u00a0 Allgemeine Hinweise Zielschluss f\u00fcr alle Inline-Skater und Longboarder ist 19.20 Uhr! Marathon-Skater welche am Kilometerpunkt\u00a0 30 sp\u00e4ter als 18.30 Uhr eintreffen (1:30 h nach dem Start), k\u00f6nnen aus verkehrstechnischen Gr\u00fcnden den Marathon leider nicht zu Ende fahren und werden ins Ziel geleitet. Sie bekommen trotzdem eine Medaillen. [\/vc_column_text][vc_column_text] Das Tragen eines Kopfschutzes (Helm) ist Pflicht.\u00a0 Weitere Schutzkleidung wird empfohlen, liegt jedoch im Ermessen der Sportler. [\/vc_column_text][vc_column_text] Die sichtbare Befestigung der Startnummer auf dem R\u00fccken ist Pflicht! Das Skaten findet auch bei Regen statt. Achtung, es kann keine Vollsperrung der Strecken garantiert werden! Es gibt leider immer wieder Verkehrsteilnehmer, welche die Absperrungen durchbrechen. Alle Teilnehmer m\u00fcssen die Verkehrsregeln einhalten und d\u00fcrfen sich und andere nicht gef\u00e4hrden! Keine Angst vor gro\u00dfer Hitze, wir sind auf gro\u00dfe Hitze vorbereitet und halten f\u00fcr Euch ausreichend Wasser auf den Strecken zur Erfrischung bereit. Bitte Trinkflaschen vor dem Start auff\u00fcllen. M\u00f6gliche etwas schwieriger zu passierende Streckenabschnitte werden jeweils 50m vorher durch Hinweisschilder gekennzeichnet. Finisher r\u00e4umen bitte sehr schnell f\u00fcr nachfolgende Skater die Stra\u00dfe. Teilnahme mit Skiroller nicht gestattet Skiroller sind bei uns nicht mehr zugelassen, da es bei \u00dcberholungen und \u00dcberrundungen immer wieder [&hellip;]<\/p>\n","protected":false},"author":1,"featured_media":0,"parent":0,"menu_order":0,"comment_status":"closed","ping_status":"closed","template":"","meta":{"footnotes":""},"class_list":["post-21443","page","type-page","status-publish","hentry"],"yoast_head":"<!-- This site is optimized with the Yoast SEO plugin v25.6 - https:\/\/yoast.com\/wordpress\/plugins\/seo\/ -->\n<title>Skaten | Longboard | Einrad | Tretroller - SPREEWALDMARATHON<\/title>\n<meta name=\"robots\" content=\"index, follow, max-snippet:-1, max-image-preview:large, max-video-preview:-1\" \/>\n<link rel=\"canonical\" href=\"https:\/\/spreewaldmarathon.de\/wpswm\/skaten\/\" \/>\n<meta property=\"og:locale\" content=\"de_DE\" \/>\n<meta property=\"og:type\" content=\"article\" \/>\n<meta property=\"og:title\" content=\"Skaten | Longboard | Einrad | Tretroller - SPREEWALDMARATHON\" \/>\n<meta property=\"og:description\" content=\"[vc_row][vc_column width=&#8220;1\/1&#8243;][vc_row_inner][vc_column_inner width=&#8220;1\/3&#8243; css=&#8220;.vc_custom_1590692103229{padding: 1px !important;}&#8220;][\/vc_column_inner][vc_column_inner width=&#8220;1\/3&#8243;][\/vc_column_inner][vc_column_inner width=&#8220;1\/3&#8243;][\/vc_column_inner][\/vc_row_inner][\/vc_column][\/vc_row][vc_row top_padding=&#8220;0&#8243; bottom_padding=&#8220;0&#8243; bg_position=&#8220;left top&#8220;][vc_column][vc_column_text] \u00a0 Allgemeine Hinweise Zielschluss f\u00fcr alle Inline-Skater und Longboarder ist 19.20 Uhr! Marathon-Skater welche am Kilometerpunkt\u00a0 30 sp\u00e4ter als 18.30 Uhr eintreffen (1:30 h nach dem Start), k\u00f6nnen aus verkehrstechnischen Gr\u00fcnden den Marathon leider nicht zu Ende fahren und werden ins Ziel geleitet. Sie bekommen trotzdem eine Medaillen. [\/vc_column_text][vc_column_text] Das Tragen eines Kopfschutzes (Helm) ist Pflicht.\u00a0 Weitere Schutzkleidung wird empfohlen, liegt jedoch im Ermessen der Sportler. [\/vc_column_text][vc_column_text] Die sichtbare Befestigung der Startnummer auf dem R\u00fccken ist Pflicht! Das Skaten findet auch bei Regen statt. Achtung, es kann keine Vollsperrung der Strecken garantiert werden! Es gibt leider immer wieder Verkehrsteilnehmer, welche die Absperrungen durchbrechen. Alle Teilnehmer m\u00fcssen die Verkehrsregeln einhalten und d\u00fcrfen sich und andere nicht gef\u00e4hrden! Keine Angst vor gro\u00dfer Hitze, wir sind auf gro\u00dfe Hitze vorbereitet und halten f\u00fcr Euch ausreichend Wasser auf den Strecken zur Erfrischung bereit. Bitte Trinkflaschen vor dem Start auff\u00fcllen. M\u00f6gliche etwas schwieriger zu passierende Streckenabschnitte werden jeweils 50m vorher durch Hinweisschilder gekennzeichnet. Finisher r\u00e4umen bitte sehr schnell f\u00fcr nachfolgende Skater die Stra\u00dfe. Teilnahme mit Skiroller nicht gestattet Skiroller sind bei uns nicht mehr zugelassen, da es bei \u00dcberholungen und \u00dcberrundungen immer wieder [&hellip;]\" \/>\n<meta property=\"og:url\" content=\"https:\/\/spreewaldmarathon.de\/wpswm\/skaten\/\" \/>\n<meta property=\"og:site_name\" content=\"SPREEWALDMARATHON\" \/>\n<meta property=\"article:publisher\" content=\"https:\/\/www.facebook.com\/SpreewaldMarathon\" \/>\n<meta property=\"article:modified_time\" content=\"2026-02-18T15:45:31+00:00\" \/>\n<meta name=\"twitter:card\" content=\"summary_large_image\" \/>\n<meta name=\"twitter:site\" content=\"@spreewaldmarath\" \/>\n<meta name=\"twitter:label1\" content=\"Gesch\u00e4tzte Lesezeit\" \/>\n\t<meta name=\"twitter:data1\" content=\"2\u00a0Minuten\" \/>\n<script type=\"application\/ld+json\" class=\"yoast-schema-graph\">{\"@context\":\"https:\/\/schema.org\",\"@graph\":[{\"@type\":\"WebPage\",\"@id\":\"https:\/\/spreewaldmarathon.de\/wpswm\/skaten\/\",\"url\":\"https:\/\/spreewaldmarathon.de\/wpswm\/skaten\/\",\"name\":\"Skaten | Longboard | Einrad | Tretroller - SPREEWALDMARATHON\",\"isPartOf\":{\"@id\":\"https:\/\/spreewaldmarathon.de\/wpswm\/#website\"},\"datePublished\":\"2020-11-13T16:12:21+00:00\",\"dateModified\":\"2026-02-18T15:45:31+00:00\",\"breadcrumb\":{\"@id\":\"https:\/\/spreewaldmarathon.de\/wpswm\/skaten\/#breadcrumb\"},\"inLanguage\":\"de\",\"potentialAction\":[{\"@type\":\"ReadAction\",\"target\":[\"https:\/\/spreewaldmarathon.de\/wpswm\/skaten\/\"]}]},{\"@type\":\"BreadcrumbList\",\"@id\":\"https:\/\/spreewaldmarathon.de\/wpswm\/skaten\/#breadcrumb\",\"itemListElement\":[{\"@type\":\"ListItem\",\"position\":1,\"name\":\"Home\",\"item\":\"https:\/\/spreewaldmarathon.de\/wpswm\/\"},{\"@type\":\"ListItem\",\"position\":2,\"name\":\"Skaten | Longboard | Einrad | Tretroller\"}]},{\"@type\":\"WebSite\",\"@id\":\"https:\/\/spreewaldmarathon.de\/wpswm\/#website\",\"url\":\"https:\/\/spreewaldmarathon.de\/wpswm\/\",\"name\":\"SPREEWALDMARATHON\",\"description\":\"Alles rund um den Spreewaldmarathon\",\"publisher\":{\"@id\":\"https:\/\/spreewaldmarathon.de\/wpswm\/#organization\"},\"potentialAction\":[{\"@type\":\"SearchAction\",\"target\":{\"@type\":\"EntryPoint\",\"urlTemplate\":\"https:\/\/spreewaldmarathon.de\/wpswm\/?s={search_term_string}\"},\"query-input\":{\"@type\":\"PropertyValueSpecification\",\"valueRequired\":true,\"valueName\":\"search_term_string\"}}],\"inLanguage\":\"de\"},{\"@type\":\"Organization\",\"@id\":\"https:\/\/spreewaldmarathon.de\/wpswm\/#organization\",\"name\":\"Lausitzer Sportevents e.V.\",\"url\":\"https:\/\/spreewaldmarathon.de\/wpswm\/\",\"logo\":{\"@type\":\"ImageObject\",\"inLanguage\":\"de\",\"@id\":\"https:\/\/spreewaldmarathon.de\/wpswm\/#\/schema\/logo\/image\/\",\"url\":\"https:\/\/spreewaldmarathon.de\/wpswm\/wp-content\/uploads\/2020\/06\/Banner_LSE-1.jpg\",\"contentUrl\":\"https:\/\/spreewaldmarathon.de\/wpswm\/wp-content\/uploads\/2020\/06\/Banner_LSE-1.jpg\",\"width\":2211,\"height\":624,\"caption\":\"Lausitzer Sportevents e.V.\"},\"image\":{\"@id\":\"https:\/\/spreewaldmarathon.de\/wpswm\/#\/schema\/logo\/image\/\"},\"sameAs\":[\"https:\/\/www.facebook.com\/SpreewaldMarathon\",\"https:\/\/x.com\/spreewaldmarath\",\"https:\/\/www.instagram.com\/spreewaldmarathon\",\"https:\/\/www.youtube.com\/results?search_query=spreewaldmarathon\",\"https:\/\/de.wikipedia.org\/wiki\/Spreewald-Marathon\"]}]}<\/script>\n<!-- \/ Yoast SEO plugin. -->","yoast_head_json":{"title":"Skaten | Longboard | Einrad | Tretroller - SPREEWALDMARATHON","robots":{"index":"index","follow":"follow","max-snippet":"max-snippet:-1","max-image-preview":"max-image-preview:large","max-video-preview":"max-video-preview:-1"},"canonical":"https:\/\/spreewaldmarathon.de\/wpswm\/skaten\/","og_locale":"de_DE","og_type":"article","og_title":"Skaten | Longboard | Einrad | Tretroller - SPREEWALDMARATHON","og_description":"[vc_row][vc_column width=&#8220;1\/1&#8243;][vc_row_inner][vc_column_inner width=&#8220;1\/3&#8243; css=&#8220;.vc_custom_1590692103229{padding: 1px !important;}&#8220;][\/vc_column_inner][vc_column_inner width=&#8220;1\/3&#8243;][\/vc_column_inner][vc_column_inner width=&#8220;1\/3&#8243;][\/vc_column_inner][\/vc_row_inner][\/vc_column][\/vc_row][vc_row top_padding=&#8220;0&#8243; bottom_padding=&#8220;0&#8243; bg_position=&#8220;left top&#8220;][vc_column][vc_column_text] \u00a0 Allgemeine Hinweise Zielschluss f\u00fcr alle Inline-Skater und Longboarder ist 19.20 Uhr! Marathon-Skater welche am Kilometerpunkt\u00a0 30 sp\u00e4ter als 18.30 Uhr eintreffen (1:30 h nach dem Start), k\u00f6nnen aus verkehrstechnischen Gr\u00fcnden den Marathon leider nicht zu Ende fahren und werden ins Ziel geleitet. Sie bekommen trotzdem eine Medaillen. [\/vc_column_text][vc_column_text] Das Tragen eines Kopfschutzes (Helm) ist Pflicht.\u00a0 Weitere Schutzkleidung wird empfohlen, liegt jedoch im Ermessen der Sportler. [\/vc_column_text][vc_column_text] Die sichtbare Befestigung der Startnummer auf dem R\u00fccken ist Pflicht! Das Skaten findet auch bei Regen statt. Achtung, es kann keine Vollsperrung der Strecken garantiert werden! Es gibt leider immer wieder Verkehrsteilnehmer, welche die Absperrungen durchbrechen. Alle Teilnehmer m\u00fcssen die Verkehrsregeln einhalten und d\u00fcrfen sich und andere nicht gef\u00e4hrden! Keine Angst vor gro\u00dfer Hitze, wir sind auf gro\u00dfe Hitze vorbereitet und halten f\u00fcr Euch ausreichend Wasser auf den Strecken zur Erfrischung bereit. Bitte Trinkflaschen vor dem Start auff\u00fcllen. M\u00f6gliche etwas schwieriger zu passierende Streckenabschnitte werden jeweils 50m vorher durch Hinweisschilder gekennzeichnet. Finisher r\u00e4umen bitte sehr schnell f\u00fcr nachfolgende Skater die Stra\u00dfe. Teilnahme mit Skiroller nicht gestattet Skiroller sind bei uns nicht mehr zugelassen, da es bei \u00dcberholungen und \u00dcberrundungen immer wieder [&hellip;]","og_url":"https:\/\/spreewaldmarathon.de\/wpswm\/skaten\/","og_site_name":"SPREEWALDMARATHON","article_publisher":"https:\/\/www.facebook.com\/SpreewaldMarathon","article_modified_time":"2026-02-18T15:45:31+00:00","twitter_card":"summary_large_image","twitter_site":"@spreewaldmarath","twitter_misc":{"Gesch\u00e4tzte Lesezeit":"2\u00a0Minuten"},"schema":{"@context":"https:\/\/schema.org","@graph":[{"@type":"WebPage","@id":"https:\/\/spreewaldmarathon.de\/wpswm\/skaten\/","url":"https:\/\/spreewaldmarathon.de\/wpswm\/skaten\/","name":"Skaten | Longboard | Einrad | Tretroller - SPREEWALDMARATHON","isPartOf":{"@id":"https:\/\/spreewaldmarathon.de\/wpswm\/#website"},"datePublished":"2020-11-13T16:12:21+00:00","dateModified":"2026-02-18T15:45:31+00:00","breadcrumb":{"@id":"https:\/\/spreewaldmarathon.de\/wpswm\/skaten\/#breadcrumb"},"inLanguage":"de","potentialAction":[{"@type":"ReadAction","target":["https:\/\/spreewaldmarathon.de\/wpswm\/skaten\/"]}]},{"@type":"BreadcrumbList","@id":"https:\/\/spreewaldmarathon.de\/wpswm\/skaten\/#breadcrumb","itemListElement":[{"@type":"ListItem","position":1,"name":"Home","item":"https:\/\/spreewaldmarathon.de\/wpswm\/"},{"@type":"ListItem","position":2,"name":"Skaten | Longboard | Einrad | Tretroller"}]},{"@type":"WebSite","@id":"https:\/\/spreewaldmarathon.de\/wpswm\/#website","url":"https:\/\/spreewaldmarathon.de\/wpswm\/","name":"SPREEWALDMARATHON","description":"Alles rund um den Spreewaldmarathon","publisher":{"@id":"https:\/\/spreewaldmarathon.de\/wpswm\/#organization"},"potentialAction":[{"@type":"SearchAction","target":{"@type":"EntryPoint","urlTemplate":"https:\/\/spreewaldmarathon.de\/wpswm\/?s={search_term_string}"},"query-input":{"@type":"PropertyValueSpecification","valueRequired":true,"valueName":"search_term_string"}}],"inLanguage":"de"},{"@type":"Organization","@id":"https:\/\/spreewaldmarathon.de\/wpswm\/#organization","name":"Lausitzer Sportevents e.V.","url":"https:\/\/spreewaldmarathon.de\/wpswm\/","logo":{"@type":"ImageObject","inLanguage":"de","@id":"https:\/\/spreewaldmarathon.de\/wpswm\/#\/schema\/logo\/image\/","url":"https:\/\/spreewaldmarathon.de\/wpswm\/wp-content\/uploads\/2020\/06\/Banner_LSE-1.jpg","contentUrl":"https:\/\/spreewaldmarathon.de\/wpswm\/wp-content\/uploads\/2020\/06\/Banner_LSE-1.jpg","width":2211,"height":624,"caption":"Lausitzer Sportevents e.V."},"image":{"@id":"https:\/\/spreewaldmarathon.de\/wpswm\/#\/schema\/logo\/image\/"},"sameAs":["https:\/\/www.facebook.com\/SpreewaldMarathon","https:\/\/x.com\/spreewaldmarath","https:\/\/www.instagram.com\/spreewaldmarathon","https:\/\/www.youtube.com\/results?search_query=spreewaldmarathon","https:\/\/de.wikipedia.org\/wiki\/Spreewald-Marathon"]}]}},"_links":{"self":[{"href":"https:\/\/spreewaldmarathon.de\/wpswm\/wp-json\/wp\/v2\/pages\/21443"}],"collection":[{"href":"https:\/\/spreewaldmarathon.de\/wpswm\/wp-json\/wp\/v2\/pages"}],"about":[{"href":"https:\/\/spreewaldmarathon.de\/wpswm\/wp-json\/wp\/v2\/types\/page"}],"author":[{"embeddable":true,"href":"https:\/\/spreewaldmarathon.de\/wpswm\/wp-json\/wp\/v2\/users\/1"}],"replies":[{"embeddable":true,"href":"https:\/\/spreewaldmarathon.de\/wpswm\/wp-json\/wp\/v2\/comments?post=21443"}],"version-history":[{"count":33,"href":"https:\/\/spreewaldmarathon.de\/wpswm\/wp-json\/wp\/v2\/pages\/21443\/revisions"}],"predecessor-version":[{"id":28682,"href":"https:\/\/spreewaldmarathon.de\/wpswm\/wp-json\/wp\/v2\/pages\/21443\/revisions\/28682"}],"wp:attachment":[{"href":"https:\/\/spreewaldmarathon.de\/wpswm\/wp-json\/wp\/v2\/media?parent=21443"}],"curies":[{"name":"wp","href":"https:\/\/api.w.org\/{rel}","templated":true}]}}