{"id":21391,"date":"2020-11-12T22:16:48","date_gmt":"2020-11-12T21:16:48","guid":{"rendered":"https:\/\/www.spreewaldmarathon.de\/wpswm\/?page_id=21391"},"modified":"2025-04-03T14:00:56","modified_gmt":"2025-04-03T13:00:56","slug":"run-bike","status":"publish","type":"page","link":"https:\/\/spreewaldmarathon.de\/wpswm\/run-bike\/","title":{"rendered":"Run &#038; Bike"},"content":{"rendered":"<div class=\"wpb-content-wrapper\"><p>[vc_row][vc_column width=&#8220;1\/1&#8243;][vc_row_inner][vc_column_inner width=&#8220;1\/4&#8243; css=&#8220;.vc_custom_1590692103229{padding: 1px !important;}&#8220;]<div class=\"minti_boxedholder   clearfix\" style=\"padding: 0px 0px 0px 0px; margin: 0px 0px 10px 0px; \">[vc_column_text]<\/p>\n<h1 style=\"text-align: center;\">Sonntag<br \/>\n<em>Burg<\/em><\/h1>\n<p>[\/vc_column_text]<a href=\"https:\/\/spreewaldmarathon.de\/wpswm\/42-195-km-marathon\/\" target=\"_self\" class=\"button color-3 full \" style=\"border-radius: 0px;\">42,195 km Run &amp; Bike Marathon<\/a><\/div>[\/vc_column_inner][vc_column_inner width=&#8220;1\/4&#8243;]<div class=\"minti_boxedholder   clearfix\" style=\"padding: 0px 0px 0px 0px; margin: 0px 0px 10px 0px; \"><\/div>[\/vc_column_inner][vc_column_inner width=&#8220;1\/4&#8243;]<div class=\"minti_boxedholder   clearfix\" style=\"padding: 0px 0px 0px 0px; margin: 0px 0px 10px 0px; \"><\/div>[\/vc_column_inner][vc_column_inner width=&#8220;1\/4&#8243;]<div class=\"minti_boxedholder   clearfix\" style=\"padding: 0px 0px 0px 0px; margin: 0px 0px 10px 0px; \"><\/div>[\/vc_column_inner][\/vc_row_inner]<div class=\"spacer\" style=\"height: 40px;\"><\/div>[\/vc_column][\/vc_row][vc_row top_padding=&#8220;0&#8243; bottom_padding=&#8220;0&#8243; bg_position=&#8220;left top&#8220;][vc_column][vc_column_text]<\/p>\n<h3><i class=\"fa fa-info minti-icon\" style=\"color:#ff0000 !important; font-size: 20px; margin: 0px 0px 0px 0px\"><\/i>\u00a0 Allgemeine <strong>Hinweise<\/strong><\/h3>\n<ul>\n<li><span style=\"color: #ff0000;\"><strong>Die sichtbare Befestigung der Startnummer auf der Brust ist Pflicht!<\/strong><\/span><\/li>\n<li><span class=\"rot1\">Achtung, es kann keine Vollsperrung der Strecken garantiert werden!<br \/>\nEs gibt leider immer wieder Verkehrsteilnehmer, welche die Absperrungen durchbrechen.<\/span><\/li>\n<li>Alle Teilnehmer m\u00fcssen die Verkehrsregeln einhalten und d\u00fcrfen sich und andere nicht gef\u00e4hrden!<\/li>\n<li>Keine Angst vor gro\u00dfer Hitze, wir sind auf gro\u00dfe Hitze vorbereitet und halten f\u00fcr Euch ausreichend Wasser auf den Strecken zur Erfrischung bereit.<\/li>\n<li>Bitte Trinkflaschen vor dem Start auff\u00fcllen.<\/li>\n<\/ul>\n<p>[\/vc_column_text][\/vc_column][\/vc_row][vc_row][vc_column width=&#8220;1\/1&#8243;]<div class=\"spacer\" style=\"height: 20px;\"><\/div>[vc_column_text]<\/p>\n<h2>Reglement Run &amp; Bike<\/h2>\n<ul>\n<li>eine Team-Disziplin, die es erm\u00f6glicht, die Strecke zu zweit und sowohl zu Fu\u00df als auch per Rad zu absolvieren.<\/li>\n<li>Teilnahme nur f\u00fcr 2er-Teams in den Mannschaftsarten (Kategorien) M\u00e4nner, Frauen, Mix, Familie<\/li>\n<li>Teilnehmen darf jeder der gesundheitlich fit ist und sich die Strecke zutraut.<\/li>\n<li>Je Team hat ein eigenes verkehrssicheres Fahrrad mitzubringen.<\/li>\n<li>Zu jedem Zeitpunkt muss mindestens ein Teammitglied laufen\/rennen, der Partner f\u00e4hrt in dieser Zeit Rad (Rennr\u00e4der sind m\u00f6glich)<\/li>\n<li>E-Bikes sind jedoch ausgeschlossen.<\/li>\n<li>Im Fall einer Panne k\u00f6nnen beide Teammitglieder den Wettbewerb laufend fortsetzen.<\/li>\n<li>Bei Verletzung oder Panne wird empfohlen, dies dem n\u00e4chsten oder dem letzten passierten Streckenposten mitzuteilen.<\/li>\n<li>Die gleichzeitige Fahrt auf dem Fahrrad ist untersagt und f\u00fchrt zur Disqualifikation.<\/li>\n<li>Beide Partner k\u00f6nnen sich beliebig oft abwechseln.<\/li>\n<li>Zus\u00e4tzliche Radbegleitungen sind nicht zugelassen.<\/li>\n<li>Zum schnellen Ver\u00e4ndern der Sattelh\u00f6he empfehlen wir die Ausr\u00fcstung des Rades mit einen Schnellspanner.<\/li>\n<li>Die Teammitglieder m\u00fcssen immer beieinanderbleiben.<\/li>\n<li>Der maximal zul\u00e4ssige Abstand betr\u00e4gt 20 Meter (Ausnahme ist eine Radpanne, WC).<\/li>\n<li>Beide Teammitglieder folgen w\u00e4hrend des gesamten Wettbewerbes dem gleichen Kurs.<\/li>\n<li>Das Team (L\u00e4ufer\/Radler) darf die ausgewiesene Strecke nicht verlassen oder abk\u00fcrzen.<\/li>\n<li>Wechsel m\u00fcssen durch <strong>direkte \u00dcbergabe des Fahrrades erfolgen<\/strong>.<\/li>\n<li>Das Voranfahren und Abstellen des Rades ist nicht zul\u00e4ssig.<\/li>\n<li>Das Ziel muss gemeinsam durchquert werden (bei einer Radpanne ggf. auch beide laufend oder schiebend ), wobei die Zeit des hinteren Teammitglieds gewertet wird.<\/li>\n<li>Auf die anderen Teams, Passanten und Freizeitsportler, sowie die auf der gleichen Strecke laufenden Marathonl\u00e4ufer ist R\u00fccksicht zu nehmen.<\/li>\n<li>Behinderungen anderer Mannschaften oder der L\u00e4ufer des gleichzeitig stattfindenden Marathonlaufes, sind zu vermeiden und k\u00f6nnen zur Disqualifikation f\u00fchren.<\/li>\n<li>Das Tragen eines Sturzhelms ist freiwillig.<\/li>\n<li>Die Regeln der StVO sind einzuhalten, keine Vollsperrung der Strecke (es ist mit touristischen Radlern, Skatern oder PKW auf der Strecke \u2013 auch im Gegenverkehr zu rechnen).<\/li>\n<li>Jedes Team gibt sich einen Namen. Die Teams melden sich bitte mit dem gleichen Teamnamen an. Zum Beispiel: Ford-Autohaus Kamenz Team 1.<\/li>\n<li>Mit der Anmeldung zum Run &amp; Bike Team-Marathon wird der Haftungsausschluss des Veranstalters f\u00fcr Sch\u00e4den jeglicher Art anerkannt (siehe AGB).<\/li>\n<li>Bei Unwetter erfolgt evtl. eine Startverschiebung, eine Streckenk\u00fcrzung oder eine Absage\/Abbruch des Wettkampfes (siehe AGB).<\/li>\n<li>Die Teilnehmer sind damit einverstanden, dass von ihnen gemachte Fotos, Filme und Videoaufnahmen ohne Verg\u00fctungsanspruch ver\u00f6ffentlicht werden k\u00f6nnen (siehe AGB).<\/li>\n<li>Zwangswechsel sind keine vorgesehen, da das Durchlaufen der gesamten Strecke nicht als Vorteil angesehen wird.<\/li>\n<\/ul>\n<p>[\/vc_column_text][\/vc_column][\/vc_row][vc_row][vc_column width=&#8220;1\/1&#8243;]<div class=\"spacer\" style=\"height: 20px;\"><\/div>[vc_column_text]<\/p>\n<h2><strong>Wertungsklassen:\u00a0<\/strong><\/h2>\n<p>M\u00e4nner, Frauen, Mix, Familien[\/vc_column_text][\/vc_column][\/vc_row][vc_row][vc_column width=&#8220;1\/1&#8243;]<div class=\"spacer\" style=\"height: 40px;\"><\/div>[vc_column_text]<\/p>\n<h2>Auszeichnungen<\/h2>\n<p><strong>42,195 km Run &amp; Bike Marathon<br \/>\n<\/strong>Jeder Teilnehmer erh\u00e4lt im Ziel eine <span style=\"color: #ffcc00;\"><strong>goldene<\/strong><\/span> Gurkenmedaille und eine Urkunde mit seiner Platzierung in der Gesamt- und Altersklassenwertung.<br \/>\nIn allen Wertungsklassen erh\u00e4lt jedes auf Platz 1 bis 3 platzierte Team zwei Pokale. Insgesamt werden 24 Pokale vergeben.[\/vc_column_text][\/vc_column][\/vc_row]<\/p>\n<\/div>","protected":false},"excerpt":{"rendered":"<p>[vc_row][vc_column width=&#8220;1\/1&#8243;][vc_row_inner][vc_column_inner width=&#8220;1\/4&#8243; css=&#8220;.vc_custom_1590692103229{padding: 1px !important;}&#8220;][\/vc_column_inner][vc_column_inner width=&#8220;1\/4&#8243;][\/vc_column_inner][vc_column_inner width=&#8220;1\/4&#8243;][\/vc_column_inner][vc_column_inner width=&#8220;1\/4&#8243;][\/vc_column_inner][\/vc_row_inner][\/vc_column][\/vc_row][vc_row top_padding=&#8220;0&#8243; bottom_padding=&#8220;0&#8243; bg_position=&#8220;left top&#8220;][vc_column][vc_column_text] \u00a0 Allgemeine Hinweise Die sichtbare Befestigung der Startnummer auf der Brust ist Pflicht! Achtung, es kann keine Vollsperrung der Strecken garantiert werden! Es gibt leider immer wieder Verkehrsteilnehmer, welche die Absperrungen durchbrechen. Alle Teilnehmer m\u00fcssen die Verkehrsregeln einhalten und d\u00fcrfen sich und andere nicht gef\u00e4hrden! Keine Angst vor gro\u00dfer Hitze, wir sind auf gro\u00dfe Hitze vorbereitet und halten f\u00fcr Euch ausreichend Wasser auf den Strecken zur Erfrischung bereit. Bitte Trinkflaschen vor dem Start auff\u00fcllen. [\/vc_column_text][\/vc_column][\/vc_row][vc_row][vc_column width=&#8220;1\/1&#8243;][vc_column_text] Reglement Run &amp; Bike eine Team-Disziplin, die es erm\u00f6glicht, die Strecke zu zweit und sowohl zu Fu\u00df als auch per Rad zu absolvieren. Teilnahme nur f\u00fcr 2er-Teams in den Mannschaftsarten (Kategorien) M\u00e4nner, Frauen, Mix, Familie Teilnehmen darf jeder der gesundheitlich fit ist und sich die Strecke zutraut. Je Team hat ein eigenes verkehrssicheres Fahrrad mitzubringen. Zu jedem Zeitpunkt muss mindestens ein Teammitglied laufen\/rennen, der Partner f\u00e4hrt in dieser Zeit Rad (Rennr\u00e4der sind m\u00f6glich) E-Bikes sind jedoch ausgeschlossen. Im Fall einer Panne k\u00f6nnen beide Teammitglieder den Wettbewerb laufend fortsetzen. Bei Verletzung oder Panne wird empfohlen, dies dem n\u00e4chsten oder dem letzten passierten Streckenposten mitzuteilen. Die gleichzeitige Fahrt auf dem Fahrrad ist untersagt [&hellip;]<\/p>\n","protected":false},"author":1,"featured_media":0,"parent":0,"menu_order":0,"comment_status":"closed","ping_status":"closed","template":"","meta":{"footnotes":""},"class_list":["post-21391","page","type-page","status-publish","hentry"],"yoast_head":"<!-- This site is optimized with the Yoast SEO plugin v25.6 - https:\/\/yoast.com\/wordpress\/plugins\/seo\/ -->\n<title>Run &amp; Bike - SPREEWALDMARATHON<\/title>\n<meta name=\"robots\" content=\"index, follow, max-snippet:-1, max-image-preview:large, max-video-preview:-1\" \/>\n<link rel=\"canonical\" href=\"https:\/\/spreewaldmarathon.de\/wpswm\/run-bike\/\" \/>\n<meta property=\"og:locale\" content=\"de_DE\" \/>\n<meta property=\"og:type\" content=\"article\" \/>\n<meta property=\"og:title\" content=\"Run &amp; Bike - SPREEWALDMARATHON\" \/>\n<meta property=\"og:description\" content=\"[vc_row][vc_column width=&#8220;1\/1&#8243;][vc_row_inner][vc_column_inner width=&#8220;1\/4&#8243; css=&#8220;.vc_custom_1590692103229{padding: 1px !important;}&#8220;][\/vc_column_inner][vc_column_inner width=&#8220;1\/4&#8243;][\/vc_column_inner][vc_column_inner width=&#8220;1\/4&#8243;][\/vc_column_inner][vc_column_inner width=&#8220;1\/4&#8243;][\/vc_column_inner][\/vc_row_inner][\/vc_column][\/vc_row][vc_row top_padding=&#8220;0&#8243; bottom_padding=&#8220;0&#8243; bg_position=&#8220;left top&#8220;][vc_column][vc_column_text] \u00a0 Allgemeine Hinweise Die sichtbare Befestigung der Startnummer auf der Brust ist Pflicht! Achtung, es kann keine Vollsperrung der Strecken garantiert werden! Es gibt leider immer wieder Verkehrsteilnehmer, welche die Absperrungen durchbrechen. Alle Teilnehmer m\u00fcssen die Verkehrsregeln einhalten und d\u00fcrfen sich und andere nicht gef\u00e4hrden! Keine Angst vor gro\u00dfer Hitze, wir sind auf gro\u00dfe Hitze vorbereitet und halten f\u00fcr Euch ausreichend Wasser auf den Strecken zur Erfrischung bereit. Bitte Trinkflaschen vor dem Start auff\u00fcllen. [\/vc_column_text][\/vc_column][\/vc_row][vc_row][vc_column width=&#8220;1\/1&#8243;][vc_column_text] Reglement Run &amp; Bike eine Team-Disziplin, die es erm\u00f6glicht, die Strecke zu zweit und sowohl zu Fu\u00df als auch per Rad zu absolvieren. Teilnahme nur f\u00fcr 2er-Teams in den Mannschaftsarten (Kategorien) M\u00e4nner, Frauen, Mix, Familie Teilnehmen darf jeder der gesundheitlich fit ist und sich die Strecke zutraut. Je Team hat ein eigenes verkehrssicheres Fahrrad mitzubringen. Zu jedem Zeitpunkt muss mindestens ein Teammitglied laufen\/rennen, der Partner f\u00e4hrt in dieser Zeit Rad (Rennr\u00e4der sind m\u00f6glich) E-Bikes sind jedoch ausgeschlossen. Im Fall einer Panne k\u00f6nnen beide Teammitglieder den Wettbewerb laufend fortsetzen. Bei Verletzung oder Panne wird empfohlen, dies dem n\u00e4chsten oder dem letzten passierten Streckenposten mitzuteilen. Die gleichzeitige Fahrt auf dem Fahrrad ist untersagt [&hellip;]\" \/>\n<meta property=\"og:url\" content=\"https:\/\/spreewaldmarathon.de\/wpswm\/run-bike\/\" \/>\n<meta property=\"og:site_name\" content=\"SPREEWALDMARATHON\" \/>\n<meta property=\"article:publisher\" content=\"https:\/\/www.facebook.com\/SpreewaldMarathon\" \/>\n<meta property=\"article:modified_time\" content=\"2025-04-03T13:00:56+00:00\" \/>\n<meta name=\"twitter:card\" content=\"summary_large_image\" \/>\n<meta name=\"twitter:site\" content=\"@spreewaldmarath\" \/>\n<meta name=\"twitter:label1\" content=\"Gesch\u00e4tzte Lesezeit\" \/>\n\t<meta name=\"twitter:data1\" content=\"4\u00a0Minuten\" \/>\n<script type=\"application\/ld+json\" class=\"yoast-schema-graph\">{\"@context\":\"https:\/\/schema.org\",\"@graph\":[{\"@type\":\"WebPage\",\"@id\":\"https:\/\/spreewaldmarathon.de\/wpswm\/run-bike\/\",\"url\":\"https:\/\/spreewaldmarathon.de\/wpswm\/run-bike\/\",\"name\":\"Run & Bike - SPREEWALDMARATHON\",\"isPartOf\":{\"@id\":\"https:\/\/spreewaldmarathon.de\/wpswm\/#website\"},\"datePublished\":\"2020-11-12T21:16:48+00:00\",\"dateModified\":\"2025-04-03T13:00:56+00:00\",\"breadcrumb\":{\"@id\":\"https:\/\/spreewaldmarathon.de\/wpswm\/run-bike\/#breadcrumb\"},\"inLanguage\":\"de\",\"potentialAction\":[{\"@type\":\"ReadAction\",\"target\":[\"https:\/\/spreewaldmarathon.de\/wpswm\/run-bike\/\"]}]},{\"@type\":\"BreadcrumbList\",\"@id\":\"https:\/\/spreewaldmarathon.de\/wpswm\/run-bike\/#breadcrumb\",\"itemListElement\":[{\"@type\":\"ListItem\",\"position\":1,\"name\":\"Home\",\"item\":\"https:\/\/spreewaldmarathon.de\/wpswm\/\"},{\"@type\":\"ListItem\",\"position\":2,\"name\":\"Run &#038; Bike\"}]},{\"@type\":\"WebSite\",\"@id\":\"https:\/\/spreewaldmarathon.de\/wpswm\/#website\",\"url\":\"https:\/\/spreewaldmarathon.de\/wpswm\/\",\"name\":\"SPREEWALDMARATHON\",\"description\":\"Alles rund um den Spreewaldmarathon\",\"publisher\":{\"@id\":\"https:\/\/spreewaldmarathon.de\/wpswm\/#organization\"},\"potentialAction\":[{\"@type\":\"SearchAction\",\"target\":{\"@type\":\"EntryPoint\",\"urlTemplate\":\"https:\/\/spreewaldmarathon.de\/wpswm\/?s={search_term_string}\"},\"query-input\":{\"@type\":\"PropertyValueSpecification\",\"valueRequired\":true,\"valueName\":\"search_term_string\"}}],\"inLanguage\":\"de\"},{\"@type\":\"Organization\",\"@id\":\"https:\/\/spreewaldmarathon.de\/wpswm\/#organization\",\"name\":\"Lausitzer Sportevents e.V.\",\"url\":\"https:\/\/spreewaldmarathon.de\/wpswm\/\",\"logo\":{\"@type\":\"ImageObject\",\"inLanguage\":\"de\",\"@id\":\"https:\/\/spreewaldmarathon.de\/wpswm\/#\/schema\/logo\/image\/\",\"url\":\"https:\/\/spreewaldmarathon.de\/wpswm\/wp-content\/uploads\/2020\/06\/Banner_LSE-1.jpg\",\"contentUrl\":\"https:\/\/spreewaldmarathon.de\/wpswm\/wp-content\/uploads\/2020\/06\/Banner_LSE-1.jpg\",\"width\":2211,\"height\":624,\"caption\":\"Lausitzer Sportevents e.V.\"},\"image\":{\"@id\":\"https:\/\/spreewaldmarathon.de\/wpswm\/#\/schema\/logo\/image\/\"},\"sameAs\":[\"https:\/\/www.facebook.com\/SpreewaldMarathon\",\"https:\/\/x.com\/spreewaldmarath\",\"https:\/\/www.instagram.com\/spreewaldmarathon\",\"https:\/\/www.youtube.com\/results?search_query=spreewaldmarathon\",\"https:\/\/de.wikipedia.org\/wiki\/Spreewald-Marathon\"]}]}<\/script>\n<!-- \/ Yoast SEO plugin. -->","yoast_head_json":{"title":"Run & Bike - SPREEWALDMARATHON","robots":{"index":"index","follow":"follow","max-snippet":"max-snippet:-1","max-image-preview":"max-image-preview:large","max-video-preview":"max-video-preview:-1"},"canonical":"https:\/\/spreewaldmarathon.de\/wpswm\/run-bike\/","og_locale":"de_DE","og_type":"article","og_title":"Run & Bike - SPREEWALDMARATHON","og_description":"[vc_row][vc_column width=&#8220;1\/1&#8243;][vc_row_inner][vc_column_inner width=&#8220;1\/4&#8243; css=&#8220;.vc_custom_1590692103229{padding: 1px !important;}&#8220;][\/vc_column_inner][vc_column_inner width=&#8220;1\/4&#8243;][\/vc_column_inner][vc_column_inner width=&#8220;1\/4&#8243;][\/vc_column_inner][vc_column_inner width=&#8220;1\/4&#8243;][\/vc_column_inner][\/vc_row_inner][\/vc_column][\/vc_row][vc_row top_padding=&#8220;0&#8243; bottom_padding=&#8220;0&#8243; bg_position=&#8220;left top&#8220;][vc_column][vc_column_text] \u00a0 Allgemeine Hinweise Die sichtbare Befestigung der Startnummer auf der Brust ist Pflicht! Achtung, es kann keine Vollsperrung der Strecken garantiert werden! Es gibt leider immer wieder Verkehrsteilnehmer, welche die Absperrungen durchbrechen. Alle Teilnehmer m\u00fcssen die Verkehrsregeln einhalten und d\u00fcrfen sich und andere nicht gef\u00e4hrden! Keine Angst vor gro\u00dfer Hitze, wir sind auf gro\u00dfe Hitze vorbereitet und halten f\u00fcr Euch ausreichend Wasser auf den Strecken zur Erfrischung bereit. Bitte Trinkflaschen vor dem Start auff\u00fcllen. [\/vc_column_text][\/vc_column][\/vc_row][vc_row][vc_column width=&#8220;1\/1&#8243;][vc_column_text] Reglement Run &amp; Bike eine Team-Disziplin, die es erm\u00f6glicht, die Strecke zu zweit und sowohl zu Fu\u00df als auch per Rad zu absolvieren. Teilnahme nur f\u00fcr 2er-Teams in den Mannschaftsarten (Kategorien) M\u00e4nner, Frauen, Mix, Familie Teilnehmen darf jeder der gesundheitlich fit ist und sich die Strecke zutraut. Je Team hat ein eigenes verkehrssicheres Fahrrad mitzubringen. Zu jedem Zeitpunkt muss mindestens ein Teammitglied laufen\/rennen, der Partner f\u00e4hrt in dieser Zeit Rad (Rennr\u00e4der sind m\u00f6glich) E-Bikes sind jedoch ausgeschlossen. Im Fall einer Panne k\u00f6nnen beide Teammitglieder den Wettbewerb laufend fortsetzen. Bei Verletzung oder Panne wird empfohlen, dies dem n\u00e4chsten oder dem letzten passierten Streckenposten mitzuteilen. Die gleichzeitige Fahrt auf dem Fahrrad ist untersagt [&hellip;]","og_url":"https:\/\/spreewaldmarathon.de\/wpswm\/run-bike\/","og_site_name":"SPREEWALDMARATHON","article_publisher":"https:\/\/www.facebook.com\/SpreewaldMarathon","article_modified_time":"2025-04-03T13:00:56+00:00","twitter_card":"summary_large_image","twitter_site":"@spreewaldmarath","twitter_misc":{"Gesch\u00e4tzte Lesezeit":"4\u00a0Minuten"},"schema":{"@context":"https:\/\/schema.org","@graph":[{"@type":"WebPage","@id":"https:\/\/spreewaldmarathon.de\/wpswm\/run-bike\/","url":"https:\/\/spreewaldmarathon.de\/wpswm\/run-bike\/","name":"Run & Bike - SPREEWALDMARATHON","isPartOf":{"@id":"https:\/\/spreewaldmarathon.de\/wpswm\/#website"},"datePublished":"2020-11-12T21:16:48+00:00","dateModified":"2025-04-03T13:00:56+00:00","breadcrumb":{"@id":"https:\/\/spreewaldmarathon.de\/wpswm\/run-bike\/#breadcrumb"},"inLanguage":"de","potentialAction":[{"@type":"ReadAction","target":["https:\/\/spreewaldmarathon.de\/wpswm\/run-bike\/"]}]},{"@type":"BreadcrumbList","@id":"https:\/\/spreewaldmarathon.de\/wpswm\/run-bike\/#breadcrumb","itemListElement":[{"@type":"ListItem","position":1,"name":"Home","item":"https:\/\/spreewaldmarathon.de\/wpswm\/"},{"@type":"ListItem","position":2,"name":"Run &#038; Bike"}]},{"@type":"WebSite","@id":"https:\/\/spreewaldmarathon.de\/wpswm\/#website","url":"https:\/\/spreewaldmarathon.de\/wpswm\/","name":"SPREEWALDMARATHON","description":"Alles rund um den Spreewaldmarathon","publisher":{"@id":"https:\/\/spreewaldmarathon.de\/wpswm\/#organization"},"potentialAction":[{"@type":"SearchAction","target":{"@type":"EntryPoint","urlTemplate":"https:\/\/spreewaldmarathon.de\/wpswm\/?s={search_term_string}"},"query-input":{"@type":"PropertyValueSpecification","valueRequired":true,"valueName":"search_term_string"}}],"inLanguage":"de"},{"@type":"Organization","@id":"https:\/\/spreewaldmarathon.de\/wpswm\/#organization","name":"Lausitzer Sportevents e.V.","url":"https:\/\/spreewaldmarathon.de\/wpswm\/","logo":{"@type":"ImageObject","inLanguage":"de","@id":"https:\/\/spreewaldmarathon.de\/wpswm\/#\/schema\/logo\/image\/","url":"https:\/\/spreewaldmarathon.de\/wpswm\/wp-content\/uploads\/2020\/06\/Banner_LSE-1.jpg","contentUrl":"https:\/\/spreewaldmarathon.de\/wpswm\/wp-content\/uploads\/2020\/06\/Banner_LSE-1.jpg","width":2211,"height":624,"caption":"Lausitzer Sportevents e.V."},"image":{"@id":"https:\/\/spreewaldmarathon.de\/wpswm\/#\/schema\/logo\/image\/"},"sameAs":["https:\/\/www.facebook.com\/SpreewaldMarathon","https:\/\/x.com\/spreewaldmarath","https:\/\/www.instagram.com\/spreewaldmarathon","https:\/\/www.youtube.com\/results?search_query=spreewaldmarathon","https:\/\/de.wikipedia.org\/wiki\/Spreewald-Marathon"]}]}},"_links":{"self":[{"href":"https:\/\/spreewaldmarathon.de\/wpswm\/wp-json\/wp\/v2\/pages\/21391"}],"collection":[{"href":"https:\/\/spreewaldmarathon.de\/wpswm\/wp-json\/wp\/v2\/pages"}],"about":[{"href":"https:\/\/spreewaldmarathon.de\/wpswm\/wp-json\/wp\/v2\/types\/page"}],"author":[{"embeddable":true,"href":"https:\/\/spreewaldmarathon.de\/wpswm\/wp-json\/wp\/v2\/users\/1"}],"replies":[{"embeddable":true,"href":"https:\/\/spreewaldmarathon.de\/wpswm\/wp-json\/wp\/v2\/comments?post=21391"}],"version-history":[{"count":31,"href":"https:\/\/spreewaldmarathon.de\/wpswm\/wp-json\/wp\/v2\/pages\/21391\/revisions"}],"predecessor-version":[{"id":27797,"href":"https:\/\/spreewaldmarathon.de\/wpswm\/wp-json\/wp\/v2\/pages\/21391\/revisions\/27797"}],"wp:attachment":[{"href":"https:\/\/spreewaldmarathon.de\/wpswm\/wp-json\/wp\/v2\/media?parent=21391"}],"curies":[{"name":"wp","href":"https:\/\/api.w.org\/{rel}","templated":true}]}}