{"id":21366,"date":"2020-11-12T21:11:07","date_gmt":"2020-11-12T20:11:07","guid":{"rendered":"https:\/\/www.spreewaldmarathon.de\/wpswm\/?page_id=21366"},"modified":"2026-03-14T13:51:55","modified_gmt":"2026-03-14T12:51:55","slug":"wandlken","status":"publish","type":"page","link":"https:\/\/spreewaldmarathon.de\/wpswm\/wandlken\/","title":{"rendered":"Wandern"},"content":{"rendered":"<div class=\"wpb-content-wrapper\"><p>[vc_row top_padding=&#8220;10px 10px 10px 10px&#8220; bottom_padding=&#8220;10px 10px 10px 10px&#8220;][vc_column width=&#8220;1\/1&#8243;][vc_row_inner][vc_column_inner width=&#8220;1\/4&#8243; css=&#8220;.vc_custom_1590692103229{padding: 1px !important;}&#8220;]<div class=\"minti_boxedholder   clearfix\" style=\"padding: 0px 0px 0px 0px; margin: 0px 0px 10px 0px; \">[vc_column_text]<\/p>\n<h1 style=\"text-align: center;\">Donnerstag<br \/>\n<i>Goyatz<\/i><\/h1>\n<p>[\/vc_column_text]<\/div><a href=\"\" target=\"_self\" class=\"button custom full \" style=\"background-color: #177f00; border-color: #177f00;border-radius: 0px;\">Goyatz 5 km Abendwanderung und 30 Minuten Schifffahrt, mit Suppe und Abendbrot.<\/a>[\/vc_column_inner][vc_column_inner width=&#8220;1\/4&#8243;][\/vc_column_inner][vc_column_inner width=&#8220;1\/4&#8243;][\/vc_column_inner][vc_column_inner width=&#8220;1\/4&#8243;][\/vc_column_inner][\/vc_row_inner]<div class=\"spacer\" style=\"height: 10px;\"><\/div>[\/vc_column][\/vc_row][vc_row][vc_column width=&#8220;1\/1&#8243;][vc_row_inner][vc_column_inner width=&#8220;1\/4&#8243; css=&#8220;.vc_custom_1590692103229{padding: 1px !important;}&#8220;]<div class=\"minti_boxedholder   clearfix\" style=\"padding: 0px 0px 0px 0px; margin: 0px 0px 10px 0px; \">[vc_column_text]<\/p>\n<h1 style=\"text-align: center;\">Freitag<br \/>\n<i>L\u00fcbbenau<\/i><\/h1>\n<p>[\/vc_column_text]<\/div><a href=\"\" target=\"_self\" class=\"button custom full \" style=\"background-color: #177f00; border-color: #177f00;border-radius: 0px;\">5 km Nachtwanderung<\/a><div class=\"spacer\" style=\"height: 10px;\"><\/div><a href=\"\" target=\"_self\" class=\"button custom full \" style=\"background-color: #177f00; border-color: #177f00;border-radius: 0px;\">7 km Spreewald-Wanderung zum Gasthaus Wotschofska<\/a><div class=\"single_image wpb_content_element align-left    \" data-animation=\"none\" data-delay=\"0\"><a href=\"https:\/\/spreewaldmarathon.de\/wpswm\/wp-content\/uploads\/A5-SM-2025-Programm-Inklusionslauf.jpg\" target=\"_self\"><\/a><\/div><div class=\"minti_boxedholder   clearfix\" style=\"padding: 0px 0px 0px 0px; margin: 0px 0px 0px 0px; \">[vc_column_text]<\/p>\n<h1 style=\"text-align: center;\">Freitag<br \/>\n<i>Burg<\/i><\/h1>\n<p>[\/vc_column_text]<\/div><a href=\"\" target=\"_self\" class=\"button custom full \" style=\"background-color: #177f00; border-color: #177f00;border-radius: 0px;\">6 km Sagenwanderung<\/a>[\/vc_column_inner][vc_column_inner width=&#8220;1\/4&#8243;]<div class=\"minti_boxedholder   clearfix\" style=\"padding: 0px 0px 0px 0px; margin: 0px 0px 10px 0px; \">[vc_column_text]<\/p>\n<h1 style=\"text-align: center;\">Samstag<br \/>\n<em>L\u00fcbbenau<\/em><\/h1>\n<p>[\/vc_column_text]<\/div><a href=\"\" target=\"_self\" class=\"button custom full \" style=\"background-color: #177f00; border-color: #177f00;border-radius: 0px;\">7 km Spreewald-Wanderung zum Gasthaus Wotschofska<\/a>[\/vc_column_inner][vc_column_inner width=&#8220;1\/4&#8243;]<div class=\"minti_boxedholder   clearfix\" style=\"padding: 0px 0px 0px 0px; margin: 0px 0px 10px 0px; \">[vc_column_text]<\/p>\n<h1 style=\"text-align: center;\">Samstag<br \/>\n<em>Burg<\/em><\/h1>\n<p>[\/vc_column_text]<\/div><a href=\"\" target=\"_self\" class=\"button custom full \" style=\"background-color: #177f00; border-color: #177f00;border-radius: 0px;\">5 km Burger Nachtwanderung<\/a>[\/vc_column_inner][vc_column_inner width=&#8220;1\/4&#8243;]<div class=\"minti_boxedholder   clearfix\" style=\"padding: 0px 0px 0px 0px; margin: 0px 0px 10px 0px; \">[vc_column_text]<\/p>\n<h1 style=\"text-align: center;\">Sonntag<br \/>\n<em>Straupitz<\/em><\/h1>\n<p>[\/vc_column_text]<\/div><a href=\"\" target=\"_self\" class=\"button custom full \" style=\"background-color: #177f00; border-color: #177f00;border-radius: 0px;\">12 km Straupitzer Wanderung<\/a><div class=\"spacer\" style=\"height: 10px;\"><\/div><a href=\"\" target=\"_self\" class=\"button custom full \" style=\"background-color: #177f00; border-color: #177f00;border-radius: 0px;\">21,1 km Halbmarathon-Wanderung<\/a>[\/vc_column_inner][\/vc_row_inner]<div class=\"spacer\" style=\"height: 40px;\"><\/div>[\/vc_column][\/vc_row][vc_row top_padding=&#8220;0&#8243; bottom_padding=&#8220;0&#8243; bg_position=&#8220;left top&#8220;][vc_column]<div class=\"spacer\" style=\"height: 10px;\"><\/div>[vc_column_text]<\/p>\n<h3><i class=\"fa fa-info minti-icon\" style=\"color:#ff0000 !important; font-size: 20px; margin: 0px 0px 0px 0px\"><\/i>\u00a0 Allgemeine <strong>Hinweise<\/strong><\/h3>\n<ul>\n<li><span style=\"color: #ff0000;\"><strong>Das sichtbare Befestigung der Startnummer auf der Brust ist Pflicht!<\/strong><\/span><\/li>\n<li><span class=\"rot1\">Achtung, keine Vollsperrung der Strecken!<\/span><\/li>\n<li>Alle Teilnehmer m\u00fcssen die Verkehrsregeln einhalten und d\u00fcrfen sich und andere nicht gef\u00e4hrden!<\/li>\n<li>Keine Angst vor gro\u00dfer Hitze, wir sind auf gro\u00dfe Hitze vorbereitet und halten f\u00fcr Euch ausreichend Wasser auf den Strecken zur Erfrischung bereit.<\/li>\n<li><span style=\"color: #ff0000;\"><strong>Zielschluss Sonntag 14.30 Uhr<\/strong><\/span><\/li>\n<\/ul>\n<p>[\/vc_column_text][\/vc_column][\/vc_row]<\/p>\n<\/div>","protected":false},"excerpt":{"rendered":"<p>[vc_row top_padding=&#8220;10px 10px 10px 10px&#8220; bottom_padding=&#8220;10px 10px 10px 10px&#8220;][vc_column width=&#8220;1\/1&#8243;][vc_row_inner][vc_column_inner width=&#8220;1\/4&#8243; css=&#8220;.vc_custom_1590692103229{padding: 1px !important;}&#8220;][\/vc_column_inner][vc_column_inner width=&#8220;1\/4&#8243;][\/vc_column_inner][vc_column_inner width=&#8220;1\/4&#8243;][\/vc_column_inner][vc_column_inner width=&#8220;1\/4&#8243;][\/vc_column_inner][\/vc_row_inner][\/vc_column][\/vc_row][vc_row][vc_column width=&#8220;1\/1&#8243;][vc_row_inner][vc_column_inner width=&#8220;1\/4&#8243; css=&#8220;.vc_custom_1590692103229{padding: 1px !important;}&#8220;][\/vc_column_inner][vc_column_inner width=&#8220;1\/4&#8243;][\/vc_column_inner][vc_column_inner width=&#8220;1\/4&#8243;][\/vc_column_inner][vc_column_inner width=&#8220;1\/4&#8243;][\/vc_column_inner][\/vc_row_inner][\/vc_column][\/vc_row][vc_row top_padding=&#8220;0&#8243; bottom_padding=&#8220;0&#8243; bg_position=&#8220;left top&#8220;][vc_column][vc_column_text] \u00a0 Allgemeine Hinweise Das sichtbare Befestigung der Startnummer auf der Brust ist Pflicht! Achtung, keine Vollsperrung der Strecken! Alle Teilnehmer m\u00fcssen die Verkehrsregeln einhalten und d\u00fcrfen sich und andere nicht gef\u00e4hrden! Keine Angst vor gro\u00dfer Hitze, wir sind auf gro\u00dfe Hitze vorbereitet und halten f\u00fcr Euch ausreichend Wasser auf den Strecken zur Erfrischung bereit. Zielschluss Sonntag 14.30 Uhr [\/vc_column_text][\/vc_column][\/vc_row]<\/p>\n","protected":false},"author":1,"featured_media":0,"parent":0,"menu_order":0,"comment_status":"closed","ping_status":"closed","template":"","meta":{"footnotes":""},"class_list":["post-21366","page","type-page","status-publish","hentry"],"yoast_head":"<!-- This site is optimized with the Yoast SEO plugin v25.6 - https:\/\/yoast.com\/wordpress\/plugins\/seo\/ -->\n<title>Wandern - SPREEWALDMARATHON<\/title>\n<meta name=\"robots\" content=\"index, follow, max-snippet:-1, max-image-preview:large, max-video-preview:-1\" \/>\n<link rel=\"canonical\" href=\"https:\/\/spreewaldmarathon.de\/wpswm\/wandlken\/\" \/>\n<meta property=\"og:locale\" content=\"de_DE\" \/>\n<meta property=\"og:type\" content=\"article\" \/>\n<meta property=\"og:title\" content=\"Wandern - SPREEWALDMARATHON\" \/>\n<meta property=\"og:description\" content=\"[vc_row top_padding=&#8220;10px 10px 10px 10px&#8220; bottom_padding=&#8220;10px 10px 10px 10px&#8220;][vc_column width=&#8220;1\/1&#8243;][vc_row_inner][vc_column_inner width=&#8220;1\/4&#8243; css=&#8220;.vc_custom_1590692103229{padding: 1px !important;}&#8220;][\/vc_column_inner][vc_column_inner width=&#8220;1\/4&#8243;][\/vc_column_inner][vc_column_inner width=&#8220;1\/4&#8243;][\/vc_column_inner][vc_column_inner width=&#8220;1\/4&#8243;][\/vc_column_inner][\/vc_row_inner][\/vc_column][\/vc_row][vc_row][vc_column width=&#8220;1\/1&#8243;][vc_row_inner][vc_column_inner width=&#8220;1\/4&#8243; css=&#8220;.vc_custom_1590692103229{padding: 1px !important;}&#8220;][\/vc_column_inner][vc_column_inner width=&#8220;1\/4&#8243;][\/vc_column_inner][vc_column_inner width=&#8220;1\/4&#8243;][\/vc_column_inner][vc_column_inner width=&#8220;1\/4&#8243;][\/vc_column_inner][\/vc_row_inner][\/vc_column][\/vc_row][vc_row top_padding=&#8220;0&#8243; bottom_padding=&#8220;0&#8243; bg_position=&#8220;left top&#8220;][vc_column][vc_column_text] \u00a0 Allgemeine Hinweise Das sichtbare Befestigung der Startnummer auf der Brust ist Pflicht! Achtung, keine Vollsperrung der Strecken! Alle Teilnehmer m\u00fcssen die Verkehrsregeln einhalten und d\u00fcrfen sich und andere nicht gef\u00e4hrden! Keine Angst vor gro\u00dfer Hitze, wir sind auf gro\u00dfe Hitze vorbereitet und halten f\u00fcr Euch ausreichend Wasser auf den Strecken zur Erfrischung bereit. Zielschluss Sonntag 14.30 Uhr [\/vc_column_text][\/vc_column][\/vc_row]\" \/>\n<meta property=\"og:url\" content=\"https:\/\/spreewaldmarathon.de\/wpswm\/wandlken\/\" \/>\n<meta property=\"og:site_name\" content=\"SPREEWALDMARATHON\" \/>\n<meta property=\"article:publisher\" content=\"https:\/\/www.facebook.com\/SpreewaldMarathon\" \/>\n<meta property=\"article:modified_time\" content=\"2026-03-14T12:51:55+00:00\" \/>\n<meta name=\"twitter:card\" content=\"summary_large_image\" \/>\n<meta name=\"twitter:site\" content=\"@spreewaldmarath\" \/>\n<meta name=\"twitter:label1\" content=\"Gesch\u00e4tzte Lesezeit\" \/>\n\t<meta name=\"twitter:data1\" content=\"2\u00a0Minuten\" \/>\n<script type=\"application\/ld+json\" class=\"yoast-schema-graph\">{\"@context\":\"https:\/\/schema.org\",\"@graph\":[{\"@type\":\"WebPage\",\"@id\":\"https:\/\/spreewaldmarathon.de\/wpswm\/wandlken\/\",\"url\":\"https:\/\/spreewaldmarathon.de\/wpswm\/wandlken\/\",\"name\":\"Wandern - SPREEWALDMARATHON\",\"isPartOf\":{\"@id\":\"https:\/\/spreewaldmarathon.de\/wpswm\/#website\"},\"datePublished\":\"2020-11-12T20:11:07+00:00\",\"dateModified\":\"2026-03-14T12:51:55+00:00\",\"breadcrumb\":{\"@id\":\"https:\/\/spreewaldmarathon.de\/wpswm\/wandlken\/#breadcrumb\"},\"inLanguage\":\"de\",\"potentialAction\":[{\"@type\":\"ReadAction\",\"target\":[\"https:\/\/spreewaldmarathon.de\/wpswm\/wandlken\/\"]}]},{\"@type\":\"BreadcrumbList\",\"@id\":\"https:\/\/spreewaldmarathon.de\/wpswm\/wandlken\/#breadcrumb\",\"itemListElement\":[{\"@type\":\"ListItem\",\"position\":1,\"name\":\"Home\",\"item\":\"https:\/\/spreewaldmarathon.de\/wpswm\/\"},{\"@type\":\"ListItem\",\"position\":2,\"name\":\"Wandern\"}]},{\"@type\":\"WebSite\",\"@id\":\"https:\/\/spreewaldmarathon.de\/wpswm\/#website\",\"url\":\"https:\/\/spreewaldmarathon.de\/wpswm\/\",\"name\":\"SPREEWALDMARATHON\",\"description\":\"Alles rund um den Spreewaldmarathon\",\"publisher\":{\"@id\":\"https:\/\/spreewaldmarathon.de\/wpswm\/#organization\"},\"potentialAction\":[{\"@type\":\"SearchAction\",\"target\":{\"@type\":\"EntryPoint\",\"urlTemplate\":\"https:\/\/spreewaldmarathon.de\/wpswm\/?s={search_term_string}\"},\"query-input\":{\"@type\":\"PropertyValueSpecification\",\"valueRequired\":true,\"valueName\":\"search_term_string\"}}],\"inLanguage\":\"de\"},{\"@type\":\"Organization\",\"@id\":\"https:\/\/spreewaldmarathon.de\/wpswm\/#organization\",\"name\":\"Lausitzer Sportevents e.V.\",\"url\":\"https:\/\/spreewaldmarathon.de\/wpswm\/\",\"logo\":{\"@type\":\"ImageObject\",\"inLanguage\":\"de\",\"@id\":\"https:\/\/spreewaldmarathon.de\/wpswm\/#\/schema\/logo\/image\/\",\"url\":\"https:\/\/spreewaldmarathon.de\/wpswm\/wp-content\/uploads\/2020\/06\/Banner_LSE-1.jpg\",\"contentUrl\":\"https:\/\/spreewaldmarathon.de\/wpswm\/wp-content\/uploads\/2020\/06\/Banner_LSE-1.jpg\",\"width\":2211,\"height\":624,\"caption\":\"Lausitzer Sportevents e.V.\"},\"image\":{\"@id\":\"https:\/\/spreewaldmarathon.de\/wpswm\/#\/schema\/logo\/image\/\"},\"sameAs\":[\"https:\/\/www.facebook.com\/SpreewaldMarathon\",\"https:\/\/x.com\/spreewaldmarath\",\"https:\/\/www.instagram.com\/spreewaldmarathon\",\"https:\/\/www.youtube.com\/results?search_query=spreewaldmarathon\",\"https:\/\/de.wikipedia.org\/wiki\/Spreewald-Marathon\"]}]}<\/script>\n<!-- \/ Yoast SEO plugin. -->","yoast_head_json":{"title":"Wandern - SPREEWALDMARATHON","robots":{"index":"index","follow":"follow","max-snippet":"max-snippet:-1","max-image-preview":"max-image-preview:large","max-video-preview":"max-video-preview:-1"},"canonical":"https:\/\/spreewaldmarathon.de\/wpswm\/wandlken\/","og_locale":"de_DE","og_type":"article","og_title":"Wandern - SPREEWALDMARATHON","og_description":"[vc_row top_padding=&#8220;10px 10px 10px 10px&#8220; bottom_padding=&#8220;10px 10px 10px 10px&#8220;][vc_column width=&#8220;1\/1&#8243;][vc_row_inner][vc_column_inner width=&#8220;1\/4&#8243; css=&#8220;.vc_custom_1590692103229{padding: 1px !important;}&#8220;][\/vc_column_inner][vc_column_inner width=&#8220;1\/4&#8243;][\/vc_column_inner][vc_column_inner width=&#8220;1\/4&#8243;][\/vc_column_inner][vc_column_inner width=&#8220;1\/4&#8243;][\/vc_column_inner][\/vc_row_inner][\/vc_column][\/vc_row][vc_row][vc_column width=&#8220;1\/1&#8243;][vc_row_inner][vc_column_inner width=&#8220;1\/4&#8243; css=&#8220;.vc_custom_1590692103229{padding: 1px !important;}&#8220;][\/vc_column_inner][vc_column_inner width=&#8220;1\/4&#8243;][\/vc_column_inner][vc_column_inner width=&#8220;1\/4&#8243;][\/vc_column_inner][vc_column_inner width=&#8220;1\/4&#8243;][\/vc_column_inner][\/vc_row_inner][\/vc_column][\/vc_row][vc_row top_padding=&#8220;0&#8243; bottom_padding=&#8220;0&#8243; bg_position=&#8220;left top&#8220;][vc_column][vc_column_text] \u00a0 Allgemeine Hinweise Das sichtbare Befestigung der Startnummer auf der Brust ist Pflicht! Achtung, keine Vollsperrung der Strecken! Alle Teilnehmer m\u00fcssen die Verkehrsregeln einhalten und d\u00fcrfen sich und andere nicht gef\u00e4hrden! Keine Angst vor gro\u00dfer Hitze, wir sind auf gro\u00dfe Hitze vorbereitet und halten f\u00fcr Euch ausreichend Wasser auf den Strecken zur Erfrischung bereit. Zielschluss Sonntag 14.30 Uhr [\/vc_column_text][\/vc_column][\/vc_row]","og_url":"https:\/\/spreewaldmarathon.de\/wpswm\/wandlken\/","og_site_name":"SPREEWALDMARATHON","article_publisher":"https:\/\/www.facebook.com\/SpreewaldMarathon","article_modified_time":"2026-03-14T12:51:55+00:00","twitter_card":"summary_large_image","twitter_site":"@spreewaldmarath","twitter_misc":{"Gesch\u00e4tzte Lesezeit":"2\u00a0Minuten"},"schema":{"@context":"https:\/\/schema.org","@graph":[{"@type":"WebPage","@id":"https:\/\/spreewaldmarathon.de\/wpswm\/wandlken\/","url":"https:\/\/spreewaldmarathon.de\/wpswm\/wandlken\/","name":"Wandern - SPREEWALDMARATHON","isPartOf":{"@id":"https:\/\/spreewaldmarathon.de\/wpswm\/#website"},"datePublished":"2020-11-12T20:11:07+00:00","dateModified":"2026-03-14T12:51:55+00:00","breadcrumb":{"@id":"https:\/\/spreewaldmarathon.de\/wpswm\/wandlken\/#breadcrumb"},"inLanguage":"de","potentialAction":[{"@type":"ReadAction","target":["https:\/\/spreewaldmarathon.de\/wpswm\/wandlken\/"]}]},{"@type":"BreadcrumbList","@id":"https:\/\/spreewaldmarathon.de\/wpswm\/wandlken\/#breadcrumb","itemListElement":[{"@type":"ListItem","position":1,"name":"Home","item":"https:\/\/spreewaldmarathon.de\/wpswm\/"},{"@type":"ListItem","position":2,"name":"Wandern"}]},{"@type":"WebSite","@id":"https:\/\/spreewaldmarathon.de\/wpswm\/#website","url":"https:\/\/spreewaldmarathon.de\/wpswm\/","name":"SPREEWALDMARATHON","description":"Alles rund um den Spreewaldmarathon","publisher":{"@id":"https:\/\/spreewaldmarathon.de\/wpswm\/#organization"},"potentialAction":[{"@type":"SearchAction","target":{"@type":"EntryPoint","urlTemplate":"https:\/\/spreewaldmarathon.de\/wpswm\/?s={search_term_string}"},"query-input":{"@type":"PropertyValueSpecification","valueRequired":true,"valueName":"search_term_string"}}],"inLanguage":"de"},{"@type":"Organization","@id":"https:\/\/spreewaldmarathon.de\/wpswm\/#organization","name":"Lausitzer Sportevents e.V.","url":"https:\/\/spreewaldmarathon.de\/wpswm\/","logo":{"@type":"ImageObject","inLanguage":"de","@id":"https:\/\/spreewaldmarathon.de\/wpswm\/#\/schema\/logo\/image\/","url":"https:\/\/spreewaldmarathon.de\/wpswm\/wp-content\/uploads\/2020\/06\/Banner_LSE-1.jpg","contentUrl":"https:\/\/spreewaldmarathon.de\/wpswm\/wp-content\/uploads\/2020\/06\/Banner_LSE-1.jpg","width":2211,"height":624,"caption":"Lausitzer Sportevents e.V."},"image":{"@id":"https:\/\/spreewaldmarathon.de\/wpswm\/#\/schema\/logo\/image\/"},"sameAs":["https:\/\/www.facebook.com\/SpreewaldMarathon","https:\/\/x.com\/spreewaldmarath","https:\/\/www.instagram.com\/spreewaldmarathon","https:\/\/www.youtube.com\/results?search_query=spreewaldmarathon","https:\/\/de.wikipedia.org\/wiki\/Spreewald-Marathon"]}]}},"_links":{"self":[{"href":"https:\/\/spreewaldmarathon.de\/wpswm\/wp-json\/wp\/v2\/pages\/21366"}],"collection":[{"href":"https:\/\/spreewaldmarathon.de\/wpswm\/wp-json\/wp\/v2\/pages"}],"about":[{"href":"https:\/\/spreewaldmarathon.de\/wpswm\/wp-json\/wp\/v2\/types\/page"}],"author":[{"embeddable":true,"href":"https:\/\/spreewaldmarathon.de\/wpswm\/wp-json\/wp\/v2\/users\/1"}],"replies":[{"embeddable":true,"href":"https:\/\/spreewaldmarathon.de\/wpswm\/wp-json\/wp\/v2\/comments?post=21366"}],"version-history":[{"count":43,"href":"https:\/\/spreewaldmarathon.de\/wpswm\/wp-json\/wp\/v2\/pages\/21366\/revisions"}],"predecessor-version":[{"id":28738,"href":"https:\/\/spreewaldmarathon.de\/wpswm\/wp-json\/wp\/v2\/pages\/21366\/revisions\/28738"}],"wp:attachment":[{"href":"https:\/\/spreewaldmarathon.de\/wpswm\/wp-json\/wp\/v2\/media?parent=21366"}],"curies":[{"name":"wp","href":"https:\/\/api.w.org\/{rel}","templated":true}]}}