{"id":21356,"date":"2020-11-12T20:56:20","date_gmt":"2020-11-12T19:56:20","guid":{"rendered":"https:\/\/www.spreewaldmarathon.de\/wpswm\/?page_id=21356"},"modified":"2020-12-20T22:16:50","modified_gmt":"2020-12-20T21:16:50","slug":"20-km-spreewald-wanderung","status":"publish","type":"page","link":"https:\/\/spreewaldmarathon.de\/wpswm\/20-km-spreewald-wanderung\/","title":{"rendered":"20 km Spreewald-Wanderung mit Kahnfahrt"},"content":{"rendered":"<div class=\"wpb-content-wrapper\"><p>[vc_row][vc_column]<div class=\"single_image wpb_content_element align-center  image_box_border  \" data-animation=\"none\" data-delay=\"0\"><a href=\"https:\/\/spreewaldmarathon.de\/wpswm\/wp-content\/uploads\/streckenverlauf-spreewaldmarathon-20km-wanderung.jpg\" target=\"_blank\"><img loading=\"lazy\" decoding=\"async\" width=\"1600\" height=\"749\" src=\"https:\/\/spreewaldmarathon.de\/wpswm\/wp-content\/uploads\/streckenverlauf-spreewaldmarathon-20km-wanderung.jpg\" class=\"attachment-full\" alt=\"\" title=\"streckenverlauf-spreewaldmarathon-20km-wanderung\" srcset=\"https:\/\/spreewaldmarathon.de\/wpswm\/wp-content\/uploads\/streckenverlauf-spreewaldmarathon-20km-wanderung.jpg 1600w, https:\/\/spreewaldmarathon.de\/wpswm\/wp-content\/uploads\/streckenverlauf-spreewaldmarathon-20km-wanderung-300x140.jpg 300w, https:\/\/spreewaldmarathon.de\/wpswm\/wp-content\/uploads\/streckenverlauf-spreewaldmarathon-20km-wanderung-1024x479.jpg 1024w, https:\/\/spreewaldmarathon.de\/wpswm\/wp-content\/uploads\/streckenverlauf-spreewaldmarathon-20km-wanderung-768x360.jpg 768w, https:\/\/spreewaldmarathon.de\/wpswm\/wp-content\/uploads\/streckenverlauf-spreewaldmarathon-20km-wanderung-1536x719.jpg 1536w\" sizes=\"(max-width: 1600px) 100vw, 1600px\" \/><\/a><\/div>[vc_column_text]Start und Ziel der ca. 20 km lange Wanderung ist der Marktplatz in L\u00fcbbenau. Die Strecke f\u00fchrt vorbei am Hafen, Schloss und Orangerie L\u00fcbbenau, \u00fcber das Spreewalddorf Lehde nach Leipe. Dubkowm\u00fchle und Radduscher Buschm\u00fchle sind die n\u00e4chsten Ziele. Entlang des S\u00fcdumfluter bringt uns der Weg zum Hafen in Boblitz. Dort bringen K\u00e4hne die Teilnehmer zum Hafen L\u00fcbbenau.[\/vc_column_text]<div class=\"single_image wpb_content_element align-center  image_box_border  \" data-animation=\"none\" data-delay=\"0\"><a href=\"https:\/\/spreewaldmarathon.de\/wpswm\/wp-content\/uploads\/Verpflegungspunkt-Radduscher-Buschmuehle.jpg\" target=\"_self\"><img loading=\"lazy\" decoding=\"async\" width=\"2048\" height=\"1352\" src=\"https:\/\/spreewaldmarathon.de\/wpswm\/wp-content\/uploads\/Verpflegungspunkt-Radduscher-Buschmuehle.jpg\" class=\"attachment-full\" alt=\"\" title=\"Verpflegungspunkt-Radduscher-Buschm\u00fchle\" srcset=\"https:\/\/spreewaldmarathon.de\/wpswm\/wp-content\/uploads\/Verpflegungspunkt-Radduscher-Buschmuehle.jpg 2048w, https:\/\/spreewaldmarathon.de\/wpswm\/wp-content\/uploads\/Verpflegungspunkt-Radduscher-Buschmuehle-300x198.jpg 300w, https:\/\/spreewaldmarathon.de\/wpswm\/wp-content\/uploads\/Verpflegungspunkt-Radduscher-Buschmuehle-1024x676.jpg 1024w, https:\/\/spreewaldmarathon.de\/wpswm\/wp-content\/uploads\/Verpflegungspunkt-Radduscher-Buschmuehle-768x507.jpg 768w, https:\/\/spreewaldmarathon.de\/wpswm\/wp-content\/uploads\/Verpflegungspunkt-Radduscher-Buschmuehle-1536x1014.jpg 1536w\" sizes=\"(max-width: 2048px) 100vw, 2048px\" \/><\/a><\/div>[vc_column_text]<\/p>\n<p style=\"text-align: center;\">Bild: Wander-Verpflegungspunkt Radduscher Buschm\u00fchler<br \/>\nFoto: Peter Becker<\/p>\n<p>[\/vc_column_text][\/vc_column][\/vc_row]<\/p>\n<\/div>","protected":false},"excerpt":{"rendered":"<p>[vc_row][vc_column][vc_column_text]Start und Ziel der ca. 20 km lange Wanderung ist der Marktplatz in L\u00fcbbenau. Die Strecke f\u00fchrt vorbei am Hafen, Schloss und Orangerie L\u00fcbbenau, \u00fcber das Spreewalddorf Lehde nach Leipe. Dubkowm\u00fchle und Radduscher Buschm\u00fchle sind die n\u00e4chsten Ziele. Entlang des S\u00fcdumfluter bringt uns der Weg zum Hafen in Boblitz. Dort bringen K\u00e4hne die Teilnehmer zum Hafen L\u00fcbbenau.[\/vc_column_text][vc_column_text] Bild: Wander-Verpflegungspunkt Radduscher Buschm\u00fchler Foto: Peter Becker [\/vc_column_text][\/vc_column][\/vc_row]<\/p>\n","protected":false},"author":1,"featured_media":0,"parent":0,"menu_order":0,"comment_status":"closed","ping_status":"closed","template":"","meta":{"footnotes":""},"class_list":["post-21356","page","type-page","status-publish","hentry"],"yoast_head":"<!-- This site is optimized with the Yoast SEO plugin v25.6 - https:\/\/yoast.com\/wordpress\/plugins\/seo\/ -->\n<title>20 km Spreewald-Wanderung mit Kahnfahrt - SPREEWALDMARATHON<\/title>\n<meta name=\"robots\" content=\"index, follow, max-snippet:-1, max-image-preview:large, max-video-preview:-1\" \/>\n<link rel=\"canonical\" href=\"https:\/\/spreewaldmarathon.de\/wpswm\/20-km-spreewald-wanderung\/\" \/>\n<meta property=\"og:locale\" content=\"de_DE\" \/>\n<meta property=\"og:type\" content=\"article\" \/>\n<meta property=\"og:title\" content=\"20 km Spreewald-Wanderung mit Kahnfahrt - SPREEWALDMARATHON\" \/>\n<meta property=\"og:description\" content=\"[vc_row][vc_column][vc_column_text]Start und Ziel der ca. 20 km lange Wanderung ist der Marktplatz in L\u00fcbbenau. Die Strecke f\u00fchrt vorbei am Hafen, Schloss und Orangerie L\u00fcbbenau, \u00fcber das Spreewalddorf Lehde nach Leipe. Dubkowm\u00fchle und Radduscher Buschm\u00fchle sind die n\u00e4chsten Ziele. Entlang des S\u00fcdumfluter bringt uns der Weg zum Hafen in Boblitz. Dort bringen K\u00e4hne die Teilnehmer zum Hafen L\u00fcbbenau.[\/vc_column_text][vc_column_text] Bild: Wander-Verpflegungspunkt Radduscher Buschm\u00fchler Foto: Peter Becker [\/vc_column_text][\/vc_column][\/vc_row]\" \/>\n<meta property=\"og:url\" content=\"https:\/\/spreewaldmarathon.de\/wpswm\/20-km-spreewald-wanderung\/\" \/>\n<meta property=\"og:site_name\" content=\"SPREEWALDMARATHON\" \/>\n<meta property=\"article:publisher\" content=\"https:\/\/www.facebook.com\/SpreewaldMarathon\" \/>\n<meta property=\"article:modified_time\" content=\"2020-12-20T21:16:50+00:00\" \/>\n<meta name=\"twitter:card\" content=\"summary_large_image\" \/>\n<meta name=\"twitter:site\" content=\"@spreewaldmarath\" \/>\n<meta name=\"twitter:label1\" content=\"Gesch\u00e4tzte Lesezeit\" \/>\n\t<meta name=\"twitter:data1\" content=\"1\u00a0Minute\" \/>\n<script type=\"application\/ld+json\" class=\"yoast-schema-graph\">{\"@context\":\"https:\/\/schema.org\",\"@graph\":[{\"@type\":\"WebPage\",\"@id\":\"https:\/\/spreewaldmarathon.de\/wpswm\/20-km-spreewald-wanderung\/\",\"url\":\"https:\/\/spreewaldmarathon.de\/wpswm\/20-km-spreewald-wanderung\/\",\"name\":\"20 km Spreewald-Wanderung mit Kahnfahrt - SPREEWALDMARATHON\",\"isPartOf\":{\"@id\":\"https:\/\/spreewaldmarathon.de\/wpswm\/#website\"},\"datePublished\":\"2020-11-12T19:56:20+00:00\",\"dateModified\":\"2020-12-20T21:16:50+00:00\",\"breadcrumb\":{\"@id\":\"https:\/\/spreewaldmarathon.de\/wpswm\/20-km-spreewald-wanderung\/#breadcrumb\"},\"inLanguage\":\"de\",\"potentialAction\":[{\"@type\":\"ReadAction\",\"target\":[\"https:\/\/spreewaldmarathon.de\/wpswm\/20-km-spreewald-wanderung\/\"]}]},{\"@type\":\"BreadcrumbList\",\"@id\":\"https:\/\/spreewaldmarathon.de\/wpswm\/20-km-spreewald-wanderung\/#breadcrumb\",\"itemListElement\":[{\"@type\":\"ListItem\",\"position\":1,\"name\":\"Home\",\"item\":\"https:\/\/spreewaldmarathon.de\/wpswm\/\"},{\"@type\":\"ListItem\",\"position\":2,\"name\":\"20 km Spreewald-Wanderung mit Kahnfahrt\"}]},{\"@type\":\"WebSite\",\"@id\":\"https:\/\/spreewaldmarathon.de\/wpswm\/#website\",\"url\":\"https:\/\/spreewaldmarathon.de\/wpswm\/\",\"name\":\"SPREEWALDMARATHON\",\"description\":\"Alles rund um den Spreewaldmarathon\",\"publisher\":{\"@id\":\"https:\/\/spreewaldmarathon.de\/wpswm\/#organization\"},\"potentialAction\":[{\"@type\":\"SearchAction\",\"target\":{\"@type\":\"EntryPoint\",\"urlTemplate\":\"https:\/\/spreewaldmarathon.de\/wpswm\/?s={search_term_string}\"},\"query-input\":{\"@type\":\"PropertyValueSpecification\",\"valueRequired\":true,\"valueName\":\"search_term_string\"}}],\"inLanguage\":\"de\"},{\"@type\":\"Organization\",\"@id\":\"https:\/\/spreewaldmarathon.de\/wpswm\/#organization\",\"name\":\"Lausitzer Sportevents e.V.\",\"url\":\"https:\/\/spreewaldmarathon.de\/wpswm\/\",\"logo\":{\"@type\":\"ImageObject\",\"inLanguage\":\"de\",\"@id\":\"https:\/\/spreewaldmarathon.de\/wpswm\/#\/schema\/logo\/image\/\",\"url\":\"https:\/\/spreewaldmarathon.de\/wpswm\/wp-content\/uploads\/2020\/06\/Banner_LSE-1.jpg\",\"contentUrl\":\"https:\/\/spreewaldmarathon.de\/wpswm\/wp-content\/uploads\/2020\/06\/Banner_LSE-1.jpg\",\"width\":2211,\"height\":624,\"caption\":\"Lausitzer Sportevents e.V.\"},\"image\":{\"@id\":\"https:\/\/spreewaldmarathon.de\/wpswm\/#\/schema\/logo\/image\/\"},\"sameAs\":[\"https:\/\/www.facebook.com\/SpreewaldMarathon\",\"https:\/\/x.com\/spreewaldmarath\",\"https:\/\/www.instagram.com\/spreewaldmarathon\",\"https:\/\/www.youtube.com\/results?search_query=spreewaldmarathon\",\"https:\/\/de.wikipedia.org\/wiki\/Spreewald-Marathon\"]}]}<\/script>\n<!-- \/ Yoast SEO plugin. -->","yoast_head_json":{"title":"20 km Spreewald-Wanderung mit Kahnfahrt - SPREEWALDMARATHON","robots":{"index":"index","follow":"follow","max-snippet":"max-snippet:-1","max-image-preview":"max-image-preview:large","max-video-preview":"max-video-preview:-1"},"canonical":"https:\/\/spreewaldmarathon.de\/wpswm\/20-km-spreewald-wanderung\/","og_locale":"de_DE","og_type":"article","og_title":"20 km Spreewald-Wanderung mit Kahnfahrt - SPREEWALDMARATHON","og_description":"[vc_row][vc_column][vc_column_text]Start und Ziel der ca. 20 km lange Wanderung ist der Marktplatz in L\u00fcbbenau. Die Strecke f\u00fchrt vorbei am Hafen, Schloss und Orangerie L\u00fcbbenau, \u00fcber das Spreewalddorf Lehde nach Leipe. Dubkowm\u00fchle und Radduscher Buschm\u00fchle sind die n\u00e4chsten Ziele. Entlang des S\u00fcdumfluter bringt uns der Weg zum Hafen in Boblitz. Dort bringen K\u00e4hne die Teilnehmer zum Hafen L\u00fcbbenau.[\/vc_column_text][vc_column_text] Bild: Wander-Verpflegungspunkt Radduscher Buschm\u00fchler Foto: Peter Becker [\/vc_column_text][\/vc_column][\/vc_row]","og_url":"https:\/\/spreewaldmarathon.de\/wpswm\/20-km-spreewald-wanderung\/","og_site_name":"SPREEWALDMARATHON","article_publisher":"https:\/\/www.facebook.com\/SpreewaldMarathon","article_modified_time":"2020-12-20T21:16:50+00:00","twitter_card":"summary_large_image","twitter_site":"@spreewaldmarath","twitter_misc":{"Gesch\u00e4tzte Lesezeit":"1\u00a0Minute"},"schema":{"@context":"https:\/\/schema.org","@graph":[{"@type":"WebPage","@id":"https:\/\/spreewaldmarathon.de\/wpswm\/20-km-spreewald-wanderung\/","url":"https:\/\/spreewaldmarathon.de\/wpswm\/20-km-spreewald-wanderung\/","name":"20 km Spreewald-Wanderung mit Kahnfahrt - SPREEWALDMARATHON","isPartOf":{"@id":"https:\/\/spreewaldmarathon.de\/wpswm\/#website"},"datePublished":"2020-11-12T19:56:20+00:00","dateModified":"2020-12-20T21:16:50+00:00","breadcrumb":{"@id":"https:\/\/spreewaldmarathon.de\/wpswm\/20-km-spreewald-wanderung\/#breadcrumb"},"inLanguage":"de","potentialAction":[{"@type":"ReadAction","target":["https:\/\/spreewaldmarathon.de\/wpswm\/20-km-spreewald-wanderung\/"]}]},{"@type":"BreadcrumbList","@id":"https:\/\/spreewaldmarathon.de\/wpswm\/20-km-spreewald-wanderung\/#breadcrumb","itemListElement":[{"@type":"ListItem","position":1,"name":"Home","item":"https:\/\/spreewaldmarathon.de\/wpswm\/"},{"@type":"ListItem","position":2,"name":"20 km Spreewald-Wanderung mit Kahnfahrt"}]},{"@type":"WebSite","@id":"https:\/\/spreewaldmarathon.de\/wpswm\/#website","url":"https:\/\/spreewaldmarathon.de\/wpswm\/","name":"SPREEWALDMARATHON","description":"Alles rund um den Spreewaldmarathon","publisher":{"@id":"https:\/\/spreewaldmarathon.de\/wpswm\/#organization"},"potentialAction":[{"@type":"SearchAction","target":{"@type":"EntryPoint","urlTemplate":"https:\/\/spreewaldmarathon.de\/wpswm\/?s={search_term_string}"},"query-input":{"@type":"PropertyValueSpecification","valueRequired":true,"valueName":"search_term_string"}}],"inLanguage":"de"},{"@type":"Organization","@id":"https:\/\/spreewaldmarathon.de\/wpswm\/#organization","name":"Lausitzer Sportevents e.V.","url":"https:\/\/spreewaldmarathon.de\/wpswm\/","logo":{"@type":"ImageObject","inLanguage":"de","@id":"https:\/\/spreewaldmarathon.de\/wpswm\/#\/schema\/logo\/image\/","url":"https:\/\/spreewaldmarathon.de\/wpswm\/wp-content\/uploads\/2020\/06\/Banner_LSE-1.jpg","contentUrl":"https:\/\/spreewaldmarathon.de\/wpswm\/wp-content\/uploads\/2020\/06\/Banner_LSE-1.jpg","width":2211,"height":624,"caption":"Lausitzer Sportevents e.V."},"image":{"@id":"https:\/\/spreewaldmarathon.de\/wpswm\/#\/schema\/logo\/image\/"},"sameAs":["https:\/\/www.facebook.com\/SpreewaldMarathon","https:\/\/x.com\/spreewaldmarath","https:\/\/www.instagram.com\/spreewaldmarathon","https:\/\/www.youtube.com\/results?search_query=spreewaldmarathon","https:\/\/de.wikipedia.org\/wiki\/Spreewald-Marathon"]}]}},"_links":{"self":[{"href":"https:\/\/spreewaldmarathon.de\/wpswm\/wp-json\/wp\/v2\/pages\/21356"}],"collection":[{"href":"https:\/\/spreewaldmarathon.de\/wpswm\/wp-json\/wp\/v2\/pages"}],"about":[{"href":"https:\/\/spreewaldmarathon.de\/wpswm\/wp-json\/wp\/v2\/types\/page"}],"author":[{"embeddable":true,"href":"https:\/\/spreewaldmarathon.de\/wpswm\/wp-json\/wp\/v2\/users\/1"}],"replies":[{"embeddable":true,"href":"https:\/\/spreewaldmarathon.de\/wpswm\/wp-json\/wp\/v2\/comments?post=21356"}],"version-history":[{"count":7,"href":"https:\/\/spreewaldmarathon.de\/wpswm\/wp-json\/wp\/v2\/pages\/21356\/revisions"}],"predecessor-version":[{"id":22507,"href":"https:\/\/spreewaldmarathon.de\/wpswm\/wp-json\/wp\/v2\/pages\/21356\/revisions\/22507"}],"wp:attachment":[{"href":"https:\/\/spreewaldmarathon.de\/wpswm\/wp-json\/wp\/v2\/media?parent=21356"}],"curies":[{"name":"wp","href":"https:\/\/api.w.org\/{rel}","templated":true}]}}