{"id":21290,"date":"2020-11-12T15:15:19","date_gmt":"2020-11-12T14:15:19","guid":{"rendered":"https:\/\/www.spreewaldmarathon.de\/wpswm\/?page_id=21290"},"modified":"2026-04-08T08:14:24","modified_gmt":"2026-04-08T07:14:24","slug":"walken","status":"publish","type":"page","link":"https:\/\/spreewaldmarathon.de\/wpswm\/walken\/","title":{"rendered":"Walken"},"content":{"rendered":"<div class=\"wpb-content-wrapper\"><p>[vc_row][vc_column width=&#8220;1\/1&#8243;][vc_row_inner][vc_column_inner width=&#8220;1\/3&#8243; css=&#8220;.vc_custom_1590692103229{padding: 1px !important;}&#8220;]<div class=\"minti_boxedholder   clearfix\" style=\"padding: 0px 0px 0px 0px; margin: 0px 0px 10px 0px; \">[vc_column_text]<\/p>\n<h1 style=\"text-align: center;\">Freitag<br \/>\n<i>L\u00fcbbenau<\/i><\/h1>\n<p>[\/vc_column_text]<\/div><a href=\"\" target=\"_self\" class=\"button custom full \" style=\"background-color: #8224e3; border-color: #8224e3;border-radius: 0px;\">5,2 km Nachtwalken<\/a>[\/vc_column_inner][vc_column_inner width=&#8220;1\/3&#8243;]<div class=\"minti_boxedholder   clearfix\" style=\"padding: 0px 0px 0px 0px; margin: 0px 0px 10px 0px; \">[vc_column_text]<\/p>\n<h1 style=\"text-align: center;\">Samstag<br \/>\n<em>Burg<\/em><\/h1>\n<p>[\/vc_column_text]<\/div><a href=\"\" target=\"_self\" class=\"button custom full \" style=\"background-color: #8224e3; border-color: #8224e3;border-radius: 0px;\">5 km Nachtwalken<\/a>[\/vc_column_inner][vc_column_inner width=&#8220;1\/3&#8243;]<div class=\"minti_boxedholder   clearfix\" style=\"padding: 0px 0px 0px 0px; margin: 0px 0px 10px 0px; \">[vc_column_text]<\/p>\n<h1 style=\"text-align: center;\">Sonntag<br \/>\n<em>Burg<\/em><\/h1>\n<p>[\/vc_column_text]<\/div><a href=\"\" target=\"_self\" class=\"button custom full \" style=\"background-color: #8224e3; border-color: #8224e3;border-radius: 0px;\">10 km Walken<\/a><div class=\"spacer\" style=\"height: 10px;\"><\/div><a href=\"\" target=\"_self\" class=\"button custom full \" style=\"background-color: #8224e3; border-color: #8224e3;border-radius: 0px;\">21,0975 km Halbmarathon-Walken<\/a>[\/vc_column_inner][\/vc_row_inner][\/vc_column][\/vc_row][vc_row top_padding=&#8220;0&#8243; bottom_padding=&#8220;0&#8243; bg_position=&#8220;left top&#8220;][vc_column]<div class=\"spacer\" style=\"height: 40px;\"><\/div>[vc_column_text]<\/p>\n<h3><i class=\"fa fa-info minti-icon\" style=\"color:#ff0000 !important; font-size: 20px; margin: 0px 0px 0px 0px\"><\/i>\u00a0 Allgemeine <strong>Hinweise<\/strong><\/h3>\n<ul>\n<li><span style=\"color: #ff0000;\"><strong>Das sichtbare Befestigung der Startnummer auf der Brust ist Pflicht!<\/strong><\/span><\/li>\n<li><span class=\"rot1\" style=\"color: #000000;\">Achtung, es kann keine Vollsperrung der Strecken garantiert werden!<br \/>\nEs gibt leider immer wieder Verkehrsteilnehmer, welche die Absperrungen durchbrechen.<\/span><\/li>\n<li><span style=\"color: #000000;\">Alle Teilnehmer m\u00fcssen die Verkehrsregeln einhalten und d\u00fcrfen sich und andere nicht gef\u00e4hrden!<\/span><\/li>\n<li><span style=\"color: #000000;\">F\u00fcr alle Walker erfolgt eine Zeitmessung, aber keine Unterteilung in Walker und Nordic-Walker.<\/span><\/li>\n<li><span style=\"color: #ff0000;\">Walker, welche Streckenteile laufen\/rennen werden disqualifiziert und nicht in der Walking-Wertung aufgef\u00fchrt!<br \/>\n<span style=\"color: #000000;\">Es erfolgt eine Umschreibung zu den L\u00e4ufern.<\/span><\/span><\/li>\n<li><span style=\"color: #ff0000;\"><strong>Grenzzeiten f\u00fcr das Walken<\/strong><\/span><br \/>\n<span style=\"color: #ff0000;\">Walker die beim Spreewaldmarathon schneller als 1:08:10 h auf der 10 km Strecke und 2:23:09 h auf der 21,1 km Strecke sind, werden zu den L\u00e4ufern umgesetzt.<\/span><br \/>\n<span style=\"color: #000000;\">Sp\u00e4testens ab 8,8 km\/h ist das Walken ein Laufen.<\/span><\/li>\n<li><span style=\"color: #ff0000;\"><strong>Zielschluss Sonntag 14.30 Uhr<\/strong><\/span><\/li>\n<\/ul>\n<p>[\/vc_column_text][\/vc_column][\/vc_row]<\/p>\n<\/div>","protected":false},"excerpt":{"rendered":"<p>[vc_row][vc_column width=&#8220;1\/1&#8243;][vc_row_inner][vc_column_inner width=&#8220;1\/3&#8243; css=&#8220;.vc_custom_1590692103229{padding: 1px !important;}&#8220;][\/vc_column_inner][vc_column_inner width=&#8220;1\/3&#8243;][\/vc_column_inner][vc_column_inner width=&#8220;1\/3&#8243;][\/vc_column_inner][\/vc_row_inner][\/vc_column][\/vc_row][vc_row top_padding=&#8220;0&#8243; bottom_padding=&#8220;0&#8243; bg_position=&#8220;left top&#8220;][vc_column][vc_column_text] \u00a0 Allgemeine Hinweise Das sichtbare Befestigung der Startnummer auf der Brust ist Pflicht! Achtung, es kann keine Vollsperrung der Strecken garantiert werden! Es gibt leider immer wieder Verkehrsteilnehmer, welche die Absperrungen durchbrechen. Alle Teilnehmer m\u00fcssen die Verkehrsregeln einhalten und d\u00fcrfen sich und andere nicht gef\u00e4hrden! F\u00fcr alle Walker erfolgt eine Zeitmessung, aber keine Unterteilung in Walker und Nordic-Walker. Walker, welche Streckenteile laufen\/rennen werden disqualifiziert und nicht in der Walking-Wertung aufgef\u00fchrt! Es erfolgt eine Umschreibung zu den L\u00e4ufern. Grenzzeiten f\u00fcr das Walken Walker die beim Spreewaldmarathon schneller als 1:08:10 h auf der 10 km Strecke und 2:23:09 h auf der 21,1 km Strecke sind, werden zu den L\u00e4ufern umgesetzt. Sp\u00e4testens ab 8,8 km\/h ist das Walken ein Laufen. Zielschluss Sonntag 14.30 Uhr [\/vc_column_text][\/vc_column][\/vc_row]<\/p>\n","protected":false},"author":1,"featured_media":0,"parent":0,"menu_order":0,"comment_status":"closed","ping_status":"closed","template":"","meta":{"footnotes":""},"class_list":["post-21290","page","type-page","status-publish","hentry"],"yoast_head":"<!-- This site is optimized with the Yoast SEO plugin v25.6 - https:\/\/yoast.com\/wordpress\/plugins\/seo\/ -->\n<title>Walken - SPREEWALDMARATHON<\/title>\n<meta name=\"robots\" content=\"index, follow, max-snippet:-1, max-image-preview:large, max-video-preview:-1\" \/>\n<link rel=\"canonical\" href=\"https:\/\/spreewaldmarathon.de\/wpswm\/walken\/\" \/>\n<meta property=\"og:locale\" content=\"de_DE\" \/>\n<meta property=\"og:type\" content=\"article\" \/>\n<meta property=\"og:title\" content=\"Walken - SPREEWALDMARATHON\" \/>\n<meta property=\"og:description\" content=\"[vc_row][vc_column width=&#8220;1\/1&#8243;][vc_row_inner][vc_column_inner width=&#8220;1\/3&#8243; css=&#8220;.vc_custom_1590692103229{padding: 1px !important;}&#8220;][\/vc_column_inner][vc_column_inner width=&#8220;1\/3&#8243;][\/vc_column_inner][vc_column_inner width=&#8220;1\/3&#8243;][\/vc_column_inner][\/vc_row_inner][\/vc_column][\/vc_row][vc_row top_padding=&#8220;0&#8243; bottom_padding=&#8220;0&#8243; bg_position=&#8220;left top&#8220;][vc_column][vc_column_text] \u00a0 Allgemeine Hinweise Das sichtbare Befestigung der Startnummer auf der Brust ist Pflicht! Achtung, es kann keine Vollsperrung der Strecken garantiert werden! Es gibt leider immer wieder Verkehrsteilnehmer, welche die Absperrungen durchbrechen. Alle Teilnehmer m\u00fcssen die Verkehrsregeln einhalten und d\u00fcrfen sich und andere nicht gef\u00e4hrden! F\u00fcr alle Walker erfolgt eine Zeitmessung, aber keine Unterteilung in Walker und Nordic-Walker. Walker, welche Streckenteile laufen\/rennen werden disqualifiziert und nicht in der Walking-Wertung aufgef\u00fchrt! Es erfolgt eine Umschreibung zu den L\u00e4ufern. Grenzzeiten f\u00fcr das Walken Walker die beim Spreewaldmarathon schneller als 1:08:10 h auf der 10 km Strecke und 2:23:09 h auf der 21,1 km Strecke sind, werden zu den L\u00e4ufern umgesetzt. Sp\u00e4testens ab 8,8 km\/h ist das Walken ein Laufen. Zielschluss Sonntag 14.30 Uhr [\/vc_column_text][\/vc_column][\/vc_row]\" \/>\n<meta property=\"og:url\" content=\"https:\/\/spreewaldmarathon.de\/wpswm\/walken\/\" \/>\n<meta property=\"og:site_name\" content=\"SPREEWALDMARATHON\" \/>\n<meta property=\"article:publisher\" content=\"https:\/\/www.facebook.com\/SpreewaldMarathon\" \/>\n<meta property=\"article:modified_time\" content=\"2026-04-08T07:14:24+00:00\" \/>\n<meta name=\"twitter:card\" content=\"summary_large_image\" \/>\n<meta name=\"twitter:site\" content=\"@spreewaldmarath\" \/>\n<meta name=\"twitter:label1\" content=\"Gesch\u00e4tzte Lesezeit\" \/>\n\t<meta name=\"twitter:data1\" content=\"2\u00a0Minuten\" \/>\n<script type=\"application\/ld+json\" class=\"yoast-schema-graph\">{\"@context\":\"https:\/\/schema.org\",\"@graph\":[{\"@type\":\"WebPage\",\"@id\":\"https:\/\/spreewaldmarathon.de\/wpswm\/walken\/\",\"url\":\"https:\/\/spreewaldmarathon.de\/wpswm\/walken\/\",\"name\":\"Walken - SPREEWALDMARATHON\",\"isPartOf\":{\"@id\":\"https:\/\/spreewaldmarathon.de\/wpswm\/#website\"},\"datePublished\":\"2020-11-12T14:15:19+00:00\",\"dateModified\":\"2026-04-08T07:14:24+00:00\",\"breadcrumb\":{\"@id\":\"https:\/\/spreewaldmarathon.de\/wpswm\/walken\/#breadcrumb\"},\"inLanguage\":\"de\",\"potentialAction\":[{\"@type\":\"ReadAction\",\"target\":[\"https:\/\/spreewaldmarathon.de\/wpswm\/walken\/\"]}]},{\"@type\":\"BreadcrumbList\",\"@id\":\"https:\/\/spreewaldmarathon.de\/wpswm\/walken\/#breadcrumb\",\"itemListElement\":[{\"@type\":\"ListItem\",\"position\":1,\"name\":\"Home\",\"item\":\"https:\/\/spreewaldmarathon.de\/wpswm\/\"},{\"@type\":\"ListItem\",\"position\":2,\"name\":\"Walken\"}]},{\"@type\":\"WebSite\",\"@id\":\"https:\/\/spreewaldmarathon.de\/wpswm\/#website\",\"url\":\"https:\/\/spreewaldmarathon.de\/wpswm\/\",\"name\":\"SPREEWALDMARATHON\",\"description\":\"Alles rund um den Spreewaldmarathon\",\"publisher\":{\"@id\":\"https:\/\/spreewaldmarathon.de\/wpswm\/#organization\"},\"potentialAction\":[{\"@type\":\"SearchAction\",\"target\":{\"@type\":\"EntryPoint\",\"urlTemplate\":\"https:\/\/spreewaldmarathon.de\/wpswm\/?s={search_term_string}\"},\"query-input\":{\"@type\":\"PropertyValueSpecification\",\"valueRequired\":true,\"valueName\":\"search_term_string\"}}],\"inLanguage\":\"de\"},{\"@type\":\"Organization\",\"@id\":\"https:\/\/spreewaldmarathon.de\/wpswm\/#organization\",\"name\":\"Lausitzer Sportevents e.V.\",\"url\":\"https:\/\/spreewaldmarathon.de\/wpswm\/\",\"logo\":{\"@type\":\"ImageObject\",\"inLanguage\":\"de\",\"@id\":\"https:\/\/spreewaldmarathon.de\/wpswm\/#\/schema\/logo\/image\/\",\"url\":\"https:\/\/spreewaldmarathon.de\/wpswm\/wp-content\/uploads\/2020\/06\/Banner_LSE-1.jpg\",\"contentUrl\":\"https:\/\/spreewaldmarathon.de\/wpswm\/wp-content\/uploads\/2020\/06\/Banner_LSE-1.jpg\",\"width\":2211,\"height\":624,\"caption\":\"Lausitzer Sportevents e.V.\"},\"image\":{\"@id\":\"https:\/\/spreewaldmarathon.de\/wpswm\/#\/schema\/logo\/image\/\"},\"sameAs\":[\"https:\/\/www.facebook.com\/SpreewaldMarathon\",\"https:\/\/x.com\/spreewaldmarath\",\"https:\/\/www.instagram.com\/spreewaldmarathon\",\"https:\/\/www.youtube.com\/results?search_query=spreewaldmarathon\",\"https:\/\/de.wikipedia.org\/wiki\/Spreewald-Marathon\"]}]}<\/script>\n<!-- \/ Yoast SEO plugin. -->","yoast_head_json":{"title":"Walken - SPREEWALDMARATHON","robots":{"index":"index","follow":"follow","max-snippet":"max-snippet:-1","max-image-preview":"max-image-preview:large","max-video-preview":"max-video-preview:-1"},"canonical":"https:\/\/spreewaldmarathon.de\/wpswm\/walken\/","og_locale":"de_DE","og_type":"article","og_title":"Walken - SPREEWALDMARATHON","og_description":"[vc_row][vc_column width=&#8220;1\/1&#8243;][vc_row_inner][vc_column_inner width=&#8220;1\/3&#8243; css=&#8220;.vc_custom_1590692103229{padding: 1px !important;}&#8220;][\/vc_column_inner][vc_column_inner width=&#8220;1\/3&#8243;][\/vc_column_inner][vc_column_inner width=&#8220;1\/3&#8243;][\/vc_column_inner][\/vc_row_inner][\/vc_column][\/vc_row][vc_row top_padding=&#8220;0&#8243; bottom_padding=&#8220;0&#8243; bg_position=&#8220;left top&#8220;][vc_column][vc_column_text] \u00a0 Allgemeine Hinweise Das sichtbare Befestigung der Startnummer auf der Brust ist Pflicht! Achtung, es kann keine Vollsperrung der Strecken garantiert werden! Es gibt leider immer wieder Verkehrsteilnehmer, welche die Absperrungen durchbrechen. Alle Teilnehmer m\u00fcssen die Verkehrsregeln einhalten und d\u00fcrfen sich und andere nicht gef\u00e4hrden! F\u00fcr alle Walker erfolgt eine Zeitmessung, aber keine Unterteilung in Walker und Nordic-Walker. Walker, welche Streckenteile laufen\/rennen werden disqualifiziert und nicht in der Walking-Wertung aufgef\u00fchrt! Es erfolgt eine Umschreibung zu den L\u00e4ufern. Grenzzeiten f\u00fcr das Walken Walker die beim Spreewaldmarathon schneller als 1:08:10 h auf der 10 km Strecke und 2:23:09 h auf der 21,1 km Strecke sind, werden zu den L\u00e4ufern umgesetzt. Sp\u00e4testens ab 8,8 km\/h ist das Walken ein Laufen. Zielschluss Sonntag 14.30 Uhr [\/vc_column_text][\/vc_column][\/vc_row]","og_url":"https:\/\/spreewaldmarathon.de\/wpswm\/walken\/","og_site_name":"SPREEWALDMARATHON","article_publisher":"https:\/\/www.facebook.com\/SpreewaldMarathon","article_modified_time":"2026-04-08T07:14:24+00:00","twitter_card":"summary_large_image","twitter_site":"@spreewaldmarath","twitter_misc":{"Gesch\u00e4tzte Lesezeit":"2\u00a0Minuten"},"schema":{"@context":"https:\/\/schema.org","@graph":[{"@type":"WebPage","@id":"https:\/\/spreewaldmarathon.de\/wpswm\/walken\/","url":"https:\/\/spreewaldmarathon.de\/wpswm\/walken\/","name":"Walken - SPREEWALDMARATHON","isPartOf":{"@id":"https:\/\/spreewaldmarathon.de\/wpswm\/#website"},"datePublished":"2020-11-12T14:15:19+00:00","dateModified":"2026-04-08T07:14:24+00:00","breadcrumb":{"@id":"https:\/\/spreewaldmarathon.de\/wpswm\/walken\/#breadcrumb"},"inLanguage":"de","potentialAction":[{"@type":"ReadAction","target":["https:\/\/spreewaldmarathon.de\/wpswm\/walken\/"]}]},{"@type":"BreadcrumbList","@id":"https:\/\/spreewaldmarathon.de\/wpswm\/walken\/#breadcrumb","itemListElement":[{"@type":"ListItem","position":1,"name":"Home","item":"https:\/\/spreewaldmarathon.de\/wpswm\/"},{"@type":"ListItem","position":2,"name":"Walken"}]},{"@type":"WebSite","@id":"https:\/\/spreewaldmarathon.de\/wpswm\/#website","url":"https:\/\/spreewaldmarathon.de\/wpswm\/","name":"SPREEWALDMARATHON","description":"Alles rund um den Spreewaldmarathon","publisher":{"@id":"https:\/\/spreewaldmarathon.de\/wpswm\/#organization"},"potentialAction":[{"@type":"SearchAction","target":{"@type":"EntryPoint","urlTemplate":"https:\/\/spreewaldmarathon.de\/wpswm\/?s={search_term_string}"},"query-input":{"@type":"PropertyValueSpecification","valueRequired":true,"valueName":"search_term_string"}}],"inLanguage":"de"},{"@type":"Organization","@id":"https:\/\/spreewaldmarathon.de\/wpswm\/#organization","name":"Lausitzer Sportevents e.V.","url":"https:\/\/spreewaldmarathon.de\/wpswm\/","logo":{"@type":"ImageObject","inLanguage":"de","@id":"https:\/\/spreewaldmarathon.de\/wpswm\/#\/schema\/logo\/image\/","url":"https:\/\/spreewaldmarathon.de\/wpswm\/wp-content\/uploads\/2020\/06\/Banner_LSE-1.jpg","contentUrl":"https:\/\/spreewaldmarathon.de\/wpswm\/wp-content\/uploads\/2020\/06\/Banner_LSE-1.jpg","width":2211,"height":624,"caption":"Lausitzer Sportevents e.V."},"image":{"@id":"https:\/\/spreewaldmarathon.de\/wpswm\/#\/schema\/logo\/image\/"},"sameAs":["https:\/\/www.facebook.com\/SpreewaldMarathon","https:\/\/x.com\/spreewaldmarath","https:\/\/www.instagram.com\/spreewaldmarathon","https:\/\/www.youtube.com\/results?search_query=spreewaldmarathon","https:\/\/de.wikipedia.org\/wiki\/Spreewald-Marathon"]}]}},"_links":{"self":[{"href":"https:\/\/spreewaldmarathon.de\/wpswm\/wp-json\/wp\/v2\/pages\/21290"}],"collection":[{"href":"https:\/\/spreewaldmarathon.de\/wpswm\/wp-json\/wp\/v2\/pages"}],"about":[{"href":"https:\/\/spreewaldmarathon.de\/wpswm\/wp-json\/wp\/v2\/types\/page"}],"author":[{"embeddable":true,"href":"https:\/\/spreewaldmarathon.de\/wpswm\/wp-json\/wp\/v2\/users\/1"}],"replies":[{"embeddable":true,"href":"https:\/\/spreewaldmarathon.de\/wpswm\/wp-json\/wp\/v2\/comments?post=21290"}],"version-history":[{"count":32,"href":"https:\/\/spreewaldmarathon.de\/wpswm\/wp-json\/wp\/v2\/pages\/21290\/revisions"}],"predecessor-version":[{"id":28940,"href":"https:\/\/spreewaldmarathon.de\/wpswm\/wp-json\/wp\/v2\/pages\/21290\/revisions\/28940"}],"wp:attachment":[{"href":"https:\/\/spreewaldmarathon.de\/wpswm\/wp-json\/wp\/v2\/media?parent=21290"}],"curies":[{"name":"wp","href":"https:\/\/api.w.org\/{rel}","templated":true}]}}