{"id":21267,"date":"2020-11-12T14:39:47","date_gmt":"2020-11-12T13:39:47","guid":{"rendered":"https:\/\/www.spreewaldmarathon.de\/wpswm\/?page_id=21267"},"modified":"2020-12-20T20:30:52","modified_gmt":"2020-12-20T19:30:52","slug":"5-km-luebbenauer-nachtlauf","status":"publish","type":"page","link":"https:\/\/spreewaldmarathon.de\/wpswm\/5-km-luebbenauer-nachtlauf\/","title":{"rendered":"5 km L\u00fcbbenauer Nachtlauf"},"content":{"rendered":"<div class=\"wpb-content-wrapper\"><p>[vc_row][vc_column width=&#8220;1\/1&#8243;][vc_column_text]<\/p>\n<h2>Laufen | Walken | Wandern | Nachts durch den Spreewald<\/h2>\n<h2><span style=\"color: #0000ff;\">Erlebnislauf | Walken | Wanderung ohne Zeitmessung und ohne Zeitdruck<\/span><\/h2>\n<p>[\/vc_column_text][\/vc_column][\/vc_row][vc_row][vc_column width=&#8220;1\/1&#8243;]<div class=\"single_image wpb_content_element align-center  image_box_border  \" data-animation=\"none\" data-delay=\"0\"><a href=\"https:\/\/spreewaldmarathon.de\/wpswm\/wp-content\/uploads\/streckenverlauf-spreewaldmarathon-luebbenau-5km-400km.jpg\" target=\"_blank\"><img loading=\"lazy\" decoding=\"async\" width=\"1400\" height=\"1003\" src=\"https:\/\/spreewaldmarathon.de\/wpswm\/wp-content\/uploads\/streckenverlauf-spreewaldmarathon-luebbenau-5km-400km.jpg\" class=\"attachment-full\" alt=\"\" title=\"streckenverlauf-spreewaldmarathon-luebbenau-5km-400km\" srcset=\"https:\/\/spreewaldmarathon.de\/wpswm\/wp-content\/uploads\/streckenverlauf-spreewaldmarathon-luebbenau-5km-400km.jpg 1400w, https:\/\/spreewaldmarathon.de\/wpswm\/wp-content\/uploads\/streckenverlauf-spreewaldmarathon-luebbenau-5km-400km-300x215.jpg 300w, https:\/\/spreewaldmarathon.de\/wpswm\/wp-content\/uploads\/streckenverlauf-spreewaldmarathon-luebbenau-5km-400km-1024x734.jpg 1024w, https:\/\/spreewaldmarathon.de\/wpswm\/wp-content\/uploads\/streckenverlauf-spreewaldmarathon-luebbenau-5km-400km-768x550.jpg 768w\" sizes=\"(max-width: 1400px) 100vw, 1400px\" \/><\/a><\/div>[\/vc_column][\/vc_row][vc_row][vc_column][vc_column_text]Inkl. Sonder-T-Shirt (bei Voranmeldung bis 01.03.), mit Lichterketten, Feuerschalen, Silberfont\u00e4nen, bunten Lichtern, Livemusik, Freibier und Sekt im Ziel.<\/p>\n<p>Start und Ziel ist der Marktplatz in L\u00fcbbenau. Die Strecke f\u00fchrt vorbei am Hafen, Schloss und Orangerie L\u00fcbbenau, in den idyllischen Ort Lehde. Von dort aus entlang der Flie\u00dfe wieder zur\u00fcck zum Hafen L\u00fcbbenau. Die sehr flache Strecke ist gew\u00fcrzt mit einigen kleinen Br\u00fccken.<\/p>\n<p><strong>Streckenbelag:<\/strong> 500m Kopfsteinpflaster, 1,5 km Asphalt, 2,7 km fester Sandweg, 300m Kopfsteinpflaster<\/p>\n<p><strong>Verpflegung:<\/strong> im Ziel<\/p>\n<p><strong>Teilnahme:<\/strong> ab 6 Jahre (bis 18 Jahre ohne Alkohol)<\/p>\n<p><strong>Zielschluss:<\/strong> 22.30 Uhr[\/vc_column_text][\/vc_column][\/vc_row]<\/p>\n<\/div>","protected":false},"excerpt":{"rendered":"<p>[vc_row][vc_column width=&#8220;1\/1&#8243;][vc_column_text] Laufen | Walken | Wandern | Nachts durch den Spreewald Erlebnislauf | Walken | Wanderung ohne Zeitmessung und ohne Zeitdruck [\/vc_column_text][\/vc_column][\/vc_row][vc_row][vc_column width=&#8220;1\/1&#8243;][\/vc_column][\/vc_row][vc_row][vc_column][vc_column_text]Inkl. Sonder-T-Shirt (bei Voranmeldung bis 01.03.), mit Lichterketten, Feuerschalen, Silberfont\u00e4nen, bunten Lichtern, Livemusik, Freibier und Sekt im Ziel. Start und Ziel ist der Marktplatz in L\u00fcbbenau. Die Strecke f\u00fchrt vorbei am Hafen, Schloss und Orangerie L\u00fcbbenau, in den idyllischen Ort Lehde. Von dort aus entlang der Flie\u00dfe wieder zur\u00fcck zum Hafen L\u00fcbbenau. Die sehr flache Strecke ist gew\u00fcrzt mit einigen kleinen Br\u00fccken. Streckenbelag: 500m Kopfsteinpflaster, 1,5 km Asphalt, 2,7 km fester Sandweg, 300m Kopfsteinpflaster Verpflegung: im Ziel Teilnahme: ab 6 Jahre (bis 18 Jahre ohne Alkohol) Zielschluss: 22.30 Uhr[\/vc_column_text][\/vc_column][\/vc_row]<\/p>\n","protected":false},"author":1,"featured_media":0,"parent":0,"menu_order":0,"comment_status":"closed","ping_status":"closed","template":"","meta":{"footnotes":""},"class_list":["post-21267","page","type-page","status-publish","hentry"],"yoast_head":"<!-- This site is optimized with the Yoast SEO plugin v25.6 - https:\/\/yoast.com\/wordpress\/plugins\/seo\/ -->\n<title>5 km L\u00fcbbenauer Nachtlauf - SPREEWALDMARATHON<\/title>\n<meta name=\"robots\" content=\"index, follow, max-snippet:-1, max-image-preview:large, max-video-preview:-1\" \/>\n<link rel=\"canonical\" href=\"https:\/\/spreewaldmarathon.de\/wpswm\/5-km-luebbenauer-nachtlauf\/\" \/>\n<meta property=\"og:locale\" content=\"de_DE\" \/>\n<meta property=\"og:type\" content=\"article\" \/>\n<meta property=\"og:title\" content=\"5 km L\u00fcbbenauer Nachtlauf - SPREEWALDMARATHON\" \/>\n<meta property=\"og:description\" content=\"[vc_row][vc_column width=&#8220;1\/1&#8243;][vc_column_text] Laufen | Walken | Wandern | Nachts durch den Spreewald Erlebnislauf | Walken | Wanderung ohne Zeitmessung und ohne Zeitdruck [\/vc_column_text][\/vc_column][\/vc_row][vc_row][vc_column width=&#8220;1\/1&#8243;][\/vc_column][\/vc_row][vc_row][vc_column][vc_column_text]Inkl. Sonder-T-Shirt (bei Voranmeldung bis 01.03.), mit Lichterketten, Feuerschalen, Silberfont\u00e4nen, bunten Lichtern, Livemusik, Freibier und Sekt im Ziel. Start und Ziel ist der Marktplatz in L\u00fcbbenau. Die Strecke f\u00fchrt vorbei am Hafen, Schloss und Orangerie L\u00fcbbenau, in den idyllischen Ort Lehde. Von dort aus entlang der Flie\u00dfe wieder zur\u00fcck zum Hafen L\u00fcbbenau. Die sehr flache Strecke ist gew\u00fcrzt mit einigen kleinen Br\u00fccken. Streckenbelag: 500m Kopfsteinpflaster, 1,5 km Asphalt, 2,7 km fester Sandweg, 300m Kopfsteinpflaster Verpflegung: im Ziel Teilnahme: ab 6 Jahre (bis 18 Jahre ohne Alkohol) Zielschluss: 22.30 Uhr[\/vc_column_text][\/vc_column][\/vc_row]\" \/>\n<meta property=\"og:url\" content=\"https:\/\/spreewaldmarathon.de\/wpswm\/5-km-luebbenauer-nachtlauf\/\" \/>\n<meta property=\"og:site_name\" content=\"SPREEWALDMARATHON\" \/>\n<meta property=\"article:publisher\" content=\"https:\/\/www.facebook.com\/SpreewaldMarathon\" \/>\n<meta property=\"article:modified_time\" content=\"2020-12-20T19:30:52+00:00\" \/>\n<meta name=\"twitter:card\" content=\"summary_large_image\" \/>\n<meta name=\"twitter:site\" content=\"@spreewaldmarath\" \/>\n<meta name=\"twitter:label1\" content=\"Gesch\u00e4tzte Lesezeit\" \/>\n\t<meta name=\"twitter:data1\" content=\"1\u00a0Minute\" \/>\n<script type=\"application\/ld+json\" class=\"yoast-schema-graph\">{\"@context\":\"https:\/\/schema.org\",\"@graph\":[{\"@type\":\"WebPage\",\"@id\":\"https:\/\/spreewaldmarathon.de\/wpswm\/5-km-luebbenauer-nachtlauf\/\",\"url\":\"https:\/\/spreewaldmarathon.de\/wpswm\/5-km-luebbenauer-nachtlauf\/\",\"name\":\"5 km L\u00fcbbenauer Nachtlauf - SPREEWALDMARATHON\",\"isPartOf\":{\"@id\":\"https:\/\/spreewaldmarathon.de\/wpswm\/#website\"},\"datePublished\":\"2020-11-12T13:39:47+00:00\",\"dateModified\":\"2020-12-20T19:30:52+00:00\",\"breadcrumb\":{\"@id\":\"https:\/\/spreewaldmarathon.de\/wpswm\/5-km-luebbenauer-nachtlauf\/#breadcrumb\"},\"inLanguage\":\"de\",\"potentialAction\":[{\"@type\":\"ReadAction\",\"target\":[\"https:\/\/spreewaldmarathon.de\/wpswm\/5-km-luebbenauer-nachtlauf\/\"]}]},{\"@type\":\"BreadcrumbList\",\"@id\":\"https:\/\/spreewaldmarathon.de\/wpswm\/5-km-luebbenauer-nachtlauf\/#breadcrumb\",\"itemListElement\":[{\"@type\":\"ListItem\",\"position\":1,\"name\":\"Home\",\"item\":\"https:\/\/spreewaldmarathon.de\/wpswm\/\"},{\"@type\":\"ListItem\",\"position\":2,\"name\":\"5 km L\u00fcbbenauer Nachtlauf\"}]},{\"@type\":\"WebSite\",\"@id\":\"https:\/\/spreewaldmarathon.de\/wpswm\/#website\",\"url\":\"https:\/\/spreewaldmarathon.de\/wpswm\/\",\"name\":\"SPREEWALDMARATHON\",\"description\":\"Alles rund um den Spreewaldmarathon\",\"publisher\":{\"@id\":\"https:\/\/spreewaldmarathon.de\/wpswm\/#organization\"},\"potentialAction\":[{\"@type\":\"SearchAction\",\"target\":{\"@type\":\"EntryPoint\",\"urlTemplate\":\"https:\/\/spreewaldmarathon.de\/wpswm\/?s={search_term_string}\"},\"query-input\":{\"@type\":\"PropertyValueSpecification\",\"valueRequired\":true,\"valueName\":\"search_term_string\"}}],\"inLanguage\":\"de\"},{\"@type\":\"Organization\",\"@id\":\"https:\/\/spreewaldmarathon.de\/wpswm\/#organization\",\"name\":\"Lausitzer Sportevents e.V.\",\"url\":\"https:\/\/spreewaldmarathon.de\/wpswm\/\",\"logo\":{\"@type\":\"ImageObject\",\"inLanguage\":\"de\",\"@id\":\"https:\/\/spreewaldmarathon.de\/wpswm\/#\/schema\/logo\/image\/\",\"url\":\"https:\/\/spreewaldmarathon.de\/wpswm\/wp-content\/uploads\/2020\/06\/Banner_LSE-1.jpg\",\"contentUrl\":\"https:\/\/spreewaldmarathon.de\/wpswm\/wp-content\/uploads\/2020\/06\/Banner_LSE-1.jpg\",\"width\":2211,\"height\":624,\"caption\":\"Lausitzer Sportevents e.V.\"},\"image\":{\"@id\":\"https:\/\/spreewaldmarathon.de\/wpswm\/#\/schema\/logo\/image\/\"},\"sameAs\":[\"https:\/\/www.facebook.com\/SpreewaldMarathon\",\"https:\/\/x.com\/spreewaldmarath\",\"https:\/\/www.instagram.com\/spreewaldmarathon\",\"https:\/\/www.youtube.com\/results?search_query=spreewaldmarathon\",\"https:\/\/de.wikipedia.org\/wiki\/Spreewald-Marathon\"]}]}<\/script>\n<!-- \/ Yoast SEO plugin. -->","yoast_head_json":{"title":"5 km L\u00fcbbenauer Nachtlauf - SPREEWALDMARATHON","robots":{"index":"index","follow":"follow","max-snippet":"max-snippet:-1","max-image-preview":"max-image-preview:large","max-video-preview":"max-video-preview:-1"},"canonical":"https:\/\/spreewaldmarathon.de\/wpswm\/5-km-luebbenauer-nachtlauf\/","og_locale":"de_DE","og_type":"article","og_title":"5 km L\u00fcbbenauer Nachtlauf - SPREEWALDMARATHON","og_description":"[vc_row][vc_column width=&#8220;1\/1&#8243;][vc_column_text] Laufen | Walken | Wandern | Nachts durch den Spreewald Erlebnislauf | Walken | Wanderung ohne Zeitmessung und ohne Zeitdruck [\/vc_column_text][\/vc_column][\/vc_row][vc_row][vc_column width=&#8220;1\/1&#8243;][\/vc_column][\/vc_row][vc_row][vc_column][vc_column_text]Inkl. Sonder-T-Shirt (bei Voranmeldung bis 01.03.), mit Lichterketten, Feuerschalen, Silberfont\u00e4nen, bunten Lichtern, Livemusik, Freibier und Sekt im Ziel. Start und Ziel ist der Marktplatz in L\u00fcbbenau. Die Strecke f\u00fchrt vorbei am Hafen, Schloss und Orangerie L\u00fcbbenau, in den idyllischen Ort Lehde. Von dort aus entlang der Flie\u00dfe wieder zur\u00fcck zum Hafen L\u00fcbbenau. Die sehr flache Strecke ist gew\u00fcrzt mit einigen kleinen Br\u00fccken. Streckenbelag: 500m Kopfsteinpflaster, 1,5 km Asphalt, 2,7 km fester Sandweg, 300m Kopfsteinpflaster Verpflegung: im Ziel Teilnahme: ab 6 Jahre (bis 18 Jahre ohne Alkohol) Zielschluss: 22.30 Uhr[\/vc_column_text][\/vc_column][\/vc_row]","og_url":"https:\/\/spreewaldmarathon.de\/wpswm\/5-km-luebbenauer-nachtlauf\/","og_site_name":"SPREEWALDMARATHON","article_publisher":"https:\/\/www.facebook.com\/SpreewaldMarathon","article_modified_time":"2020-12-20T19:30:52+00:00","twitter_card":"summary_large_image","twitter_site":"@spreewaldmarath","twitter_misc":{"Gesch\u00e4tzte Lesezeit":"1\u00a0Minute"},"schema":{"@context":"https:\/\/schema.org","@graph":[{"@type":"WebPage","@id":"https:\/\/spreewaldmarathon.de\/wpswm\/5-km-luebbenauer-nachtlauf\/","url":"https:\/\/spreewaldmarathon.de\/wpswm\/5-km-luebbenauer-nachtlauf\/","name":"5 km L\u00fcbbenauer Nachtlauf - SPREEWALDMARATHON","isPartOf":{"@id":"https:\/\/spreewaldmarathon.de\/wpswm\/#website"},"datePublished":"2020-11-12T13:39:47+00:00","dateModified":"2020-12-20T19:30:52+00:00","breadcrumb":{"@id":"https:\/\/spreewaldmarathon.de\/wpswm\/5-km-luebbenauer-nachtlauf\/#breadcrumb"},"inLanguage":"de","potentialAction":[{"@type":"ReadAction","target":["https:\/\/spreewaldmarathon.de\/wpswm\/5-km-luebbenauer-nachtlauf\/"]}]},{"@type":"BreadcrumbList","@id":"https:\/\/spreewaldmarathon.de\/wpswm\/5-km-luebbenauer-nachtlauf\/#breadcrumb","itemListElement":[{"@type":"ListItem","position":1,"name":"Home","item":"https:\/\/spreewaldmarathon.de\/wpswm\/"},{"@type":"ListItem","position":2,"name":"5 km L\u00fcbbenauer Nachtlauf"}]},{"@type":"WebSite","@id":"https:\/\/spreewaldmarathon.de\/wpswm\/#website","url":"https:\/\/spreewaldmarathon.de\/wpswm\/","name":"SPREEWALDMARATHON","description":"Alles rund um den Spreewaldmarathon","publisher":{"@id":"https:\/\/spreewaldmarathon.de\/wpswm\/#organization"},"potentialAction":[{"@type":"SearchAction","target":{"@type":"EntryPoint","urlTemplate":"https:\/\/spreewaldmarathon.de\/wpswm\/?s={search_term_string}"},"query-input":{"@type":"PropertyValueSpecification","valueRequired":true,"valueName":"search_term_string"}}],"inLanguage":"de"},{"@type":"Organization","@id":"https:\/\/spreewaldmarathon.de\/wpswm\/#organization","name":"Lausitzer Sportevents e.V.","url":"https:\/\/spreewaldmarathon.de\/wpswm\/","logo":{"@type":"ImageObject","inLanguage":"de","@id":"https:\/\/spreewaldmarathon.de\/wpswm\/#\/schema\/logo\/image\/","url":"https:\/\/spreewaldmarathon.de\/wpswm\/wp-content\/uploads\/2020\/06\/Banner_LSE-1.jpg","contentUrl":"https:\/\/spreewaldmarathon.de\/wpswm\/wp-content\/uploads\/2020\/06\/Banner_LSE-1.jpg","width":2211,"height":624,"caption":"Lausitzer Sportevents e.V."},"image":{"@id":"https:\/\/spreewaldmarathon.de\/wpswm\/#\/schema\/logo\/image\/"},"sameAs":["https:\/\/www.facebook.com\/SpreewaldMarathon","https:\/\/x.com\/spreewaldmarath","https:\/\/www.instagram.com\/spreewaldmarathon","https:\/\/www.youtube.com\/results?search_query=spreewaldmarathon","https:\/\/de.wikipedia.org\/wiki\/Spreewald-Marathon"]}]}},"_links":{"self":[{"href":"https:\/\/spreewaldmarathon.de\/wpswm\/wp-json\/wp\/v2\/pages\/21267"}],"collection":[{"href":"https:\/\/spreewaldmarathon.de\/wpswm\/wp-json\/wp\/v2\/pages"}],"about":[{"href":"https:\/\/spreewaldmarathon.de\/wpswm\/wp-json\/wp\/v2\/types\/page"}],"author":[{"embeddable":true,"href":"https:\/\/spreewaldmarathon.de\/wpswm\/wp-json\/wp\/v2\/users\/1"}],"replies":[{"embeddable":true,"href":"https:\/\/spreewaldmarathon.de\/wpswm\/wp-json\/wp\/v2\/comments?post=21267"}],"version-history":[{"count":17,"href":"https:\/\/spreewaldmarathon.de\/wpswm\/wp-json\/wp\/v2\/pages\/21267\/revisions"}],"predecessor-version":[{"id":22484,"href":"https:\/\/spreewaldmarathon.de\/wpswm\/wp-json\/wp\/v2\/pages\/21267\/revisions\/22484"}],"wp:attachment":[{"href":"https:\/\/spreewaldmarathon.de\/wpswm\/wp-json\/wp\/v2\/media?parent=21267"}],"curies":[{"name":"wp","href":"https:\/\/api.w.org\/{rel}","templated":true}]}}