{"id":21237,"date":"2020-11-12T12:26:11","date_gmt":"2020-11-12T11:26:11","guid":{"rendered":"https:\/\/www.spreewaldmarathon.de\/wpswm\/?page_id=21237"},"modified":"2022-04-12T18:44:33","modified_gmt":"2022-04-12T17:44:33","slug":"10-km-antenne-brandenburg-lauf","status":"publish","type":"page","link":"https:\/\/spreewaldmarathon.de\/wpswm\/10-km-antenne-brandenburg-lauf\/","title":{"rendered":"10 km Antenne Brandenburg Lauf"},"content":{"rendered":"<div class=\"wpb-content-wrapper\"><p>[vc_row][vc_column width=&#8220;1\/1&#8243;][vc_column_text]<\/p>\n<h2>Laufen | Walken mit Antenne Brandenburg durch Burg (Spreewald)<\/h2>\n<p>[\/vc_column_text][\/vc_column][\/vc_row][vc_row][vc_column width=&#8220;1\/2&#8243;]<div class=\"single_image wpb_content_element align-center    \" data-animation=\"none\" data-delay=\"0\"><a href=\"https:\/\/www.antennebrandenburg.de\/\" target=\"_self\"><img loading=\"lazy\" decoding=\"async\" width=\"2560\" height=\"475\" src=\"https:\/\/spreewaldmarathon.de\/wpswm\/wp-content\/uploads\/RBB_AntenneBra_RGB_red_red_grey-scaled.jpg\" class=\"attachment-full\" alt=\"\" title=\"RBB_AntenneBra_RGB_red_red_grey\" srcset=\"https:\/\/spreewaldmarathon.de\/wpswm\/wp-content\/uploads\/RBB_AntenneBra_RGB_red_red_grey-scaled.jpg 2560w, https:\/\/spreewaldmarathon.de\/wpswm\/wp-content\/uploads\/RBB_AntenneBra_RGB_red_red_grey-300x56.jpg 300w, https:\/\/spreewaldmarathon.de\/wpswm\/wp-content\/uploads\/RBB_AntenneBra_RGB_red_red_grey-1024x190.jpg 1024w, https:\/\/spreewaldmarathon.de\/wpswm\/wp-content\/uploads\/RBB_AntenneBra_RGB_red_red_grey-768x143.jpg 768w, https:\/\/spreewaldmarathon.de\/wpswm\/wp-content\/uploads\/RBB_AntenneBra_RGB_red_red_grey-1536x285.jpg 1536w, https:\/\/spreewaldmarathon.de\/wpswm\/wp-content\/uploads\/RBB_AntenneBra_RGB_red_red_grey-2048x380.jpg 2048w\" sizes=\"(max-width: 2560px) 100vw, 2560px\" \/><\/a><\/div>[\/vc_column][vc_column width=&#8220;1\/2&#8243;][vc_column_text]Es wird eine 10 km Runde in Deutschlands fl\u00e4chenm\u00e4\u00dfig gr\u00f6\u00dfter Gemeinde Burg gelaufen. Die Strecke ist sehr flach, wenn kein Wind weht auch sehr schnell und fl\u00fcssig zu laufen. H\u00f6henunterschiede gibt es keine. Der Rundkurs ist von Roland Winkler (Berlin) und Hans-Joachim Weidner (Hohenbocka), beide anerkannte DLV-Streckenvermesser, amtlich vermessen worden. Bis Kilometer 4 l\u00e4uft man gemeinsam mit den Halbmarathon und den Marathon-L\u00e4ufern.[\/vc_column_text][\/vc_column][\/vc_row][vc_row][vc_column][vc_column_text]<strong>Streckenbelag:<\/strong> 10 km Asphalt<\/p>\n<p><strong>Verpflegung:<\/strong> km 4, km 7, im Ziel<\/p>\n<p><strong>Altersklassen Lauf:<\/strong> M\/W 10\/11, 12\/13, 14\/15, 16\/17, 18\/19, 20, 30, 35, 40, 45, 50, 55, 60, 65, 70, 75, 80, 85<\/p>\n<p><strong>Altersklassen Walken:\u00a0<\/strong>M\/W U18, 18-29, 30, 40, 50, 60, 70, 80+<\/p>\n<p><strong>Zeitlimit:<\/strong> 2 Stunden<\/p>\n<p><strong>Zielschluss:<\/strong> 12.30 Uhr[\/vc_column_text][\/vc_column][\/vc_row]<\/p>\n<\/div>","protected":false},"excerpt":{"rendered":"<p>[vc_row][vc_column width=&#8220;1\/1&#8243;][vc_column_text] Laufen | Walken mit Antenne Brandenburg durch Burg (Spreewald) [\/vc_column_text][\/vc_column][\/vc_row][vc_row][vc_column width=&#8220;1\/2&#8243;][\/vc_column][vc_column width=&#8220;1\/2&#8243;][vc_column_text]Es wird eine 10 km Runde in Deutschlands fl\u00e4chenm\u00e4\u00dfig gr\u00f6\u00dfter Gemeinde Burg gelaufen. Die Strecke ist sehr flach, wenn kein Wind weht auch sehr schnell und fl\u00fcssig zu laufen. H\u00f6henunterschiede gibt es keine. Der Rundkurs ist von Roland Winkler (Berlin) und Hans-Joachim Weidner (Hohenbocka), beide anerkannte DLV-Streckenvermesser, amtlich vermessen worden. Bis Kilometer 4 l\u00e4uft man gemeinsam mit den Halbmarathon und den Marathon-L\u00e4ufern.[\/vc_column_text][\/vc_column][\/vc_row][vc_row][vc_column][vc_column_text]Streckenbelag: 10 km Asphalt Verpflegung: km 4, km 7, im Ziel Altersklassen Lauf: M\/W 10\/11, 12\/13, 14\/15, 16\/17, 18\/19, 20, 30, 35, 40, 45, 50, 55, 60, 65, 70, 75, 80, 85 Altersklassen Walken:\u00a0M\/W U18, 18-29, 30, 40, 50, 60, 70, 80+ Zeitlimit: 2 Stunden Zielschluss: 12.30 Uhr[\/vc_column_text][\/vc_column][\/vc_row]<\/p>\n","protected":false},"author":1,"featured_media":0,"parent":0,"menu_order":0,"comment_status":"closed","ping_status":"closed","template":"","meta":{"footnotes":""},"class_list":["post-21237","page","type-page","status-publish","hentry"],"yoast_head":"<!-- This site is optimized with the Yoast SEO plugin v25.6 - https:\/\/yoast.com\/wordpress\/plugins\/seo\/ -->\n<title>10 km Antenne Brandenburg Lauf - SPREEWALDMARATHON<\/title>\n<meta name=\"robots\" content=\"index, follow, max-snippet:-1, max-image-preview:large, max-video-preview:-1\" \/>\n<link rel=\"canonical\" href=\"https:\/\/spreewaldmarathon.de\/wpswm\/10-km-antenne-brandenburg-lauf\/\" \/>\n<meta property=\"og:locale\" content=\"de_DE\" \/>\n<meta property=\"og:type\" content=\"article\" \/>\n<meta property=\"og:title\" content=\"10 km Antenne Brandenburg Lauf - SPREEWALDMARATHON\" \/>\n<meta property=\"og:description\" content=\"[vc_row][vc_column width=&#8220;1\/1&#8243;][vc_column_text] Laufen | Walken mit Antenne Brandenburg durch Burg (Spreewald) [\/vc_column_text][\/vc_column][\/vc_row][vc_row][vc_column width=&#8220;1\/2&#8243;][\/vc_column][vc_column width=&#8220;1\/2&#8243;][vc_column_text]Es wird eine 10 km Runde in Deutschlands fl\u00e4chenm\u00e4\u00dfig gr\u00f6\u00dfter Gemeinde Burg gelaufen. Die Strecke ist sehr flach, wenn kein Wind weht auch sehr schnell und fl\u00fcssig zu laufen. H\u00f6henunterschiede gibt es keine. Der Rundkurs ist von Roland Winkler (Berlin) und Hans-Joachim Weidner (Hohenbocka), beide anerkannte DLV-Streckenvermesser, amtlich vermessen worden. Bis Kilometer 4 l\u00e4uft man gemeinsam mit den Halbmarathon und den Marathon-L\u00e4ufern.[\/vc_column_text][\/vc_column][\/vc_row][vc_row][vc_column][vc_column_text]Streckenbelag: 10 km Asphalt Verpflegung: km 4, km 7, im Ziel Altersklassen Lauf: M\/W 10\/11, 12\/13, 14\/15, 16\/17, 18\/19, 20, 30, 35, 40, 45, 50, 55, 60, 65, 70, 75, 80, 85 Altersklassen Walken:\u00a0M\/W U18, 18-29, 30, 40, 50, 60, 70, 80+ Zeitlimit: 2 Stunden Zielschluss: 12.30 Uhr[\/vc_column_text][\/vc_column][\/vc_row]\" \/>\n<meta property=\"og:url\" content=\"https:\/\/spreewaldmarathon.de\/wpswm\/10-km-antenne-brandenburg-lauf\/\" \/>\n<meta property=\"og:site_name\" content=\"SPREEWALDMARATHON\" \/>\n<meta property=\"article:publisher\" content=\"https:\/\/www.facebook.com\/SpreewaldMarathon\" \/>\n<meta property=\"article:modified_time\" content=\"2022-04-12T17:44:33+00:00\" \/>\n<meta name=\"twitter:card\" content=\"summary_large_image\" \/>\n<meta name=\"twitter:site\" content=\"@spreewaldmarath\" \/>\n<meta name=\"twitter:label1\" content=\"Gesch\u00e4tzte Lesezeit\" \/>\n\t<meta name=\"twitter:data1\" content=\"1\u00a0Minute\" \/>\n<script type=\"application\/ld+json\" class=\"yoast-schema-graph\">{\"@context\":\"https:\/\/schema.org\",\"@graph\":[{\"@type\":\"WebPage\",\"@id\":\"https:\/\/spreewaldmarathon.de\/wpswm\/10-km-antenne-brandenburg-lauf\/\",\"url\":\"https:\/\/spreewaldmarathon.de\/wpswm\/10-km-antenne-brandenburg-lauf\/\",\"name\":\"10 km Antenne Brandenburg Lauf - SPREEWALDMARATHON\",\"isPartOf\":{\"@id\":\"https:\/\/spreewaldmarathon.de\/wpswm\/#website\"},\"datePublished\":\"2020-11-12T11:26:11+00:00\",\"dateModified\":\"2022-04-12T17:44:33+00:00\",\"breadcrumb\":{\"@id\":\"https:\/\/spreewaldmarathon.de\/wpswm\/10-km-antenne-brandenburg-lauf\/#breadcrumb\"},\"inLanguage\":\"de\",\"potentialAction\":[{\"@type\":\"ReadAction\",\"target\":[\"https:\/\/spreewaldmarathon.de\/wpswm\/10-km-antenne-brandenburg-lauf\/\"]}]},{\"@type\":\"BreadcrumbList\",\"@id\":\"https:\/\/spreewaldmarathon.de\/wpswm\/10-km-antenne-brandenburg-lauf\/#breadcrumb\",\"itemListElement\":[{\"@type\":\"ListItem\",\"position\":1,\"name\":\"Home\",\"item\":\"https:\/\/spreewaldmarathon.de\/wpswm\/\"},{\"@type\":\"ListItem\",\"position\":2,\"name\":\"10 km Antenne Brandenburg Lauf\"}]},{\"@type\":\"WebSite\",\"@id\":\"https:\/\/spreewaldmarathon.de\/wpswm\/#website\",\"url\":\"https:\/\/spreewaldmarathon.de\/wpswm\/\",\"name\":\"SPREEWALDMARATHON\",\"description\":\"Alles rund um den Spreewaldmarathon\",\"publisher\":{\"@id\":\"https:\/\/spreewaldmarathon.de\/wpswm\/#organization\"},\"potentialAction\":[{\"@type\":\"SearchAction\",\"target\":{\"@type\":\"EntryPoint\",\"urlTemplate\":\"https:\/\/spreewaldmarathon.de\/wpswm\/?s={search_term_string}\"},\"query-input\":{\"@type\":\"PropertyValueSpecification\",\"valueRequired\":true,\"valueName\":\"search_term_string\"}}],\"inLanguage\":\"de\"},{\"@type\":\"Organization\",\"@id\":\"https:\/\/spreewaldmarathon.de\/wpswm\/#organization\",\"name\":\"Lausitzer Sportevents e.V.\",\"url\":\"https:\/\/spreewaldmarathon.de\/wpswm\/\",\"logo\":{\"@type\":\"ImageObject\",\"inLanguage\":\"de\",\"@id\":\"https:\/\/spreewaldmarathon.de\/wpswm\/#\/schema\/logo\/image\/\",\"url\":\"https:\/\/spreewaldmarathon.de\/wpswm\/wp-content\/uploads\/2020\/06\/Banner_LSE-1.jpg\",\"contentUrl\":\"https:\/\/spreewaldmarathon.de\/wpswm\/wp-content\/uploads\/2020\/06\/Banner_LSE-1.jpg\",\"width\":2211,\"height\":624,\"caption\":\"Lausitzer Sportevents e.V.\"},\"image\":{\"@id\":\"https:\/\/spreewaldmarathon.de\/wpswm\/#\/schema\/logo\/image\/\"},\"sameAs\":[\"https:\/\/www.facebook.com\/SpreewaldMarathon\",\"https:\/\/x.com\/spreewaldmarath\",\"https:\/\/www.instagram.com\/spreewaldmarathon\",\"https:\/\/www.youtube.com\/results?search_query=spreewaldmarathon\",\"https:\/\/de.wikipedia.org\/wiki\/Spreewald-Marathon\"]}]}<\/script>\n<!-- \/ Yoast SEO plugin. -->","yoast_head_json":{"title":"10 km Antenne Brandenburg Lauf - SPREEWALDMARATHON","robots":{"index":"index","follow":"follow","max-snippet":"max-snippet:-1","max-image-preview":"max-image-preview:large","max-video-preview":"max-video-preview:-1"},"canonical":"https:\/\/spreewaldmarathon.de\/wpswm\/10-km-antenne-brandenburg-lauf\/","og_locale":"de_DE","og_type":"article","og_title":"10 km Antenne Brandenburg Lauf - SPREEWALDMARATHON","og_description":"[vc_row][vc_column width=&#8220;1\/1&#8243;][vc_column_text] Laufen | Walken mit Antenne Brandenburg durch Burg (Spreewald) [\/vc_column_text][\/vc_column][\/vc_row][vc_row][vc_column width=&#8220;1\/2&#8243;][\/vc_column][vc_column width=&#8220;1\/2&#8243;][vc_column_text]Es wird eine 10 km Runde in Deutschlands fl\u00e4chenm\u00e4\u00dfig gr\u00f6\u00dfter Gemeinde Burg gelaufen. Die Strecke ist sehr flach, wenn kein Wind weht auch sehr schnell und fl\u00fcssig zu laufen. H\u00f6henunterschiede gibt es keine. Der Rundkurs ist von Roland Winkler (Berlin) und Hans-Joachim Weidner (Hohenbocka), beide anerkannte DLV-Streckenvermesser, amtlich vermessen worden. Bis Kilometer 4 l\u00e4uft man gemeinsam mit den Halbmarathon und den Marathon-L\u00e4ufern.[\/vc_column_text][\/vc_column][\/vc_row][vc_row][vc_column][vc_column_text]Streckenbelag: 10 km Asphalt Verpflegung: km 4, km 7, im Ziel Altersklassen Lauf: M\/W 10\/11, 12\/13, 14\/15, 16\/17, 18\/19, 20, 30, 35, 40, 45, 50, 55, 60, 65, 70, 75, 80, 85 Altersklassen Walken:\u00a0M\/W U18, 18-29, 30, 40, 50, 60, 70, 80+ Zeitlimit: 2 Stunden Zielschluss: 12.30 Uhr[\/vc_column_text][\/vc_column][\/vc_row]","og_url":"https:\/\/spreewaldmarathon.de\/wpswm\/10-km-antenne-brandenburg-lauf\/","og_site_name":"SPREEWALDMARATHON","article_publisher":"https:\/\/www.facebook.com\/SpreewaldMarathon","article_modified_time":"2022-04-12T17:44:33+00:00","twitter_card":"summary_large_image","twitter_site":"@spreewaldmarath","twitter_misc":{"Gesch\u00e4tzte Lesezeit":"1\u00a0Minute"},"schema":{"@context":"https:\/\/schema.org","@graph":[{"@type":"WebPage","@id":"https:\/\/spreewaldmarathon.de\/wpswm\/10-km-antenne-brandenburg-lauf\/","url":"https:\/\/spreewaldmarathon.de\/wpswm\/10-km-antenne-brandenburg-lauf\/","name":"10 km Antenne Brandenburg Lauf - SPREEWALDMARATHON","isPartOf":{"@id":"https:\/\/spreewaldmarathon.de\/wpswm\/#website"},"datePublished":"2020-11-12T11:26:11+00:00","dateModified":"2022-04-12T17:44:33+00:00","breadcrumb":{"@id":"https:\/\/spreewaldmarathon.de\/wpswm\/10-km-antenne-brandenburg-lauf\/#breadcrumb"},"inLanguage":"de","potentialAction":[{"@type":"ReadAction","target":["https:\/\/spreewaldmarathon.de\/wpswm\/10-km-antenne-brandenburg-lauf\/"]}]},{"@type":"BreadcrumbList","@id":"https:\/\/spreewaldmarathon.de\/wpswm\/10-km-antenne-brandenburg-lauf\/#breadcrumb","itemListElement":[{"@type":"ListItem","position":1,"name":"Home","item":"https:\/\/spreewaldmarathon.de\/wpswm\/"},{"@type":"ListItem","position":2,"name":"10 km Antenne Brandenburg Lauf"}]},{"@type":"WebSite","@id":"https:\/\/spreewaldmarathon.de\/wpswm\/#website","url":"https:\/\/spreewaldmarathon.de\/wpswm\/","name":"SPREEWALDMARATHON","description":"Alles rund um den Spreewaldmarathon","publisher":{"@id":"https:\/\/spreewaldmarathon.de\/wpswm\/#organization"},"potentialAction":[{"@type":"SearchAction","target":{"@type":"EntryPoint","urlTemplate":"https:\/\/spreewaldmarathon.de\/wpswm\/?s={search_term_string}"},"query-input":{"@type":"PropertyValueSpecification","valueRequired":true,"valueName":"search_term_string"}}],"inLanguage":"de"},{"@type":"Organization","@id":"https:\/\/spreewaldmarathon.de\/wpswm\/#organization","name":"Lausitzer Sportevents e.V.","url":"https:\/\/spreewaldmarathon.de\/wpswm\/","logo":{"@type":"ImageObject","inLanguage":"de","@id":"https:\/\/spreewaldmarathon.de\/wpswm\/#\/schema\/logo\/image\/","url":"https:\/\/spreewaldmarathon.de\/wpswm\/wp-content\/uploads\/2020\/06\/Banner_LSE-1.jpg","contentUrl":"https:\/\/spreewaldmarathon.de\/wpswm\/wp-content\/uploads\/2020\/06\/Banner_LSE-1.jpg","width":2211,"height":624,"caption":"Lausitzer Sportevents e.V."},"image":{"@id":"https:\/\/spreewaldmarathon.de\/wpswm\/#\/schema\/logo\/image\/"},"sameAs":["https:\/\/www.facebook.com\/SpreewaldMarathon","https:\/\/x.com\/spreewaldmarath","https:\/\/www.instagram.com\/spreewaldmarathon","https:\/\/www.youtube.com\/results?search_query=spreewaldmarathon","https:\/\/de.wikipedia.org\/wiki\/Spreewald-Marathon"]}]}},"_links":{"self":[{"href":"https:\/\/spreewaldmarathon.de\/wpswm\/wp-json\/wp\/v2\/pages\/21237"}],"collection":[{"href":"https:\/\/spreewaldmarathon.de\/wpswm\/wp-json\/wp\/v2\/pages"}],"about":[{"href":"https:\/\/spreewaldmarathon.de\/wpswm\/wp-json\/wp\/v2\/types\/page"}],"author":[{"embeddable":true,"href":"https:\/\/spreewaldmarathon.de\/wpswm\/wp-json\/wp\/v2\/users\/1"}],"replies":[{"embeddable":true,"href":"https:\/\/spreewaldmarathon.de\/wpswm\/wp-json\/wp\/v2\/comments?post=21237"}],"version-history":[{"count":16,"href":"https:\/\/spreewaldmarathon.de\/wpswm\/wp-json\/wp\/v2\/pages\/21237\/revisions"}],"predecessor-version":[{"id":25145,"href":"https:\/\/spreewaldmarathon.de\/wpswm\/wp-json\/wp\/v2\/pages\/21237\/revisions\/25145"}],"wp:attachment":[{"href":"https:\/\/spreewaldmarathon.de\/wpswm\/wp-json\/wp\/v2\/media?parent=21237"}],"curies":[{"name":"wp","href":"https:\/\/api.w.org\/{rel}","templated":true}]}}