{"id":21220,"date":"2020-11-11T22:39:19","date_gmt":"2020-11-11T21:39:19","guid":{"rendered":"https:\/\/www.spreewaldmarathon.de\/wpswm\/?page_id=21220"},"modified":"2022-04-12T18:43:22","modified_gmt":"2022-04-12T17:43:22","slug":"21-0975-km-burger-halbmarathon","status":"publish","type":"page","link":"https:\/\/spreewaldmarathon.de\/wpswm\/21-0975-km-burger-halbmarathon\/","title":{"rendered":"21,0975 km Burger Halbmarathon"},"content":{"rendered":"<div class=\"wpb-content-wrapper\"><p>[vc_row][vc_column width=&#8220;1\/1&#8243;][vc_column_text]Die Strecke ist, wenn kein Wind weht, sehr schnell und fl\u00fcssig zu laufen. Der Rundkurs ist von Roland Winkler (Berlin) und Hans-Joachim Weidner (Hohenbocka), beide anerkannte DLV-Streckenvermesser, amtlich vermessen worden. Der H\u00f6henunterschied betr\u00e4gt 1,8 Meter. Es wird eine 21,1 km Runde in Deutschlands fl\u00e4chenm\u00e4\u00dfig gr\u00f6\u00dfter Gemeinde Burg gelaufen. Bis Kilometer 4 l\u00e4uft man gemeinsam mit den 10 km und den Marathon-L\u00e4ufern. Danach bis km 20 zusammen mit den Marathon-L\u00e4ufern.<br \/>\nGanz verkehrsfrei ist die Strecke auf seiner zweiten H\u00e4lfte nicht, da man die einzige Ortsteilverbindungsstra\u00dfe nicht stundenlang f\u00fcr den Autoverkehr sperren kann.<\/p>\n<p><strong>Streckenbelag:<\/strong> 18,6 km Asphalt, 2,5 km fast feste Sandwege<\/p>\n<p><strong>Verpflegung:<\/strong> km 5, km 8, km 12, km 16, km 20, im Ziel<\/p>\n<p><strong>Teilnahme:<\/strong> ab 14 Jahre<\/p>\n<p><strong>Altersklassen: <\/strong>M\/W 14\/15, 16\/17, 18\/19, 20, 30, 35, 40, 45, 50, 55, 60, 65, 70, 75<\/p>\n<p><strong>Zeitlimit:<\/strong>\u00a05 1\/2 Stunden<\/p>\n<p><strong>Zielschluss:<\/strong>\u00a016.00 Uhr[\/vc_column_text][\/vc_column][\/vc_row]<\/p>\n<\/div>","protected":false},"excerpt":{"rendered":"<p>[vc_row][vc_column width=&#8220;1\/1&#8243;][vc_column_text]Die Strecke ist, wenn kein Wind weht, sehr schnell und fl\u00fcssig zu laufen. Der Rundkurs ist von Roland Winkler (Berlin) und Hans-Joachim Weidner (Hohenbocka), beide anerkannte DLV-Streckenvermesser, amtlich vermessen worden. Der H\u00f6henunterschied betr\u00e4gt 1,8 Meter. Es wird eine 21,1 km Runde in Deutschlands fl\u00e4chenm\u00e4\u00dfig gr\u00f6\u00dfter Gemeinde Burg gelaufen. Bis Kilometer 4 l\u00e4uft man gemeinsam mit den 10 km und den Marathon-L\u00e4ufern. Danach bis km 20 zusammen mit den Marathon-L\u00e4ufern. Ganz verkehrsfrei ist die Strecke auf seiner zweiten H\u00e4lfte nicht, da man die einzige Ortsteilverbindungsstra\u00dfe nicht stundenlang f\u00fcr den Autoverkehr sperren kann. Streckenbelag: 18,6 km Asphalt, 2,5 km fast feste Sandwege Verpflegung: km 5, km 8, km 12, km 16, km 20, im Ziel Teilnahme: ab 14 Jahre Altersklassen: M\/W 14\/15, 16\/17, 18\/19, 20, 30, 35, 40, 45, 50, 55, 60, 65, 70, 75 Zeitlimit:\u00a05 1\/2 Stunden Zielschluss:\u00a016.00 Uhr[\/vc_column_text][\/vc_column][\/vc_row]<\/p>\n","protected":false},"author":1,"featured_media":0,"parent":0,"menu_order":0,"comment_status":"closed","ping_status":"closed","template":"","meta":{"footnotes":""},"class_list":["post-21220","page","type-page","status-publish","hentry"],"yoast_head":"<!-- This site is optimized with the Yoast SEO plugin v25.6 - https:\/\/yoast.com\/wordpress\/plugins\/seo\/ -->\n<title>21,0975 km Burger Halbmarathon - SPREEWALDMARATHON<\/title>\n<meta name=\"robots\" content=\"index, follow, max-snippet:-1, max-image-preview:large, max-video-preview:-1\" \/>\n<link rel=\"canonical\" href=\"https:\/\/spreewaldmarathon.de\/wpswm\/21-0975-km-burger-halbmarathon\/\" \/>\n<meta property=\"og:locale\" content=\"de_DE\" \/>\n<meta property=\"og:type\" content=\"article\" \/>\n<meta property=\"og:title\" content=\"21,0975 km Burger Halbmarathon - SPREEWALDMARATHON\" \/>\n<meta property=\"og:description\" content=\"[vc_row][vc_column width=&#8220;1\/1&#8243;][vc_column_text]Die Strecke ist, wenn kein Wind weht, sehr schnell und fl\u00fcssig zu laufen. Der Rundkurs ist von Roland Winkler (Berlin) und Hans-Joachim Weidner (Hohenbocka), beide anerkannte DLV-Streckenvermesser, amtlich vermessen worden. Der H\u00f6henunterschied betr\u00e4gt 1,8 Meter. Es wird eine 21,1 km Runde in Deutschlands fl\u00e4chenm\u00e4\u00dfig gr\u00f6\u00dfter Gemeinde Burg gelaufen. Bis Kilometer 4 l\u00e4uft man gemeinsam mit den 10 km und den Marathon-L\u00e4ufern. Danach bis km 20 zusammen mit den Marathon-L\u00e4ufern. Ganz verkehrsfrei ist die Strecke auf seiner zweiten H\u00e4lfte nicht, da man die einzige Ortsteilverbindungsstra\u00dfe nicht stundenlang f\u00fcr den Autoverkehr sperren kann. Streckenbelag: 18,6 km Asphalt, 2,5 km fast feste Sandwege Verpflegung: km 5, km 8, km 12, km 16, km 20, im Ziel Teilnahme: ab 14 Jahre Altersklassen: M\/W 14\/15, 16\/17, 18\/19, 20, 30, 35, 40, 45, 50, 55, 60, 65, 70, 75 Zeitlimit:\u00a05 1\/2 Stunden Zielschluss:\u00a016.00 Uhr[\/vc_column_text][\/vc_column][\/vc_row]\" \/>\n<meta property=\"og:url\" content=\"https:\/\/spreewaldmarathon.de\/wpswm\/21-0975-km-burger-halbmarathon\/\" \/>\n<meta property=\"og:site_name\" content=\"SPREEWALDMARATHON\" \/>\n<meta property=\"article:publisher\" content=\"https:\/\/www.facebook.com\/SpreewaldMarathon\" \/>\n<meta property=\"article:modified_time\" content=\"2022-04-12T17:43:22+00:00\" \/>\n<meta name=\"twitter:card\" content=\"summary_large_image\" \/>\n<meta name=\"twitter:site\" content=\"@spreewaldmarath\" \/>\n<meta name=\"twitter:label1\" content=\"Gesch\u00e4tzte Lesezeit\" \/>\n\t<meta name=\"twitter:data1\" content=\"1\u00a0Minute\" \/>\n<script type=\"application\/ld+json\" class=\"yoast-schema-graph\">{\"@context\":\"https:\/\/schema.org\",\"@graph\":[{\"@type\":\"WebPage\",\"@id\":\"https:\/\/spreewaldmarathon.de\/wpswm\/21-0975-km-burger-halbmarathon\/\",\"url\":\"https:\/\/spreewaldmarathon.de\/wpswm\/21-0975-km-burger-halbmarathon\/\",\"name\":\"21,0975 km Burger Halbmarathon - SPREEWALDMARATHON\",\"isPartOf\":{\"@id\":\"https:\/\/spreewaldmarathon.de\/wpswm\/#website\"},\"datePublished\":\"2020-11-11T21:39:19+00:00\",\"dateModified\":\"2022-04-12T17:43:22+00:00\",\"breadcrumb\":{\"@id\":\"https:\/\/spreewaldmarathon.de\/wpswm\/21-0975-km-burger-halbmarathon\/#breadcrumb\"},\"inLanguage\":\"de\",\"potentialAction\":[{\"@type\":\"ReadAction\",\"target\":[\"https:\/\/spreewaldmarathon.de\/wpswm\/21-0975-km-burger-halbmarathon\/\"]}]},{\"@type\":\"BreadcrumbList\",\"@id\":\"https:\/\/spreewaldmarathon.de\/wpswm\/21-0975-km-burger-halbmarathon\/#breadcrumb\",\"itemListElement\":[{\"@type\":\"ListItem\",\"position\":1,\"name\":\"Home\",\"item\":\"https:\/\/spreewaldmarathon.de\/wpswm\/\"},{\"@type\":\"ListItem\",\"position\":2,\"name\":\"21,0975 km Burger Halbmarathon\"}]},{\"@type\":\"WebSite\",\"@id\":\"https:\/\/spreewaldmarathon.de\/wpswm\/#website\",\"url\":\"https:\/\/spreewaldmarathon.de\/wpswm\/\",\"name\":\"SPREEWALDMARATHON\",\"description\":\"Alles rund um den Spreewaldmarathon\",\"publisher\":{\"@id\":\"https:\/\/spreewaldmarathon.de\/wpswm\/#organization\"},\"potentialAction\":[{\"@type\":\"SearchAction\",\"target\":{\"@type\":\"EntryPoint\",\"urlTemplate\":\"https:\/\/spreewaldmarathon.de\/wpswm\/?s={search_term_string}\"},\"query-input\":{\"@type\":\"PropertyValueSpecification\",\"valueRequired\":true,\"valueName\":\"search_term_string\"}}],\"inLanguage\":\"de\"},{\"@type\":\"Organization\",\"@id\":\"https:\/\/spreewaldmarathon.de\/wpswm\/#organization\",\"name\":\"Lausitzer Sportevents e.V.\",\"url\":\"https:\/\/spreewaldmarathon.de\/wpswm\/\",\"logo\":{\"@type\":\"ImageObject\",\"inLanguage\":\"de\",\"@id\":\"https:\/\/spreewaldmarathon.de\/wpswm\/#\/schema\/logo\/image\/\",\"url\":\"https:\/\/spreewaldmarathon.de\/wpswm\/wp-content\/uploads\/2020\/06\/Banner_LSE-1.jpg\",\"contentUrl\":\"https:\/\/spreewaldmarathon.de\/wpswm\/wp-content\/uploads\/2020\/06\/Banner_LSE-1.jpg\",\"width\":2211,\"height\":624,\"caption\":\"Lausitzer Sportevents e.V.\"},\"image\":{\"@id\":\"https:\/\/spreewaldmarathon.de\/wpswm\/#\/schema\/logo\/image\/\"},\"sameAs\":[\"https:\/\/www.facebook.com\/SpreewaldMarathon\",\"https:\/\/x.com\/spreewaldmarath\",\"https:\/\/www.instagram.com\/spreewaldmarathon\",\"https:\/\/www.youtube.com\/results?search_query=spreewaldmarathon\",\"https:\/\/de.wikipedia.org\/wiki\/Spreewald-Marathon\"]}]}<\/script>\n<!-- \/ Yoast SEO plugin. -->","yoast_head_json":{"title":"21,0975 km Burger Halbmarathon - SPREEWALDMARATHON","robots":{"index":"index","follow":"follow","max-snippet":"max-snippet:-1","max-image-preview":"max-image-preview:large","max-video-preview":"max-video-preview:-1"},"canonical":"https:\/\/spreewaldmarathon.de\/wpswm\/21-0975-km-burger-halbmarathon\/","og_locale":"de_DE","og_type":"article","og_title":"21,0975 km Burger Halbmarathon - SPREEWALDMARATHON","og_description":"[vc_row][vc_column width=&#8220;1\/1&#8243;][vc_column_text]Die Strecke ist, wenn kein Wind weht, sehr schnell und fl\u00fcssig zu laufen. Der Rundkurs ist von Roland Winkler (Berlin) und Hans-Joachim Weidner (Hohenbocka), beide anerkannte DLV-Streckenvermesser, amtlich vermessen worden. Der H\u00f6henunterschied betr\u00e4gt 1,8 Meter. Es wird eine 21,1 km Runde in Deutschlands fl\u00e4chenm\u00e4\u00dfig gr\u00f6\u00dfter Gemeinde Burg gelaufen. Bis Kilometer 4 l\u00e4uft man gemeinsam mit den 10 km und den Marathon-L\u00e4ufern. Danach bis km 20 zusammen mit den Marathon-L\u00e4ufern. Ganz verkehrsfrei ist die Strecke auf seiner zweiten H\u00e4lfte nicht, da man die einzige Ortsteilverbindungsstra\u00dfe nicht stundenlang f\u00fcr den Autoverkehr sperren kann. Streckenbelag: 18,6 km Asphalt, 2,5 km fast feste Sandwege Verpflegung: km 5, km 8, km 12, km 16, km 20, im Ziel Teilnahme: ab 14 Jahre Altersklassen: M\/W 14\/15, 16\/17, 18\/19, 20, 30, 35, 40, 45, 50, 55, 60, 65, 70, 75 Zeitlimit:\u00a05 1\/2 Stunden Zielschluss:\u00a016.00 Uhr[\/vc_column_text][\/vc_column][\/vc_row]","og_url":"https:\/\/spreewaldmarathon.de\/wpswm\/21-0975-km-burger-halbmarathon\/","og_site_name":"SPREEWALDMARATHON","article_publisher":"https:\/\/www.facebook.com\/SpreewaldMarathon","article_modified_time":"2022-04-12T17:43:22+00:00","twitter_card":"summary_large_image","twitter_site":"@spreewaldmarath","twitter_misc":{"Gesch\u00e4tzte Lesezeit":"1\u00a0Minute"},"schema":{"@context":"https:\/\/schema.org","@graph":[{"@type":"WebPage","@id":"https:\/\/spreewaldmarathon.de\/wpswm\/21-0975-km-burger-halbmarathon\/","url":"https:\/\/spreewaldmarathon.de\/wpswm\/21-0975-km-burger-halbmarathon\/","name":"21,0975 km Burger Halbmarathon - SPREEWALDMARATHON","isPartOf":{"@id":"https:\/\/spreewaldmarathon.de\/wpswm\/#website"},"datePublished":"2020-11-11T21:39:19+00:00","dateModified":"2022-04-12T17:43:22+00:00","breadcrumb":{"@id":"https:\/\/spreewaldmarathon.de\/wpswm\/21-0975-km-burger-halbmarathon\/#breadcrumb"},"inLanguage":"de","potentialAction":[{"@type":"ReadAction","target":["https:\/\/spreewaldmarathon.de\/wpswm\/21-0975-km-burger-halbmarathon\/"]}]},{"@type":"BreadcrumbList","@id":"https:\/\/spreewaldmarathon.de\/wpswm\/21-0975-km-burger-halbmarathon\/#breadcrumb","itemListElement":[{"@type":"ListItem","position":1,"name":"Home","item":"https:\/\/spreewaldmarathon.de\/wpswm\/"},{"@type":"ListItem","position":2,"name":"21,0975 km Burger Halbmarathon"}]},{"@type":"WebSite","@id":"https:\/\/spreewaldmarathon.de\/wpswm\/#website","url":"https:\/\/spreewaldmarathon.de\/wpswm\/","name":"SPREEWALDMARATHON","description":"Alles rund um den Spreewaldmarathon","publisher":{"@id":"https:\/\/spreewaldmarathon.de\/wpswm\/#organization"},"potentialAction":[{"@type":"SearchAction","target":{"@type":"EntryPoint","urlTemplate":"https:\/\/spreewaldmarathon.de\/wpswm\/?s={search_term_string}"},"query-input":{"@type":"PropertyValueSpecification","valueRequired":true,"valueName":"search_term_string"}}],"inLanguage":"de"},{"@type":"Organization","@id":"https:\/\/spreewaldmarathon.de\/wpswm\/#organization","name":"Lausitzer Sportevents e.V.","url":"https:\/\/spreewaldmarathon.de\/wpswm\/","logo":{"@type":"ImageObject","inLanguage":"de","@id":"https:\/\/spreewaldmarathon.de\/wpswm\/#\/schema\/logo\/image\/","url":"https:\/\/spreewaldmarathon.de\/wpswm\/wp-content\/uploads\/2020\/06\/Banner_LSE-1.jpg","contentUrl":"https:\/\/spreewaldmarathon.de\/wpswm\/wp-content\/uploads\/2020\/06\/Banner_LSE-1.jpg","width":2211,"height":624,"caption":"Lausitzer Sportevents e.V."},"image":{"@id":"https:\/\/spreewaldmarathon.de\/wpswm\/#\/schema\/logo\/image\/"},"sameAs":["https:\/\/www.facebook.com\/SpreewaldMarathon","https:\/\/x.com\/spreewaldmarath","https:\/\/www.instagram.com\/spreewaldmarathon","https:\/\/www.youtube.com\/results?search_query=spreewaldmarathon","https:\/\/de.wikipedia.org\/wiki\/Spreewald-Marathon"]}]}},"_links":{"self":[{"href":"https:\/\/spreewaldmarathon.de\/wpswm\/wp-json\/wp\/v2\/pages\/21220"}],"collection":[{"href":"https:\/\/spreewaldmarathon.de\/wpswm\/wp-json\/wp\/v2\/pages"}],"about":[{"href":"https:\/\/spreewaldmarathon.de\/wpswm\/wp-json\/wp\/v2\/types\/page"}],"author":[{"embeddable":true,"href":"https:\/\/spreewaldmarathon.de\/wpswm\/wp-json\/wp\/v2\/users\/1"}],"replies":[{"embeddable":true,"href":"https:\/\/spreewaldmarathon.de\/wpswm\/wp-json\/wp\/v2\/comments?post=21220"}],"version-history":[{"count":9,"href":"https:\/\/spreewaldmarathon.de\/wpswm\/wp-json\/wp\/v2\/pages\/21220\/revisions"}],"predecessor-version":[{"id":25144,"href":"https:\/\/spreewaldmarathon.de\/wpswm\/wp-json\/wp\/v2\/pages\/21220\/revisions\/25144"}],"wp:attachment":[{"href":"https:\/\/spreewaldmarathon.de\/wpswm\/wp-json\/wp\/v2\/media?parent=21220"}],"curies":[{"name":"wp","href":"https:\/\/api.w.org\/{rel}","templated":true}]}}