{"id":20926,"date":"2020-11-09T20:25:26","date_gmt":"2020-11-09T19:25:26","guid":{"rendered":"https:\/\/www.spreewaldmarathon.de\/wpswm\/?page_id=20926"},"modified":"2026-02-15T17:53:53","modified_gmt":"2026-02-15T16:53:53","slug":"treue-club","status":"publish","type":"page","link":"https:\/\/spreewaldmarathon.de\/wpswm\/treue-club\/","title":{"rendered":"TREUE-CLUB"},"content":{"rendered":"<div class=\"wpb-content-wrapper\"><p>[vc_row][vc_column width=&#8220;1\/1&#8243;][vc_column_text]<\/p>\n<h2><span style=\"color: #0000ff;\">SPREEWALDMARATHON TREUE-CLUB<\/span><\/h2>\n<p>Der Treue-Club des SPREEWALDMARATHON vereint alle Sportler und Helfer die am SPREEWALDMARATHON\u00a0<span style=\"color: #000000;\"><strong>\u00fcber zehnmal<\/strong><\/span>\u00a0teilgenommen haben.<br \/>\nDie Mitgliedschaft ist kostenlos. Mit dem Club soll der Name und die Geschichte unserer Veranstaltung attraktiv weiter in die Zukunft gef\u00fchrt werden.[\/vc_column_text][\/vc_column][\/vc_row][vc_row][vc_column width=&#8220;1\/2&#8243;][vc_column_text]<span style=\"color: #0000ff;\"><strong>Wie wird man Mitglied?<\/strong><\/span><br \/>\nDu reichst von allen absolvierten Starts im Rahmen des SPREEWALD-MARATHONs die Kopien oder Fotos der Urkunden ein. Alternativ k\u00f6nnen auch Ausz\u00fcge aus den Ergebnislisten verwendet werden. Wichtig ist ein Nachweis \u00fcber 10 oder mehr erfolgreiche Teilnahmen in 10 oder mehr Jahren. (Mehrfachstarts in einem Jahr z\u00e4hlen immer nur einmal). Da wir insbesondere bei den Radsportlern nicht wissen,<br \/>\nob diese ins Ziel gekommen sind (da dort keine Zeitmessung erfolgt) k\u00f6nnen wir die tats\u00e4chlichen Teilnahmen nicht zu 100% selbst\u00a0kl\u00e4ren.<\/p>\n<p>Bitte schicke deine Kopien mit folgenden Angaben: Nachname, Vorname, PLZ, Wohnort, Stra\u00dfe, Hausnummer, E-Mail, Telefonnummer,<br \/>\ndie gew\u00fcnschte T-Shirt\/Trikot-Gr\u00f6\u00dfe\u00a0und dein vollst\u00e4ndiges Geburtsdatum an:[\/vc_column_text][\/vc_column][vc_column width=&#8220;1\/2&#8243;]<div class=\"spacer\" style=\"height: 40px;\"><\/div><div class=\"single_image wpb_content_element align-center    \" data-animation=\"none\" data-delay=\"0\"><a href=\"https:\/\/spreewaldmarathon.de\/wpswm\/wp-content\/uploads\/Die-19x-Spreewaldgurken-von-Stefan-Kunath-aus-Birkenwerder-.jpg\" target=\"_blank\"><img loading=\"lazy\" decoding=\"async\" width=\"300\" height=\"216\" src=\"https:\/\/spreewaldmarathon.de\/wpswm\/wp-content\/uploads\/Die-19x-Spreewaldgurken-von-Stefan-Kunath-aus-Birkenwerder--300x216.jpg\" class=\"attachment-medium\" alt=\"F\u00fcr seine 19 Starts beim Spreewaldmarathon gab es schon 19x die ber\u00fchmte Spreewaldgurken-Medaille in unterschiedlicher Ausf\u00fchrung.\" title=\"Die 19x Spreewaldgurken von Stefan Kunath aus Birkenwerder\" srcset=\"https:\/\/spreewaldmarathon.de\/wpswm\/wp-content\/uploads\/Die-19x-Spreewaldgurken-von-Stefan-Kunath-aus-Birkenwerder--300x216.jpg 300w, https:\/\/spreewaldmarathon.de\/wpswm\/wp-content\/uploads\/Die-19x-Spreewaldgurken-von-Stefan-Kunath-aus-Birkenwerder--1024x736.jpg 1024w, https:\/\/spreewaldmarathon.de\/wpswm\/wp-content\/uploads\/Die-19x-Spreewaldgurken-von-Stefan-Kunath-aus-Birkenwerder--768x552.jpg 768w, https:\/\/spreewaldmarathon.de\/wpswm\/wp-content\/uploads\/Die-19x-Spreewaldgurken-von-Stefan-Kunath-aus-Birkenwerder--1536x1104.jpg 1536w, https:\/\/spreewaldmarathon.de\/wpswm\/wp-content\/uploads\/Die-19x-Spreewaldgurken-von-Stefan-Kunath-aus-Birkenwerder-.jpg 1968w\" sizes=\"(max-width: 300px) 100vw, 300px\" \/><\/a><\/div>[\/vc_column][\/vc_row][vc_section][vc_row][vc_column width=&#8220;1\/1&#8243;][vc_column_text]<\/p>\n<h2 style=\"text-align: left;\"><span style=\"color: #0000ff;\">WAS ERWARTET DICH F\u00dcR DEINE TREUE?<\/span><\/h2>\n<p>[\/vc_column_text][\/vc_column][\/vc_row][vc_row][vc_column width=&#8220;1\/2&#8243;][vc_column_text]<span style=\"color: #0000ff;\"><strong>FREISTART<\/strong><\/span><br \/>\nSo funktioniert es.\u00a0Du hast 10, 15, 20\u00a0<strong>Jahre<\/strong>\u00a0bei uns teilgenommen, so kannst du<br \/>\nbei n\u00e4chsten Start einen Freistart bekommen. (Mehrfachstarts in einem Jahr z\u00e4hlen immer nur einmal). Den Freistart gibt es immer f\u00fcr die teuerste Strecke. Bei Freistartanrecht meldet Euch bitte\u00a0<strong><span class=\"rot\">nur<\/span><\/strong> mit dem einmaligen elektronischen Lastschriftverfahren an. Nach erfolgter Anmeldung uns bitte die Meldebest\u00e4tigung per E-Mail senden oder anrufen und wir setzen danach die Geb\u00fchr auf &#8222;Null&#8220;.[\/vc_column_text][\/vc_column][vc_column width=&#8220;1\/2&#8243;][vc_column_text]<span style=\"color: #0000ff;\"><strong>\u00dcbertragung eines bezahlten Startplatzes bei Krankheit auf das Folgejahr<\/strong><\/span><br \/>\nAlle TREUE-CLUB Mitgliedern wird es bei Krankheit gestattet, ihren schon bezahlen Startplatz(e) auf das Folgejahr zu \u00fcberschreiben. Der Wunsch nach einer \u00dcbertragung ist bis zum 31. Mai eines jeden Jahres, \u00fcber unser Kontaktformular bekannt zu geben.[\/vc_column_text][vc_column_text]<span style=\"color: #0000ff;\"><strong>\u00dcbertragung eines FREISTARTS auf das Folgejahr<\/strong><\/span><br \/>\nAlle TREUE-CLUB Mitgliedern wird es bei Krankheit ebenfalls gestattet, ihr Anrecht auf Freistart auf das Folgejahr zu verschieben.[\/vc_column_text][vc_column_text]<span style=\"color: #0000ff;\"><strong>Die Teilnahme am ganzj\u00e4hrigen Spreewaldmarathon &#8222;Zu Hause&#8220;<\/strong><\/span><br \/>\nwird auch als Teilnahme f\u00fcr den Spreewaldmarathon Treueclub gez\u00e4hlt.[\/vc_column_text][\/vc_column][\/vc_row][\/vc_section][vc_row text_align=&#8220;center&#8220;][vc_column width=&#8220;1\/2&#8243;][vc_column_text]<\/p>\n<p style=\"text-align: left;\"><span style=\"color: #0000ff;\"><strong>GOLDENE SONDERURKUNDE<\/strong><\/span><br \/>\nAlle neu aufgenommenen TREUE-Mitglieder erhalten eine<br \/>\n<strong>Golddruck-Sonderurkunde\u00a0<\/strong>zugeschickt.<\/p>\n<p>[\/vc_column_text][\/vc_column][vc_column width=&#8220;1\/2&#8243;][vc_column_text]<img decoding=\"async\" class=\"aligncenter\" src=\"https:\/\/www.spreewaldmarathon.de\/SM\/image\/Mitgliedsurkunde-Treueclub.jpg\" alt=\"Urkunde f\u00fcr alle Spreewaldmarathon Treueclub-Mitglieder\" width=\"200\" \/>[\/vc_column_text][\/vc_column][\/vc_row][vc_row][vc_column width=&#8220;1\/2&#8243;][vc_column_text]<span style=\"color: #0000ff;\"><strong>TREUE-SHIRT oder RADTRIKOT<\/strong><\/span><br \/>\nAlle neu aufgenommenen TREUE-Mitglieder erhalten ein<br \/>\n<strong>TREUE-SHIRT\u00a0<\/strong>oder\u00a0<strong>RADTRIKOT\u00a0<\/strong>zugeschickt.<br \/>\nDas Funktions-Shirt nur f\u00fcr Mitglieder des Spreewaldmarathon Treueclub.[\/vc_column_text][\/vc_column][vc_column width=&#8220;1\/2&#8243;][vc_column_text]<\/p>\n<p style=\"text-align: center;\"><img decoding=\"async\" src=\"https:\/\/www.spreewaldmarathon.de\/SM\/image\/Spreewaldmarathon-Shirt-Treueclub.png\" alt=\"Das Shirt nur f\u00fcr Mitglieder des Sprewaldmarathon Treueclub\" width=\"400\" \/><\/p>\n<p>[\/vc_column_text][\/vc_column][\/vc_row][vc_row][vc_column width=&#8220;1\/2&#8243;][vc_column_text]<span style=\"color: #0000ff;\"><strong>GOLDENE R\u00dcCKENSTARTNUMMER | ZUSATZSTARTNUMMER<\/strong><\/span><br \/>\nZus\u00e4tzlich zur Strecken-Startnummer gibt es eine R\u00fcckennummer mit der aufgedruckten aktuellen Teilnahmezahl. Die Ziffer auf der Startnummer schlie\u00dft euren Start im laufenden Jahr schon mit ein. Diese Zusatznummer ist Gold unterlegt, womit sich die TREUE-Mitglieder von den anderen Teilnehmern abheben und von den Zuschauern schnell zu erkennen sind. Die Treue-Startnummer bitte nicht weitergeben, diese ist an Euch pers\u00f6nlich gebunden.<\/p>\n<p>Die Zusatznummer f\u00fcr die TREUE-Sportler gibt es jedes Jahr aktualisiert bei der Abholung der Startunterlagen.[\/vc_column_text][\/vc_column][vc_column width=&#8220;1\/2&#8243;][vc_column_text]<\/p>\n<p style=\"text-align: center;\"><img decoding=\"async\" src=\"https:\/\/www.spreewaldmarathon.de\/SM\/image\/Startnummer-Treueclub.jpg\" alt=\"Muster der Zusatzstartnummer f\u00fcr den Treueclub\" width=\"300\" \/><\/p>\n<p>[\/vc_column_text][\/vc_column][\/vc_row][vc_row][vc_column width=&#8220;1\/2&#8243;][vc_column_text]<\/p>\n<h2><span style=\"color: #0000ff;\"><strong>TREUE-CLUB MITGLIEDER<\/strong><\/span><\/h2>\n<p>[\/vc_column_text]<div class=\"single_image wpb_content_element align-left    \" data-animation=\"none\" data-delay=\"0\"><a href=\"https:\/\/spreewaldmarathon.de\/wpswm\/wp-content\/uploads\/Treueclub-Liste_15_02_2026.pdf\" target=\"_blank\"><img loading=\"lazy\" decoding=\"async\" width=\"2339\" height=\"1654\" src=\"https:\/\/spreewaldmarathon.de\/wpswm\/wp-content\/uploads\/Mitglieder-Treueclub-1.jpg\" class=\"attachment-full\" alt=\"\" title=\"Mitglieder-Treueclub\" srcset=\"https:\/\/spreewaldmarathon.de\/wpswm\/wp-content\/uploads\/Mitglieder-Treueclub-1.jpg 2339w, https:\/\/spreewaldmarathon.de\/wpswm\/wp-content\/uploads\/Mitglieder-Treueclub-1-300x212.jpg 300w, https:\/\/spreewaldmarathon.de\/wpswm\/wp-content\/uploads\/Mitglieder-Treueclub-1-1400x990.jpg 1400w, https:\/\/spreewaldmarathon.de\/wpswm\/wp-content\/uploads\/Mitglieder-Treueclub-1-768x543.jpg 768w, https:\/\/spreewaldmarathon.de\/wpswm\/wp-content\/uploads\/Mitglieder-Treueclub-1-1536x1086.jpg 1536w, https:\/\/spreewaldmarathon.de\/wpswm\/wp-content\/uploads\/Mitglieder-Treueclub-1-2048x1448.jpg 2048w\" sizes=\"(max-width: 2339px) 100vw, 2339px\" \/><\/a><\/div>[vc_column_text]<\/p>\n<h2><span style=\"color: #0000ff;\"><strong>TREUE-CLUB MITGLIEDER<\/strong><\/span><\/h2>\n<p>Hier stehen allen gepr\u00fcften und best\u00e4tigten <a href=\"https:\/\/spreewaldmarathon.de\/wpswm\/wp-content\/uploads\/Treueclub-Liste_15_02_2026.pdf\" target=\"_blank\" rel=\"noopener\"><span style=\"color: #ff0000;\"><strong>TREUE-CLUB Mitglieder<\/strong>.<\/span><\/a><br \/>\nEs sind derzeit mit Stand <span style=\"color: #000000;\"><strong>15.02.2026<\/strong><\/span>\u00a0<span style=\"color: #0000ff;\"><strong> 306 Mitglieder<\/strong><\/span>.<\/p>\n<p>Der Treue-Club wird einmal j\u00e4hrlich aktualisiert.<br \/>\nDie goldene Startnummer vergeben wir bei der Abholung der Startunterlagen, nach dem aktuell vorliegenden Stand.<\/p>\n<p>Wir bitten alle Treue-Club-Mitglieder j\u00e4hrlich Ihre Angaben in unserer Tabelle auf Richtigkeit zu pr\u00fcfen.[\/vc_column_text][\/vc_column][vc_column width=&#8220;1\/2&#8243;][vc_column_text]<span style=\"color: #ff9900;\"><strong><span style=\"color: #ff0000;\">Meldepflicht f\u00fcr alle weiteren Teilnahmen!<\/span><br \/>\n<\/strong><\/span>Informiert uns bitte immer nach einem Start beim Spreewaldmarathon,<br \/>\nbis 31. Oktober des jeweiligen Jahres \u00fcber eure erneute Teilnahme, damit wir einen vollst\u00e4ndigen Nachweis f\u00fchren k\u00f6nnen, um auch zuk\u00fcnftig erworbene Freistarts zu gew\u00e4hren.<br \/>\nEs ist uns unm\u00f6glich selbst alle Treue-Club Mitglieder aus \u00fcber 10.000 Teilnehmern und ca. 50 Wettbewerben herauszusuchen. Wir bitten um eure Unterst\u00fctzung!<br \/>\nDie Zusendung eines Fotos von der aktuellen Urkunde per E-Mail \u00fcber unser <strong><a href=\"https:\/\/spreewaldmarathon.de\/wpswm\/kontakt\/\" target=\"_blank\" rel=\"noopener\">Kontaktformular<\/a><\/strong> ist ausreichend.<\/p>\n<p><strong><em>***\u00a0<\/em><\/strong><em>Die Mitgliedschaft im TREUE-CLUB entbindet die TREUE-Mitglieder nicht davon, sich in den Jahren ohne Freistartanrecht, ganz regul\u00e4r f\u00fcr jeden weiteren SPREEWALDMARATHON anzumelden.<\/em>[\/vc_column_text][\/vc_column][\/vc_row]<\/p>\n<\/div>","protected":false},"excerpt":{"rendered":"<p>[vc_row][vc_column width=&#8220;1\/1&#8243;][vc_column_text] SPREEWALDMARATHON TREUE-CLUB Der Treue-Club des SPREEWALDMARATHON vereint alle Sportler und Helfer die am SPREEWALDMARATHON\u00a0\u00fcber zehnmal\u00a0teilgenommen haben. Die Mitgliedschaft ist kostenlos. Mit dem Club soll der Name und die Geschichte unserer Veranstaltung attraktiv weiter in die Zukunft gef\u00fchrt werden.[\/vc_column_text][\/vc_column][\/vc_row][vc_row][vc_column width=&#8220;1\/2&#8243;][vc_column_text]Wie wird man Mitglied? Du reichst von allen absolvierten Starts im Rahmen des SPREEWALD-MARATHONs die Kopien oder Fotos der Urkunden ein. Alternativ k\u00f6nnen auch Ausz\u00fcge aus den Ergebnislisten verwendet werden. Wichtig ist ein Nachweis \u00fcber 10 oder mehr erfolgreiche Teilnahmen in 10 oder mehr Jahren. (Mehrfachstarts in einem Jahr z\u00e4hlen immer nur einmal). Da wir insbesondere bei den Radsportlern nicht wissen, ob diese ins Ziel gekommen sind (da dort keine Zeitmessung erfolgt) k\u00f6nnen wir die tats\u00e4chlichen Teilnahmen nicht zu 100% selbst\u00a0kl\u00e4ren. Bitte schicke deine Kopien mit folgenden Angaben: Nachname, Vorname, PLZ, Wohnort, Stra\u00dfe, Hausnummer, E-Mail, Telefonnummer, die gew\u00fcnschte T-Shirt\/Trikot-Gr\u00f6\u00dfe\u00a0und dein vollst\u00e4ndiges Geburtsdatum an:[\/vc_column_text][\/vc_column][vc_column width=&#8220;1\/2&#8243;][\/vc_column][\/vc_row][vc_section][vc_row][vc_column width=&#8220;1\/1&#8243;][vc_column_text] WAS ERWARTET DICH F\u00dcR DEINE TREUE? [\/vc_column_text][\/vc_column][\/vc_row][vc_row][vc_column width=&#8220;1\/2&#8243;][vc_column_text]FREISTART So funktioniert es.\u00a0Du hast 10, 15, 20\u00a0Jahre\u00a0bei uns teilgenommen, so kannst du bei n\u00e4chsten Start einen Freistart bekommen. (Mehrfachstarts in einem Jahr z\u00e4hlen immer nur einmal). Den Freistart gibt es immer f\u00fcr die teuerste Strecke. Bei Freistartanrecht meldet Euch bitte\u00a0nur mit dem einmaligen elektronischen Lastschriftverfahren an. Nach [&hellip;]<\/p>\n","protected":false},"author":1,"featured_media":0,"parent":0,"menu_order":0,"comment_status":"closed","ping_status":"closed","template":"","meta":{"footnotes":""},"class_list":["post-20926","page","type-page","status-publish","hentry"],"yoast_head":"<!-- This site is optimized with the Yoast SEO plugin v25.6 - https:\/\/yoast.com\/wordpress\/plugins\/seo\/ -->\n<title>TREUE-CLUB - SPREEWALDMARATHON<\/title>\n<meta name=\"robots\" content=\"index, follow, max-snippet:-1, max-image-preview:large, max-video-preview:-1\" \/>\n<link rel=\"canonical\" href=\"https:\/\/spreewaldmarathon.de\/wpswm\/treue-club\/\" \/>\n<meta property=\"og:locale\" content=\"de_DE\" \/>\n<meta property=\"og:type\" content=\"article\" \/>\n<meta property=\"og:title\" content=\"TREUE-CLUB - SPREEWALDMARATHON\" \/>\n<meta property=\"og:description\" content=\"[vc_row][vc_column width=&#8220;1\/1&#8243;][vc_column_text] SPREEWALDMARATHON TREUE-CLUB Der Treue-Club des SPREEWALDMARATHON vereint alle Sportler und Helfer die am SPREEWALDMARATHON\u00a0\u00fcber zehnmal\u00a0teilgenommen haben. Die Mitgliedschaft ist kostenlos. Mit dem Club soll der Name und die Geschichte unserer Veranstaltung attraktiv weiter in die Zukunft gef\u00fchrt werden.[\/vc_column_text][\/vc_column][\/vc_row][vc_row][vc_column width=&#8220;1\/2&#8243;][vc_column_text]Wie wird man Mitglied? Du reichst von allen absolvierten Starts im Rahmen des SPREEWALD-MARATHONs die Kopien oder Fotos der Urkunden ein. Alternativ k\u00f6nnen auch Ausz\u00fcge aus den Ergebnislisten verwendet werden. Wichtig ist ein Nachweis \u00fcber 10 oder mehr erfolgreiche Teilnahmen in 10 oder mehr Jahren. (Mehrfachstarts in einem Jahr z\u00e4hlen immer nur einmal). Da wir insbesondere bei den Radsportlern nicht wissen, ob diese ins Ziel gekommen sind (da dort keine Zeitmessung erfolgt) k\u00f6nnen wir die tats\u00e4chlichen Teilnahmen nicht zu 100% selbst\u00a0kl\u00e4ren. Bitte schicke deine Kopien mit folgenden Angaben: Nachname, Vorname, PLZ, Wohnort, Stra\u00dfe, Hausnummer, E-Mail, Telefonnummer, die gew\u00fcnschte T-Shirt\/Trikot-Gr\u00f6\u00dfe\u00a0und dein vollst\u00e4ndiges Geburtsdatum an:[\/vc_column_text][\/vc_column][vc_column width=&#8220;1\/2&#8243;][\/vc_column][\/vc_row][vc_section][vc_row][vc_column width=&#8220;1\/1&#8243;][vc_column_text] WAS ERWARTET DICH F\u00dcR DEINE TREUE? [\/vc_column_text][\/vc_column][\/vc_row][vc_row][vc_column width=&#8220;1\/2&#8243;][vc_column_text]FREISTART So funktioniert es.\u00a0Du hast 10, 15, 20\u00a0Jahre\u00a0bei uns teilgenommen, so kannst du bei n\u00e4chsten Start einen Freistart bekommen. (Mehrfachstarts in einem Jahr z\u00e4hlen immer nur einmal). Den Freistart gibt es immer f\u00fcr die teuerste Strecke. Bei Freistartanrecht meldet Euch bitte\u00a0nur mit dem einmaligen elektronischen Lastschriftverfahren an. Nach [&hellip;]\" \/>\n<meta property=\"og:url\" content=\"https:\/\/spreewaldmarathon.de\/wpswm\/treue-club\/\" \/>\n<meta property=\"og:site_name\" content=\"SPREEWALDMARATHON\" \/>\n<meta property=\"article:publisher\" content=\"https:\/\/www.facebook.com\/SpreewaldMarathon\" \/>\n<meta property=\"article:modified_time\" content=\"2026-02-15T16:53:53+00:00\" \/>\n<meta property=\"og:image\" content=\"https:\/\/www.spreewaldmarathon.de\/SM\/image\/Mitgliedsurkunde-Treueclub.jpg\" \/>\n<meta name=\"twitter:card\" content=\"summary_large_image\" \/>\n<meta name=\"twitter:site\" content=\"@spreewaldmarath\" \/>\n<meta name=\"twitter:label1\" content=\"Gesch\u00e4tzte Lesezeit\" \/>\n\t<meta name=\"twitter:data1\" content=\"5\u00a0Minuten\" \/>\n<script type=\"application\/ld+json\" class=\"yoast-schema-graph\">{\"@context\":\"https:\/\/schema.org\",\"@graph\":[{\"@type\":\"WebPage\",\"@id\":\"https:\/\/spreewaldmarathon.de\/wpswm\/treue-club\/\",\"url\":\"https:\/\/spreewaldmarathon.de\/wpswm\/treue-club\/\",\"name\":\"TREUE-CLUB - SPREEWALDMARATHON\",\"isPartOf\":{\"@id\":\"https:\/\/spreewaldmarathon.de\/wpswm\/#website\"},\"primaryImageOfPage\":{\"@id\":\"https:\/\/spreewaldmarathon.de\/wpswm\/treue-club\/#primaryimage\"},\"image\":{\"@id\":\"https:\/\/spreewaldmarathon.de\/wpswm\/treue-club\/#primaryimage\"},\"thumbnailUrl\":\"https:\/\/www.spreewaldmarathon.de\/SM\/image\/Mitgliedsurkunde-Treueclub.jpg\",\"datePublished\":\"2020-11-09T19:25:26+00:00\",\"dateModified\":\"2026-02-15T16:53:53+00:00\",\"breadcrumb\":{\"@id\":\"https:\/\/spreewaldmarathon.de\/wpswm\/treue-club\/#breadcrumb\"},\"inLanguage\":\"de\",\"potentialAction\":[{\"@type\":\"ReadAction\",\"target\":[\"https:\/\/spreewaldmarathon.de\/wpswm\/treue-club\/\"]}]},{\"@type\":\"ImageObject\",\"inLanguage\":\"de\",\"@id\":\"https:\/\/spreewaldmarathon.de\/wpswm\/treue-club\/#primaryimage\",\"url\":\"https:\/\/www.spreewaldmarathon.de\/SM\/image\/Mitgliedsurkunde-Treueclub.jpg\",\"contentUrl\":\"https:\/\/www.spreewaldmarathon.de\/SM\/image\/Mitgliedsurkunde-Treueclub.jpg\"},{\"@type\":\"BreadcrumbList\",\"@id\":\"https:\/\/spreewaldmarathon.de\/wpswm\/treue-club\/#breadcrumb\",\"itemListElement\":[{\"@type\":\"ListItem\",\"position\":1,\"name\":\"Home\",\"item\":\"https:\/\/spreewaldmarathon.de\/wpswm\/\"},{\"@type\":\"ListItem\",\"position\":2,\"name\":\"TREUE-CLUB\"}]},{\"@type\":\"WebSite\",\"@id\":\"https:\/\/spreewaldmarathon.de\/wpswm\/#website\",\"url\":\"https:\/\/spreewaldmarathon.de\/wpswm\/\",\"name\":\"SPREEWALDMARATHON\",\"description\":\"Alles rund um den Spreewaldmarathon\",\"publisher\":{\"@id\":\"https:\/\/spreewaldmarathon.de\/wpswm\/#organization\"},\"potentialAction\":[{\"@type\":\"SearchAction\",\"target\":{\"@type\":\"EntryPoint\",\"urlTemplate\":\"https:\/\/spreewaldmarathon.de\/wpswm\/?s={search_term_string}\"},\"query-input\":{\"@type\":\"PropertyValueSpecification\",\"valueRequired\":true,\"valueName\":\"search_term_string\"}}],\"inLanguage\":\"de\"},{\"@type\":\"Organization\",\"@id\":\"https:\/\/spreewaldmarathon.de\/wpswm\/#organization\",\"name\":\"Lausitzer Sportevents e.V.\",\"url\":\"https:\/\/spreewaldmarathon.de\/wpswm\/\",\"logo\":{\"@type\":\"ImageObject\",\"inLanguage\":\"de\",\"@id\":\"https:\/\/spreewaldmarathon.de\/wpswm\/#\/schema\/logo\/image\/\",\"url\":\"https:\/\/spreewaldmarathon.de\/wpswm\/wp-content\/uploads\/2020\/06\/Banner_LSE-1.jpg\",\"contentUrl\":\"https:\/\/spreewaldmarathon.de\/wpswm\/wp-content\/uploads\/2020\/06\/Banner_LSE-1.jpg\",\"width\":2211,\"height\":624,\"caption\":\"Lausitzer Sportevents e.V.\"},\"image\":{\"@id\":\"https:\/\/spreewaldmarathon.de\/wpswm\/#\/schema\/logo\/image\/\"},\"sameAs\":[\"https:\/\/www.facebook.com\/SpreewaldMarathon\",\"https:\/\/x.com\/spreewaldmarath\",\"https:\/\/www.instagram.com\/spreewaldmarathon\",\"https:\/\/www.youtube.com\/results?search_query=spreewaldmarathon\",\"https:\/\/de.wikipedia.org\/wiki\/Spreewald-Marathon\"]}]}<\/script>\n<!-- \/ Yoast SEO plugin. -->","yoast_head_json":{"title":"TREUE-CLUB - SPREEWALDMARATHON","robots":{"index":"index","follow":"follow","max-snippet":"max-snippet:-1","max-image-preview":"max-image-preview:large","max-video-preview":"max-video-preview:-1"},"canonical":"https:\/\/spreewaldmarathon.de\/wpswm\/treue-club\/","og_locale":"de_DE","og_type":"article","og_title":"TREUE-CLUB - SPREEWALDMARATHON","og_description":"[vc_row][vc_column width=&#8220;1\/1&#8243;][vc_column_text] SPREEWALDMARATHON TREUE-CLUB Der Treue-Club des SPREEWALDMARATHON vereint alle Sportler und Helfer die am SPREEWALDMARATHON\u00a0\u00fcber zehnmal\u00a0teilgenommen haben. Die Mitgliedschaft ist kostenlos. Mit dem Club soll der Name und die Geschichte unserer Veranstaltung attraktiv weiter in die Zukunft gef\u00fchrt werden.[\/vc_column_text][\/vc_column][\/vc_row][vc_row][vc_column width=&#8220;1\/2&#8243;][vc_column_text]Wie wird man Mitglied? Du reichst von allen absolvierten Starts im Rahmen des SPREEWALD-MARATHONs die Kopien oder Fotos der Urkunden ein. Alternativ k\u00f6nnen auch Ausz\u00fcge aus den Ergebnislisten verwendet werden. Wichtig ist ein Nachweis \u00fcber 10 oder mehr erfolgreiche Teilnahmen in 10 oder mehr Jahren. (Mehrfachstarts in einem Jahr z\u00e4hlen immer nur einmal). Da wir insbesondere bei den Radsportlern nicht wissen, ob diese ins Ziel gekommen sind (da dort keine Zeitmessung erfolgt) k\u00f6nnen wir die tats\u00e4chlichen Teilnahmen nicht zu 100% selbst\u00a0kl\u00e4ren. Bitte schicke deine Kopien mit folgenden Angaben: Nachname, Vorname, PLZ, Wohnort, Stra\u00dfe, Hausnummer, E-Mail, Telefonnummer, die gew\u00fcnschte T-Shirt\/Trikot-Gr\u00f6\u00dfe\u00a0und dein vollst\u00e4ndiges Geburtsdatum an:[\/vc_column_text][\/vc_column][vc_column width=&#8220;1\/2&#8243;][\/vc_column][\/vc_row][vc_section][vc_row][vc_column width=&#8220;1\/1&#8243;][vc_column_text] WAS ERWARTET DICH F\u00dcR DEINE TREUE? [\/vc_column_text][\/vc_column][\/vc_row][vc_row][vc_column width=&#8220;1\/2&#8243;][vc_column_text]FREISTART So funktioniert es.\u00a0Du hast 10, 15, 20\u00a0Jahre\u00a0bei uns teilgenommen, so kannst du bei n\u00e4chsten Start einen Freistart bekommen. (Mehrfachstarts in einem Jahr z\u00e4hlen immer nur einmal). Den Freistart gibt es immer f\u00fcr die teuerste Strecke. Bei Freistartanrecht meldet Euch bitte\u00a0nur mit dem einmaligen elektronischen Lastschriftverfahren an. Nach [&hellip;]","og_url":"https:\/\/spreewaldmarathon.de\/wpswm\/treue-club\/","og_site_name":"SPREEWALDMARATHON","article_publisher":"https:\/\/www.facebook.com\/SpreewaldMarathon","article_modified_time":"2026-02-15T16:53:53+00:00","og_image":[{"url":"https:\/\/www.spreewaldmarathon.de\/SM\/image\/Mitgliedsurkunde-Treueclub.jpg","type":"","width":"","height":""}],"twitter_card":"summary_large_image","twitter_site":"@spreewaldmarath","twitter_misc":{"Gesch\u00e4tzte Lesezeit":"5\u00a0Minuten"},"schema":{"@context":"https:\/\/schema.org","@graph":[{"@type":"WebPage","@id":"https:\/\/spreewaldmarathon.de\/wpswm\/treue-club\/","url":"https:\/\/spreewaldmarathon.de\/wpswm\/treue-club\/","name":"TREUE-CLUB - SPREEWALDMARATHON","isPartOf":{"@id":"https:\/\/spreewaldmarathon.de\/wpswm\/#website"},"primaryImageOfPage":{"@id":"https:\/\/spreewaldmarathon.de\/wpswm\/treue-club\/#primaryimage"},"image":{"@id":"https:\/\/spreewaldmarathon.de\/wpswm\/treue-club\/#primaryimage"},"thumbnailUrl":"https:\/\/www.spreewaldmarathon.de\/SM\/image\/Mitgliedsurkunde-Treueclub.jpg","datePublished":"2020-11-09T19:25:26+00:00","dateModified":"2026-02-15T16:53:53+00:00","breadcrumb":{"@id":"https:\/\/spreewaldmarathon.de\/wpswm\/treue-club\/#breadcrumb"},"inLanguage":"de","potentialAction":[{"@type":"ReadAction","target":["https:\/\/spreewaldmarathon.de\/wpswm\/treue-club\/"]}]},{"@type":"ImageObject","inLanguage":"de","@id":"https:\/\/spreewaldmarathon.de\/wpswm\/treue-club\/#primaryimage","url":"https:\/\/www.spreewaldmarathon.de\/SM\/image\/Mitgliedsurkunde-Treueclub.jpg","contentUrl":"https:\/\/www.spreewaldmarathon.de\/SM\/image\/Mitgliedsurkunde-Treueclub.jpg"},{"@type":"BreadcrumbList","@id":"https:\/\/spreewaldmarathon.de\/wpswm\/treue-club\/#breadcrumb","itemListElement":[{"@type":"ListItem","position":1,"name":"Home","item":"https:\/\/spreewaldmarathon.de\/wpswm\/"},{"@type":"ListItem","position":2,"name":"TREUE-CLUB"}]},{"@type":"WebSite","@id":"https:\/\/spreewaldmarathon.de\/wpswm\/#website","url":"https:\/\/spreewaldmarathon.de\/wpswm\/","name":"SPREEWALDMARATHON","description":"Alles rund um den Spreewaldmarathon","publisher":{"@id":"https:\/\/spreewaldmarathon.de\/wpswm\/#organization"},"potentialAction":[{"@type":"SearchAction","target":{"@type":"EntryPoint","urlTemplate":"https:\/\/spreewaldmarathon.de\/wpswm\/?s={search_term_string}"},"query-input":{"@type":"PropertyValueSpecification","valueRequired":true,"valueName":"search_term_string"}}],"inLanguage":"de"},{"@type":"Organization","@id":"https:\/\/spreewaldmarathon.de\/wpswm\/#organization","name":"Lausitzer Sportevents e.V.","url":"https:\/\/spreewaldmarathon.de\/wpswm\/","logo":{"@type":"ImageObject","inLanguage":"de","@id":"https:\/\/spreewaldmarathon.de\/wpswm\/#\/schema\/logo\/image\/","url":"https:\/\/spreewaldmarathon.de\/wpswm\/wp-content\/uploads\/2020\/06\/Banner_LSE-1.jpg","contentUrl":"https:\/\/spreewaldmarathon.de\/wpswm\/wp-content\/uploads\/2020\/06\/Banner_LSE-1.jpg","width":2211,"height":624,"caption":"Lausitzer Sportevents e.V."},"image":{"@id":"https:\/\/spreewaldmarathon.de\/wpswm\/#\/schema\/logo\/image\/"},"sameAs":["https:\/\/www.facebook.com\/SpreewaldMarathon","https:\/\/x.com\/spreewaldmarath","https:\/\/www.instagram.com\/spreewaldmarathon","https:\/\/www.youtube.com\/results?search_query=spreewaldmarathon","https:\/\/de.wikipedia.org\/wiki\/Spreewald-Marathon"]}]}},"_links":{"self":[{"href":"https:\/\/spreewaldmarathon.de\/wpswm\/wp-json\/wp\/v2\/pages\/20926"}],"collection":[{"href":"https:\/\/spreewaldmarathon.de\/wpswm\/wp-json\/wp\/v2\/pages"}],"about":[{"href":"https:\/\/spreewaldmarathon.de\/wpswm\/wp-json\/wp\/v2\/types\/page"}],"author":[{"embeddable":true,"href":"https:\/\/spreewaldmarathon.de\/wpswm\/wp-json\/wp\/v2\/users\/1"}],"replies":[{"embeddable":true,"href":"https:\/\/spreewaldmarathon.de\/wpswm\/wp-json\/wp\/v2\/comments?post=20926"}],"version-history":[{"count":88,"href":"https:\/\/spreewaldmarathon.de\/wpswm\/wp-json\/wp\/v2\/pages\/20926\/revisions"}],"predecessor-version":[{"id":28657,"href":"https:\/\/spreewaldmarathon.de\/wpswm\/wp-json\/wp\/v2\/pages\/20926\/revisions\/28657"}],"wp:attachment":[{"href":"https:\/\/spreewaldmarathon.de\/wpswm\/wp-json\/wp\/v2\/media?parent=20926"}],"curies":[{"name":"wp","href":"https:\/\/api.w.org\/{rel}","templated":true}]}}