{"id":20665,"date":"2020-11-08T11:09:34","date_gmt":"2020-11-08T10:09:34","guid":{"rendered":"https:\/\/www.spreewaldmarathon.de\/wpswm\/?page_id=20665"},"modified":"2025-01-06T18:32:11","modified_gmt":"2025-01-06T17:32:11","slug":"verein","status":"publish","type":"page","link":"https:\/\/spreewaldmarathon.de\/wpswm\/verein\/","title":{"rendered":"Verein"},"content":{"rendered":"\r\n<p>Spreewald-Marathon e.V.<\/p>\r\n\r\n\r\n\r\n<p>Im Mittelpunkt der Arbeit des Spreeewald-Marathon e.V. steht die Organisation und Durchf\u00fchrung des Spreewald-Marathon, der gr\u00f6\u00dften Breitensportveranstaltung im Land Brandenburg. Eine Veranstaltung dieser Gr\u00f6\u00dfe (bis zu 15.000 Teilnehmer) erfordert sehr viel Zeit f\u00fcr die Vorbereitung, Organisation und Koordination. 550 Helfer aus vielen Vereinen der Region m\u00f6chten in das Events eingebunden und angleitet sein. Schlie\u00dflich wollen wir, dass unsere G\u00e4ste jedes Jahr aufs neue eine wunderbare Veranstaltung erleben und voller Euphorie und mit sch\u00f6nsten Erlebnissen nach Hause fahren.<\/p>\r\n<p>Dar\u00fcber hinaus organisieren wir im Januar den\u00a0<a href=\"https:\/\/frostwiese.de\/\" target=\"_blank\" rel=\"noreferrer noopener\"><span style=\"color: #0000ff;\"><strong>Frostwiesen-Lauf<\/strong><\/span>.<\/a><\/p>\r\n\r\n\r\n\r\n<p>Fast w\u00f6chentlich helfen wir anderen Vereinen der Lausitz bei Ihrer Veranstaltungsdurchf\u00fchrung, treiben selbst in kleineren Gruppen Sport und nehmen deutschlandweit an Wettbewerben | Veranstaltungen teil.<\/p>\r\n","protected":false},"excerpt":{"rendered":"<p>Spreewald-Marathon e.V. Im Mittelpunkt der Arbeit des Spreeewald-Marathon e.V. steht die Organisation und Durchf\u00fchrung des Spreewald-Marathon, der gr\u00f6\u00dften Breitensportveranstaltung im Land Brandenburg. Eine Veranstaltung dieser Gr\u00f6\u00dfe (bis zu 15.000 Teilnehmer) erfordert sehr viel Zeit f\u00fcr die Vorbereitung, Organisation und Koordination. 550 Helfer aus vielen Vereinen der Region m\u00f6chten in das Events eingebunden und angleitet sein. Schlie\u00dflich wollen wir, dass unsere G\u00e4ste jedes Jahr aufs neue eine wunderbare Veranstaltung erleben und voller Euphorie und mit sch\u00f6nsten Erlebnissen nach Hause fahren. Dar\u00fcber hinaus organisieren wir im Januar den\u00a0Frostwiesen-Lauf. Fast w\u00f6chentlich helfen wir anderen Vereinen der Lausitz bei Ihrer Veranstaltungsdurchf\u00fchrung, treiben selbst in kleineren Gruppen Sport und nehmen deutschlandweit an Wettbewerben | Veranstaltungen teil.<\/p>\n","protected":false},"author":1,"featured_media":0,"parent":0,"menu_order":0,"comment_status":"closed","ping_status":"closed","template":"","meta":{"footnotes":""},"class_list":["post-20665","page","type-page","status-publish","hentry"],"yoast_head":"<!-- This site is optimized with the Yoast SEO plugin v25.6 - https:\/\/yoast.com\/wordpress\/plugins\/seo\/ -->\n<title>Verein - SPREEWALDMARATHON<\/title>\n<meta name=\"robots\" content=\"index, follow, max-snippet:-1, max-image-preview:large, max-video-preview:-1\" \/>\n<link rel=\"canonical\" href=\"https:\/\/spreewaldmarathon.de\/wpswm\/verein\/\" \/>\n<meta property=\"og:locale\" content=\"de_DE\" \/>\n<meta property=\"og:type\" content=\"article\" \/>\n<meta property=\"og:title\" content=\"Verein - SPREEWALDMARATHON\" \/>\n<meta property=\"og:description\" content=\"Spreewald-Marathon e.V. Im Mittelpunkt der Arbeit des Spreeewald-Marathon e.V. steht die Organisation und Durchf\u00fchrung des Spreewald-Marathon, der gr\u00f6\u00dften Breitensportveranstaltung im Land Brandenburg. Eine Veranstaltung dieser Gr\u00f6\u00dfe (bis zu 15.000 Teilnehmer) erfordert sehr viel Zeit f\u00fcr die Vorbereitung, Organisation und Koordination. 550 Helfer aus vielen Vereinen der Region m\u00f6chten in das Events eingebunden und angleitet sein. Schlie\u00dflich wollen wir, dass unsere G\u00e4ste jedes Jahr aufs neue eine wunderbare Veranstaltung erleben und voller Euphorie und mit sch\u00f6nsten Erlebnissen nach Hause fahren. Dar\u00fcber hinaus organisieren wir im Januar den\u00a0Frostwiesen-Lauf. Fast w\u00f6chentlich helfen wir anderen Vereinen der Lausitz bei Ihrer Veranstaltungsdurchf\u00fchrung, treiben selbst in kleineren Gruppen Sport und nehmen deutschlandweit an Wettbewerben | Veranstaltungen teil.\" \/>\n<meta property=\"og:url\" content=\"https:\/\/spreewaldmarathon.de\/wpswm\/verein\/\" \/>\n<meta property=\"og:site_name\" content=\"SPREEWALDMARATHON\" \/>\n<meta property=\"article:publisher\" content=\"https:\/\/www.facebook.com\/SpreewaldMarathon\" \/>\n<meta property=\"article:modified_time\" content=\"2025-01-06T17:32:11+00:00\" \/>\n<meta name=\"twitter:card\" content=\"summary_large_image\" \/>\n<meta name=\"twitter:site\" content=\"@spreewaldmarath\" \/>\n<meta name=\"twitter:label1\" content=\"Gesch\u00e4tzte Lesezeit\" \/>\n\t<meta name=\"twitter:data1\" content=\"1\u00a0Minute\" \/>\n<script type=\"application\/ld+json\" class=\"yoast-schema-graph\">{\"@context\":\"https:\/\/schema.org\",\"@graph\":[{\"@type\":\"WebPage\",\"@id\":\"https:\/\/spreewaldmarathon.de\/wpswm\/verein\/\",\"url\":\"https:\/\/spreewaldmarathon.de\/wpswm\/verein\/\",\"name\":\"Verein - SPREEWALDMARATHON\",\"isPartOf\":{\"@id\":\"https:\/\/spreewaldmarathon.de\/wpswm\/#website\"},\"datePublished\":\"2020-11-08T10:09:34+00:00\",\"dateModified\":\"2025-01-06T17:32:11+00:00\",\"breadcrumb\":{\"@id\":\"https:\/\/spreewaldmarathon.de\/wpswm\/verein\/#breadcrumb\"},\"inLanguage\":\"de\",\"potentialAction\":[{\"@type\":\"ReadAction\",\"target\":[\"https:\/\/spreewaldmarathon.de\/wpswm\/verein\/\"]}]},{\"@type\":\"BreadcrumbList\",\"@id\":\"https:\/\/spreewaldmarathon.de\/wpswm\/verein\/#breadcrumb\",\"itemListElement\":[{\"@type\":\"ListItem\",\"position\":1,\"name\":\"Home\",\"item\":\"https:\/\/spreewaldmarathon.de\/wpswm\/\"},{\"@type\":\"ListItem\",\"position\":2,\"name\":\"Verein\"}]},{\"@type\":\"WebSite\",\"@id\":\"https:\/\/spreewaldmarathon.de\/wpswm\/#website\",\"url\":\"https:\/\/spreewaldmarathon.de\/wpswm\/\",\"name\":\"SPREEWALDMARATHON\",\"description\":\"Alles rund um den Spreewaldmarathon\",\"publisher\":{\"@id\":\"https:\/\/spreewaldmarathon.de\/wpswm\/#organization\"},\"potentialAction\":[{\"@type\":\"SearchAction\",\"target\":{\"@type\":\"EntryPoint\",\"urlTemplate\":\"https:\/\/spreewaldmarathon.de\/wpswm\/?s={search_term_string}\"},\"query-input\":{\"@type\":\"PropertyValueSpecification\",\"valueRequired\":true,\"valueName\":\"search_term_string\"}}],\"inLanguage\":\"de\"},{\"@type\":\"Organization\",\"@id\":\"https:\/\/spreewaldmarathon.de\/wpswm\/#organization\",\"name\":\"Lausitzer Sportevents e.V.\",\"url\":\"https:\/\/spreewaldmarathon.de\/wpswm\/\",\"logo\":{\"@type\":\"ImageObject\",\"inLanguage\":\"de\",\"@id\":\"https:\/\/spreewaldmarathon.de\/wpswm\/#\/schema\/logo\/image\/\",\"url\":\"https:\/\/spreewaldmarathon.de\/wpswm\/wp-content\/uploads\/2020\/06\/Banner_LSE-1.jpg\",\"contentUrl\":\"https:\/\/spreewaldmarathon.de\/wpswm\/wp-content\/uploads\/2020\/06\/Banner_LSE-1.jpg\",\"width\":2211,\"height\":624,\"caption\":\"Lausitzer Sportevents e.V.\"},\"image\":{\"@id\":\"https:\/\/spreewaldmarathon.de\/wpswm\/#\/schema\/logo\/image\/\"},\"sameAs\":[\"https:\/\/www.facebook.com\/SpreewaldMarathon\",\"https:\/\/x.com\/spreewaldmarath\",\"https:\/\/www.instagram.com\/spreewaldmarathon\",\"https:\/\/www.youtube.com\/results?search_query=spreewaldmarathon\",\"https:\/\/de.wikipedia.org\/wiki\/Spreewald-Marathon\"]}]}<\/script>\n<!-- \/ Yoast SEO plugin. -->","yoast_head_json":{"title":"Verein - SPREEWALDMARATHON","robots":{"index":"index","follow":"follow","max-snippet":"max-snippet:-1","max-image-preview":"max-image-preview:large","max-video-preview":"max-video-preview:-1"},"canonical":"https:\/\/spreewaldmarathon.de\/wpswm\/verein\/","og_locale":"de_DE","og_type":"article","og_title":"Verein - SPREEWALDMARATHON","og_description":"Spreewald-Marathon e.V. Im Mittelpunkt der Arbeit des Spreeewald-Marathon e.V. steht die Organisation und Durchf\u00fchrung des Spreewald-Marathon, der gr\u00f6\u00dften Breitensportveranstaltung im Land Brandenburg. Eine Veranstaltung dieser Gr\u00f6\u00dfe (bis zu 15.000 Teilnehmer) erfordert sehr viel Zeit f\u00fcr die Vorbereitung, Organisation und Koordination. 550 Helfer aus vielen Vereinen der Region m\u00f6chten in das Events eingebunden und angleitet sein. Schlie\u00dflich wollen wir, dass unsere G\u00e4ste jedes Jahr aufs neue eine wunderbare Veranstaltung erleben und voller Euphorie und mit sch\u00f6nsten Erlebnissen nach Hause fahren. Dar\u00fcber hinaus organisieren wir im Januar den\u00a0Frostwiesen-Lauf. Fast w\u00f6chentlich helfen wir anderen Vereinen der Lausitz bei Ihrer Veranstaltungsdurchf\u00fchrung, treiben selbst in kleineren Gruppen Sport und nehmen deutschlandweit an Wettbewerben | Veranstaltungen teil.","og_url":"https:\/\/spreewaldmarathon.de\/wpswm\/verein\/","og_site_name":"SPREEWALDMARATHON","article_publisher":"https:\/\/www.facebook.com\/SpreewaldMarathon","article_modified_time":"2025-01-06T17:32:11+00:00","twitter_card":"summary_large_image","twitter_site":"@spreewaldmarath","twitter_misc":{"Gesch\u00e4tzte Lesezeit":"1\u00a0Minute"},"schema":{"@context":"https:\/\/schema.org","@graph":[{"@type":"WebPage","@id":"https:\/\/spreewaldmarathon.de\/wpswm\/verein\/","url":"https:\/\/spreewaldmarathon.de\/wpswm\/verein\/","name":"Verein - SPREEWALDMARATHON","isPartOf":{"@id":"https:\/\/spreewaldmarathon.de\/wpswm\/#website"},"datePublished":"2020-11-08T10:09:34+00:00","dateModified":"2025-01-06T17:32:11+00:00","breadcrumb":{"@id":"https:\/\/spreewaldmarathon.de\/wpswm\/verein\/#breadcrumb"},"inLanguage":"de","potentialAction":[{"@type":"ReadAction","target":["https:\/\/spreewaldmarathon.de\/wpswm\/verein\/"]}]},{"@type":"BreadcrumbList","@id":"https:\/\/spreewaldmarathon.de\/wpswm\/verein\/#breadcrumb","itemListElement":[{"@type":"ListItem","position":1,"name":"Home","item":"https:\/\/spreewaldmarathon.de\/wpswm\/"},{"@type":"ListItem","position":2,"name":"Verein"}]},{"@type":"WebSite","@id":"https:\/\/spreewaldmarathon.de\/wpswm\/#website","url":"https:\/\/spreewaldmarathon.de\/wpswm\/","name":"SPREEWALDMARATHON","description":"Alles rund um den Spreewaldmarathon","publisher":{"@id":"https:\/\/spreewaldmarathon.de\/wpswm\/#organization"},"potentialAction":[{"@type":"SearchAction","target":{"@type":"EntryPoint","urlTemplate":"https:\/\/spreewaldmarathon.de\/wpswm\/?s={search_term_string}"},"query-input":{"@type":"PropertyValueSpecification","valueRequired":true,"valueName":"search_term_string"}}],"inLanguage":"de"},{"@type":"Organization","@id":"https:\/\/spreewaldmarathon.de\/wpswm\/#organization","name":"Lausitzer Sportevents e.V.","url":"https:\/\/spreewaldmarathon.de\/wpswm\/","logo":{"@type":"ImageObject","inLanguage":"de","@id":"https:\/\/spreewaldmarathon.de\/wpswm\/#\/schema\/logo\/image\/","url":"https:\/\/spreewaldmarathon.de\/wpswm\/wp-content\/uploads\/2020\/06\/Banner_LSE-1.jpg","contentUrl":"https:\/\/spreewaldmarathon.de\/wpswm\/wp-content\/uploads\/2020\/06\/Banner_LSE-1.jpg","width":2211,"height":624,"caption":"Lausitzer Sportevents e.V."},"image":{"@id":"https:\/\/spreewaldmarathon.de\/wpswm\/#\/schema\/logo\/image\/"},"sameAs":["https:\/\/www.facebook.com\/SpreewaldMarathon","https:\/\/x.com\/spreewaldmarath","https:\/\/www.instagram.com\/spreewaldmarathon","https:\/\/www.youtube.com\/results?search_query=spreewaldmarathon","https:\/\/de.wikipedia.org\/wiki\/Spreewald-Marathon"]}]}},"_links":{"self":[{"href":"https:\/\/spreewaldmarathon.de\/wpswm\/wp-json\/wp\/v2\/pages\/20665"}],"collection":[{"href":"https:\/\/spreewaldmarathon.de\/wpswm\/wp-json\/wp\/v2\/pages"}],"about":[{"href":"https:\/\/spreewaldmarathon.de\/wpswm\/wp-json\/wp\/v2\/types\/page"}],"author":[{"embeddable":true,"href":"https:\/\/spreewaldmarathon.de\/wpswm\/wp-json\/wp\/v2\/users\/1"}],"replies":[{"embeddable":true,"href":"https:\/\/spreewaldmarathon.de\/wpswm\/wp-json\/wp\/v2\/comments?post=20665"}],"version-history":[{"count":6,"href":"https:\/\/spreewaldmarathon.de\/wpswm\/wp-json\/wp\/v2\/pages\/20665\/revisions"}],"predecessor-version":[{"id":27712,"href":"https:\/\/spreewaldmarathon.de\/wpswm\/wp-json\/wp\/v2\/pages\/20665\/revisions\/27712"}],"wp:attachment":[{"href":"https:\/\/spreewaldmarathon.de\/wpswm\/wp-json\/wp\/v2\/media?parent=20665"}],"curies":[{"name":"wp","href":"https:\/\/api.w.org\/{rel}","templated":true}]}}