{"id":19539,"date":"2020-06-12T09:27:33","date_gmt":"2020-06-12T08:27:33","guid":{"rendered":"https:\/\/tour-saechsische-schweiz.de\/?page_id=19539"},"modified":"2026-04-08T12:46:41","modified_gmt":"2026-04-08T11:46:41","slug":"42-195-km-marathon","status":"publish","type":"page","link":"https:\/\/spreewaldmarathon.de\/wpswm\/42-195-km-marathon\/","title":{"rendered":"42,195 km Marathonlauf"},"content":{"rendered":"<div class=\"wpb-content-wrapper\"><p>[vc_row][vc_column width=&#8220;1\/1&#8243;][vc_column_text]<\/p>\n<h2>Laufen | Run &amp; Bike<\/h2>\n<p>[\/vc_column_text][\/vc_column][\/vc_row][vc_row][vc_column width=&#8220;1\/1&#8243;][vc_column_text]<\/p>\n<h3><span style=\"color: #ff0000;\">Wichtige Information zur Marathonstrecke<\/span><\/h3>\n<p><span style=\"color: #000000;\">Leider wird auf der diesj\u00e4hrigen Marathonstrecke zwischen Kilometer 26 bis 29 das Naturidyll des Spreewaldes durch Bauarbeiten an der Bahnstrecke Cottbus \u2013 Berlin beeintr\u00e4chtigt sein. Die Kurzfristigkeit erlaubt uns in diesem Jahr keine Streckenverlegung.<\/span><\/p>\n<p><strong><span style=\"color: #000000;\">Wir bitten um Entschuldigung!<\/span><\/strong><\/p>\n<p><span style=\"color: #000000;\">Wir geben uns auf dem Rest der Strecke besonders M\u00fche!<\/span><\/p>\n<p><span style=\"color: #ff0000;\"><span style=\"color: #000000;\">2027 zum 25. Jubil\u00e4um bekommt Ihr dann eine neue Marathonstrecke.<\/span><\/span>[\/vc_column_text]<div class=\"spacer\" style=\"height: 40px;\"><\/div>[\/vc_column][\/vc_row][vc_row][vc_column width=&#8220;1\/1&#8243;][vc_column_text]<span style=\"color: #000000;\">Die Strecke ist, wenn kein Wind weht, sehr schnell und fl\u00fcssig zu laufen. Der Rundkurs ist von Roland Winkler (Berlin) und Hans-Joachim Weidner (Hohenbocka), beide anerkannte DLV-Streckenvermesser (mit Unterst\u00fctzung von Karl Josef Roth (Konz), amtlich vermessen worden . Der H\u00f6henunterschied betr\u00e4gt 1,8 Meter plus die H\u00f6he von 7 Spreewalder Treppenb\u00fccken. Damit scheint es einer der flachsten Marathons der Welt zu sein (lt. Fachzeitschrift Laufzeit). Es wird eine gro\u00dfe Marathonrunde gelaufen.<\/span><\/p>\n<p><strong><span style=\"color: #ff0000;\">Achtung zwischen Kilometer\u00a0 17 km und 21 kann zu Gegenverkehr mit anderen Sportlern kommen.<\/span><br \/>\n<span style=\"color: #ff0000;\">Bitte in diesem Abschnitt immer rechts laufen und radeln (Run &amp; Bike-Begleiter)!<\/span><\/strong><\/p>\n<p><span style=\"color: #000000;\">Bis Kilometer 4 l\u00e4uft man gemeinsam mit den 10 und 21 km Sportlern.<\/span><br \/>\n<span style=\"color: #000000;\">Bei Kilometer 9 tennt sich der Halbmarathon vom Marathons.<\/span><\/p>\n<p><span style=\"color: #000000;\">Ganz verkehrsfrei ist die Strecke auf seiner zweiten H\u00e4lfte nicht, da man die einzige Ortsteilverbindungsstra\u00dfe nicht stundenlang f\u00fcr den Autoverkehr sperren kann. Die Anwohner sollen unseren Marathon akzeptieren und wir m\u00f6chten aus Mangel an Stra\u00dfenalternativen die Bewohner nicht unn\u00f6tig bel\u00e4stigen. Somit d\u00fcrfen Auto ab ca. 12.00 Uhr im Einbahnstra\u00dfensystem nach den Sportlern hinterherfahren, um wenigstens langsam von A nach B zu kommen.<\/span><\/p>\n<p><span style=\"color: #000000;\">Seit vor Jahren das &#8222;Gesetz gegen die \u00fcberm\u00e4\u00dfige Nutzung von Kreis-, Landes- und Bundesstra\u00dfen durch Sportveranstaltungen&#8220; beschlossen wurde, haben die Autofahrer zumeist Vorfahrt.<\/span><\/p>\n<p><span style=\"color: #000000;\"><strong>Streckenbelag:<\/strong> 20,1 km Asphalt, 22,1 km fast feste Sandwege<\/span><\/p>\n<p><span style=\"color: #000000;\"><strong>9 Verpflegungs- Wasserstellen:<\/strong> km 6, km 10, km 16, km 21, km 23, km 27, km 31, km 35, km 40, im Ziel<\/span><\/p>\n<p><span style=\"color: #000000;\"><strong>Teilnahme:<\/strong> Marathon ab 18 Jahre<\/span><br \/>\n<span style=\"color: #000000;\"><strong>Teilnahme:<\/strong> Run &amp; Bike ab 10 Jahre<\/span><\/p>\n<p><span style=\"color: #000000;\"><strong>Wertungsklassen Run &amp; Bike<br \/>\n<\/strong>M\u00e4nner, Frauen, Mix, Familie<\/span><\/p>\n<p><span style=\"color: #000000;\"><strong>Altersklassen 42,195 km Marathon-Lauf<\/strong><\/span><br \/>\n<span style=\"color: #000000;\">W 18\/19, 20, 30, 35, 40, 45, 50, 55, 60, 65<\/span><br \/>\n<span style=\"color: #000000;\">M 18\/19, 20, 30, 35, 40, 45, 50, 55, 60, 65, 70, 75<\/span><\/p>\n<p><span style=\"color: #000000;\"><strong>Siegerehrungen Gesamteinlauf (Totalwertung) 42,195 km Marathon-Lauf<\/strong><\/span><br \/>\n<span style=\"color: #000000;\">Die drei erstplatzierten Sportler(innen) auf jeder Strecke in der Gesamtwertung M\u00e4nner und Frauen erhalten Auszeichnungen.<\/span><br \/>\n<strong><br \/>\n<\/strong><\/p>\n<p><strong><span style=\"color: #0000ff;\">Altersklassen-Siegerehrungen 42,195 km Marathon-Lauf<br \/>\n<\/span><\/strong><span style=\"color: #0000ff;\"> Da in den vergangenen Jahren jeder zweite Marathonl\u00e4ufer bei der Altersklassen-Siegerehrung fehlte, f\u00fchren wir diese Ehrung nicht mehr auf der B\u00fchne in Burg durch. Selbstverst\u00e4ndlich gibt es immer noch Pokale f\u00fcr die Marathon-Altersklassen-Wertung. Diese werden euch beim Urkundendruck \u00fcbergeben. Bitte fragt aktiv danach. Auf Grund der schwere der Pokale und der dadurch notwendigen aufwendigen Verpackung, versenden wir keine Pokale mehr per Post. Zumal die Zustellung insbesondere in Gro\u00dfst\u00e4dten mangelhaft ist. Viele Pokale kommen zur\u00fcck, weil diese nicht abgeholt wurden oder zugestellt werden konnten.<\/span><\/p>\n<p><span style=\"color: #000000;\"><strong>Zeitlimit km 9:<\/strong> 10:10\u00a0 Uhr = 1 Stunde 10 Minuten (Run &amp; Bike 1 h 20 min.)<\/span><br \/>\n<span style=\"color: #000000;\">Wer den Kilometer 9 langsamer als in 1 Stunden und 10 Minuten l\u00e4uft, wird in das Ziel f\u00fcr den Halbmarathon geleitet und auf dieser Strecke gewertet.<\/span><br \/>\n<span style=\"color: #000000;\">Die betreffenden Sportler m\u00fcssen sich im Ziel bei der Zeitmessung melden.<\/span><\/p>\n<p><span style=\"color: #000000;\"><strong>Zeitlimit km 24,7:<\/strong> 12:12\u00a0 Uhr = 3 Stunde 12 Minuten (Run &amp; Bike 3 h 22 min.)<\/span><br \/>\n<span style=\"color: #000000;\">Wer sp\u00e4ter als 12:12 Uhr den Kilometerpunkt 24,7 erreicht wird ins Ziel geleitet.<\/span><\/p>\n<p><span style=\"color: #000000;\"><strong>Zeitlimit 42,195 km:<\/strong> 14:30 Uhr = 5 1\/2 Stunden (Run &amp; Bike 5 h 40 min.)<\/span><\/p>\n<p><span style=\"color: #000000;\"><strong>Zielschluss:<\/strong> 14.30 Uhr<\/span>[\/vc_column_text][\/vc_column][\/vc_row]<\/p>\n<\/div>","protected":false},"excerpt":{"rendered":"<p>[vc_row][vc_column width=&#8220;1\/1&#8243;][vc_column_text] Laufen | Run &amp; Bike [\/vc_column_text][\/vc_column][\/vc_row][vc_row][vc_column width=&#8220;1\/1&#8243;][vc_column_text] Wichtige Information zur Marathonstrecke Leider wird auf der diesj\u00e4hrigen Marathonstrecke zwischen Kilometer 26 bis 29 das Naturidyll des Spreewaldes durch Bauarbeiten an der Bahnstrecke Cottbus \u2013 Berlin beeintr\u00e4chtigt sein. Die Kurzfristigkeit erlaubt uns in diesem Jahr keine Streckenverlegung. Wir bitten um Entschuldigung! Wir geben uns auf dem Rest der Strecke besonders M\u00fche! 2027 zum 25. Jubil\u00e4um bekommt Ihr dann eine neue Marathonstrecke.[\/vc_column_text][\/vc_column][\/vc_row][vc_row][vc_column width=&#8220;1\/1&#8243;][vc_column_text]Die Strecke ist, wenn kein Wind weht, sehr schnell und fl\u00fcssig zu laufen. Der Rundkurs ist von Roland Winkler (Berlin) und Hans-Joachim Weidner (Hohenbocka), beide anerkannte DLV-Streckenvermesser (mit Unterst\u00fctzung von Karl Josef Roth (Konz), amtlich vermessen worden . Der H\u00f6henunterschied betr\u00e4gt 1,8 Meter plus die H\u00f6he von 7 Spreewalder Treppenb\u00fccken. Damit scheint es einer der flachsten Marathons der Welt zu sein (lt. Fachzeitschrift Laufzeit). Es wird eine gro\u00dfe Marathonrunde gelaufen. Achtung zwischen Kilometer\u00a0 17 km und 21 kann zu Gegenverkehr mit anderen Sportlern kommen. Bitte in diesem Abschnitt immer rechts laufen und radeln (Run &amp; Bike-Begleiter)! Bis Kilometer 4 l\u00e4uft man gemeinsam mit den 10 und 21 km Sportlern. Bei Kilometer 9 tennt sich der Halbmarathon vom Marathons. Ganz verkehrsfrei ist die Strecke auf seiner zweiten H\u00e4lfte nicht, da [&hellip;]<\/p>\n","protected":false},"author":1,"featured_media":0,"parent":0,"menu_order":0,"comment_status":"closed","ping_status":"closed","template":"","meta":{"footnotes":""},"class_list":["post-19539","page","type-page","status-publish","hentry"],"yoast_head":"<!-- This site is optimized with the Yoast SEO plugin v25.6 - https:\/\/yoast.com\/wordpress\/plugins\/seo\/ -->\n<title>42,195 km Marathonlauf - SPREEWALDMARATHON<\/title>\n<meta name=\"robots\" content=\"index, follow, max-snippet:-1, max-image-preview:large, max-video-preview:-1\" \/>\n<link rel=\"canonical\" href=\"https:\/\/spreewaldmarathon.de\/wpswm\/42-195-km-marathon\/\" \/>\n<meta property=\"og:locale\" content=\"de_DE\" \/>\n<meta property=\"og:type\" content=\"article\" \/>\n<meta property=\"og:title\" content=\"42,195 km Marathonlauf - SPREEWALDMARATHON\" \/>\n<meta property=\"og:description\" content=\"[vc_row][vc_column width=&#8220;1\/1&#8243;][vc_column_text] Laufen | Run &amp; Bike [\/vc_column_text][\/vc_column][\/vc_row][vc_row][vc_column width=&#8220;1\/1&#8243;][vc_column_text] Wichtige Information zur Marathonstrecke Leider wird auf der diesj\u00e4hrigen Marathonstrecke zwischen Kilometer 26 bis 29 das Naturidyll des Spreewaldes durch Bauarbeiten an der Bahnstrecke Cottbus \u2013 Berlin beeintr\u00e4chtigt sein. Die Kurzfristigkeit erlaubt uns in diesem Jahr keine Streckenverlegung. Wir bitten um Entschuldigung! Wir geben uns auf dem Rest der Strecke besonders M\u00fche! 2027 zum 25. Jubil\u00e4um bekommt Ihr dann eine neue Marathonstrecke.[\/vc_column_text][\/vc_column][\/vc_row][vc_row][vc_column width=&#8220;1\/1&#8243;][vc_column_text]Die Strecke ist, wenn kein Wind weht, sehr schnell und fl\u00fcssig zu laufen. Der Rundkurs ist von Roland Winkler (Berlin) und Hans-Joachim Weidner (Hohenbocka), beide anerkannte DLV-Streckenvermesser (mit Unterst\u00fctzung von Karl Josef Roth (Konz), amtlich vermessen worden . Der H\u00f6henunterschied betr\u00e4gt 1,8 Meter plus die H\u00f6he von 7 Spreewalder Treppenb\u00fccken. Damit scheint es einer der flachsten Marathons der Welt zu sein (lt. Fachzeitschrift Laufzeit). Es wird eine gro\u00dfe Marathonrunde gelaufen. Achtung zwischen Kilometer\u00a0 17 km und 21 kann zu Gegenverkehr mit anderen Sportlern kommen. Bitte in diesem Abschnitt immer rechts laufen und radeln (Run &amp; Bike-Begleiter)! Bis Kilometer 4 l\u00e4uft man gemeinsam mit den 10 und 21 km Sportlern. Bei Kilometer 9 tennt sich der Halbmarathon vom Marathons. Ganz verkehrsfrei ist die Strecke auf seiner zweiten H\u00e4lfte nicht, da [&hellip;]\" \/>\n<meta property=\"og:url\" content=\"https:\/\/spreewaldmarathon.de\/wpswm\/42-195-km-marathon\/\" \/>\n<meta property=\"og:site_name\" content=\"SPREEWALDMARATHON\" \/>\n<meta property=\"article:publisher\" content=\"https:\/\/www.facebook.com\/SpreewaldMarathon\" \/>\n<meta property=\"article:modified_time\" content=\"2026-04-08T11:46:41+00:00\" \/>\n<meta name=\"twitter:card\" content=\"summary_large_image\" \/>\n<meta name=\"twitter:site\" content=\"@spreewaldmarath\" \/>\n<meta name=\"twitter:label1\" content=\"Gesch\u00e4tzte Lesezeit\" \/>\n\t<meta name=\"twitter:data1\" content=\"4\u00a0Minuten\" \/>\n<script type=\"application\/ld+json\" class=\"yoast-schema-graph\">{\"@context\":\"https:\/\/schema.org\",\"@graph\":[{\"@type\":\"WebPage\",\"@id\":\"https:\/\/spreewaldmarathon.de\/wpswm\/42-195-km-marathon\/\",\"url\":\"https:\/\/spreewaldmarathon.de\/wpswm\/42-195-km-marathon\/\",\"name\":\"42,195 km Marathonlauf - SPREEWALDMARATHON\",\"isPartOf\":{\"@id\":\"https:\/\/spreewaldmarathon.de\/wpswm\/#website\"},\"datePublished\":\"2020-06-12T08:27:33+00:00\",\"dateModified\":\"2026-04-08T11:46:41+00:00\",\"breadcrumb\":{\"@id\":\"https:\/\/spreewaldmarathon.de\/wpswm\/42-195-km-marathon\/#breadcrumb\"},\"inLanguage\":\"de\",\"potentialAction\":[{\"@type\":\"ReadAction\",\"target\":[\"https:\/\/spreewaldmarathon.de\/wpswm\/42-195-km-marathon\/\"]}]},{\"@type\":\"BreadcrumbList\",\"@id\":\"https:\/\/spreewaldmarathon.de\/wpswm\/42-195-km-marathon\/#breadcrumb\",\"itemListElement\":[{\"@type\":\"ListItem\",\"position\":1,\"name\":\"Home\",\"item\":\"https:\/\/spreewaldmarathon.de\/wpswm\/\"},{\"@type\":\"ListItem\",\"position\":2,\"name\":\"42,195 km Marathonlauf\"}]},{\"@type\":\"WebSite\",\"@id\":\"https:\/\/spreewaldmarathon.de\/wpswm\/#website\",\"url\":\"https:\/\/spreewaldmarathon.de\/wpswm\/\",\"name\":\"SPREEWALDMARATHON\",\"description\":\"Alles rund um den Spreewaldmarathon\",\"publisher\":{\"@id\":\"https:\/\/spreewaldmarathon.de\/wpswm\/#organization\"},\"potentialAction\":[{\"@type\":\"SearchAction\",\"target\":{\"@type\":\"EntryPoint\",\"urlTemplate\":\"https:\/\/spreewaldmarathon.de\/wpswm\/?s={search_term_string}\"},\"query-input\":{\"@type\":\"PropertyValueSpecification\",\"valueRequired\":true,\"valueName\":\"search_term_string\"}}],\"inLanguage\":\"de\"},{\"@type\":\"Organization\",\"@id\":\"https:\/\/spreewaldmarathon.de\/wpswm\/#organization\",\"name\":\"Lausitzer Sportevents e.V.\",\"url\":\"https:\/\/spreewaldmarathon.de\/wpswm\/\",\"logo\":{\"@type\":\"ImageObject\",\"inLanguage\":\"de\",\"@id\":\"https:\/\/spreewaldmarathon.de\/wpswm\/#\/schema\/logo\/image\/\",\"url\":\"https:\/\/spreewaldmarathon.de\/wpswm\/wp-content\/uploads\/2020\/06\/Banner_LSE-1.jpg\",\"contentUrl\":\"https:\/\/spreewaldmarathon.de\/wpswm\/wp-content\/uploads\/2020\/06\/Banner_LSE-1.jpg\",\"width\":2211,\"height\":624,\"caption\":\"Lausitzer Sportevents e.V.\"},\"image\":{\"@id\":\"https:\/\/spreewaldmarathon.de\/wpswm\/#\/schema\/logo\/image\/\"},\"sameAs\":[\"https:\/\/www.facebook.com\/SpreewaldMarathon\",\"https:\/\/x.com\/spreewaldmarath\",\"https:\/\/www.instagram.com\/spreewaldmarathon\",\"https:\/\/www.youtube.com\/results?search_query=spreewaldmarathon\",\"https:\/\/de.wikipedia.org\/wiki\/Spreewald-Marathon\"]}]}<\/script>\n<!-- \/ Yoast SEO plugin. -->","yoast_head_json":{"title":"42,195 km Marathonlauf - SPREEWALDMARATHON","robots":{"index":"index","follow":"follow","max-snippet":"max-snippet:-1","max-image-preview":"max-image-preview:large","max-video-preview":"max-video-preview:-1"},"canonical":"https:\/\/spreewaldmarathon.de\/wpswm\/42-195-km-marathon\/","og_locale":"de_DE","og_type":"article","og_title":"42,195 km Marathonlauf - SPREEWALDMARATHON","og_description":"[vc_row][vc_column width=&#8220;1\/1&#8243;][vc_column_text] Laufen | Run &amp; Bike [\/vc_column_text][\/vc_column][\/vc_row][vc_row][vc_column width=&#8220;1\/1&#8243;][vc_column_text] Wichtige Information zur Marathonstrecke Leider wird auf der diesj\u00e4hrigen Marathonstrecke zwischen Kilometer 26 bis 29 das Naturidyll des Spreewaldes durch Bauarbeiten an der Bahnstrecke Cottbus \u2013 Berlin beeintr\u00e4chtigt sein. Die Kurzfristigkeit erlaubt uns in diesem Jahr keine Streckenverlegung. Wir bitten um Entschuldigung! Wir geben uns auf dem Rest der Strecke besonders M\u00fche! 2027 zum 25. Jubil\u00e4um bekommt Ihr dann eine neue Marathonstrecke.[\/vc_column_text][\/vc_column][\/vc_row][vc_row][vc_column width=&#8220;1\/1&#8243;][vc_column_text]Die Strecke ist, wenn kein Wind weht, sehr schnell und fl\u00fcssig zu laufen. Der Rundkurs ist von Roland Winkler (Berlin) und Hans-Joachim Weidner (Hohenbocka), beide anerkannte DLV-Streckenvermesser (mit Unterst\u00fctzung von Karl Josef Roth (Konz), amtlich vermessen worden . Der H\u00f6henunterschied betr\u00e4gt 1,8 Meter plus die H\u00f6he von 7 Spreewalder Treppenb\u00fccken. Damit scheint es einer der flachsten Marathons der Welt zu sein (lt. Fachzeitschrift Laufzeit). Es wird eine gro\u00dfe Marathonrunde gelaufen. Achtung zwischen Kilometer\u00a0 17 km und 21 kann zu Gegenverkehr mit anderen Sportlern kommen. Bitte in diesem Abschnitt immer rechts laufen und radeln (Run &amp; Bike-Begleiter)! Bis Kilometer 4 l\u00e4uft man gemeinsam mit den 10 und 21 km Sportlern. Bei Kilometer 9 tennt sich der Halbmarathon vom Marathons. Ganz verkehrsfrei ist die Strecke auf seiner zweiten H\u00e4lfte nicht, da [&hellip;]","og_url":"https:\/\/spreewaldmarathon.de\/wpswm\/42-195-km-marathon\/","og_site_name":"SPREEWALDMARATHON","article_publisher":"https:\/\/www.facebook.com\/SpreewaldMarathon","article_modified_time":"2026-04-08T11:46:41+00:00","twitter_card":"summary_large_image","twitter_site":"@spreewaldmarath","twitter_misc":{"Gesch\u00e4tzte Lesezeit":"4\u00a0Minuten"},"schema":{"@context":"https:\/\/schema.org","@graph":[{"@type":"WebPage","@id":"https:\/\/spreewaldmarathon.de\/wpswm\/42-195-km-marathon\/","url":"https:\/\/spreewaldmarathon.de\/wpswm\/42-195-km-marathon\/","name":"42,195 km Marathonlauf - SPREEWALDMARATHON","isPartOf":{"@id":"https:\/\/spreewaldmarathon.de\/wpswm\/#website"},"datePublished":"2020-06-12T08:27:33+00:00","dateModified":"2026-04-08T11:46:41+00:00","breadcrumb":{"@id":"https:\/\/spreewaldmarathon.de\/wpswm\/42-195-km-marathon\/#breadcrumb"},"inLanguage":"de","potentialAction":[{"@type":"ReadAction","target":["https:\/\/spreewaldmarathon.de\/wpswm\/42-195-km-marathon\/"]}]},{"@type":"BreadcrumbList","@id":"https:\/\/spreewaldmarathon.de\/wpswm\/42-195-km-marathon\/#breadcrumb","itemListElement":[{"@type":"ListItem","position":1,"name":"Home","item":"https:\/\/spreewaldmarathon.de\/wpswm\/"},{"@type":"ListItem","position":2,"name":"42,195 km Marathonlauf"}]},{"@type":"WebSite","@id":"https:\/\/spreewaldmarathon.de\/wpswm\/#website","url":"https:\/\/spreewaldmarathon.de\/wpswm\/","name":"SPREEWALDMARATHON","description":"Alles rund um den Spreewaldmarathon","publisher":{"@id":"https:\/\/spreewaldmarathon.de\/wpswm\/#organization"},"potentialAction":[{"@type":"SearchAction","target":{"@type":"EntryPoint","urlTemplate":"https:\/\/spreewaldmarathon.de\/wpswm\/?s={search_term_string}"},"query-input":{"@type":"PropertyValueSpecification","valueRequired":true,"valueName":"search_term_string"}}],"inLanguage":"de"},{"@type":"Organization","@id":"https:\/\/spreewaldmarathon.de\/wpswm\/#organization","name":"Lausitzer Sportevents e.V.","url":"https:\/\/spreewaldmarathon.de\/wpswm\/","logo":{"@type":"ImageObject","inLanguage":"de","@id":"https:\/\/spreewaldmarathon.de\/wpswm\/#\/schema\/logo\/image\/","url":"https:\/\/spreewaldmarathon.de\/wpswm\/wp-content\/uploads\/2020\/06\/Banner_LSE-1.jpg","contentUrl":"https:\/\/spreewaldmarathon.de\/wpswm\/wp-content\/uploads\/2020\/06\/Banner_LSE-1.jpg","width":2211,"height":624,"caption":"Lausitzer Sportevents e.V."},"image":{"@id":"https:\/\/spreewaldmarathon.de\/wpswm\/#\/schema\/logo\/image\/"},"sameAs":["https:\/\/www.facebook.com\/SpreewaldMarathon","https:\/\/x.com\/spreewaldmarath","https:\/\/www.instagram.com\/spreewaldmarathon","https:\/\/www.youtube.com\/results?search_query=spreewaldmarathon","https:\/\/de.wikipedia.org\/wiki\/Spreewald-Marathon"]}]}},"_links":{"self":[{"href":"https:\/\/spreewaldmarathon.de\/wpswm\/wp-json\/wp\/v2\/pages\/19539"}],"collection":[{"href":"https:\/\/spreewaldmarathon.de\/wpswm\/wp-json\/wp\/v2\/pages"}],"about":[{"href":"https:\/\/spreewaldmarathon.de\/wpswm\/wp-json\/wp\/v2\/types\/page"}],"author":[{"embeddable":true,"href":"https:\/\/spreewaldmarathon.de\/wpswm\/wp-json\/wp\/v2\/users\/1"}],"replies":[{"embeddable":true,"href":"https:\/\/spreewaldmarathon.de\/wpswm\/wp-json\/wp\/v2\/comments?post=19539"}],"version-history":[{"count":54,"href":"https:\/\/spreewaldmarathon.de\/wpswm\/wp-json\/wp\/v2\/pages\/19539\/revisions"}],"predecessor-version":[{"id":28953,"href":"https:\/\/spreewaldmarathon.de\/wpswm\/wp-json\/wp\/v2\/pages\/19539\/revisions\/28953"}],"wp:attachment":[{"href":"https:\/\/spreewaldmarathon.de\/wpswm\/wp-json\/wp\/v2\/media?parent=19539"}],"curies":[{"name":"wp","href":"https:\/\/api.w.org\/{rel}","templated":true}]}}