{"id":19196,"date":"2020-06-09T07:21:21","date_gmt":"2020-06-09T05:21:21","guid":{"rendered":"https:\/\/test.elbe-schrammstein-lauf.de\/?page_id=19196"},"modified":"2026-02-02T17:43:31","modified_gmt":"2026-02-02T16:43:31","slug":"kontakt","status":"publish","type":"page","link":"https:\/\/spreewaldmarathon.de\/wpswm\/kontakt\/","title":{"rendered":"Kontakt"},"content":{"rendered":"<div class=\"wpb-content-wrapper\"><p>[vc_row][vc_column width=&#8220;1\/2&#8243;][vc_column_text]<strong>Postadresse des B\u00fcros:<br \/>\n<\/strong>Spreewald-Marathon e.V.<br \/>\nRosa-Luxemburg-Stra\u00dfe 16a<br \/>\n01945 Hohenbocka<\/p>\n<p>Werter Sportfreunde,<br \/>\nda in unserem Postfach t\u00e4glich 50 bis 300 E-Mail eintreffen, ist es uns trotz aller Bem\u00fchungen nicht m\u00f6glich, zeitnah auf alle Mail zu antworten.<br \/>\nBitte habt hierf\u00fcr Verst\u00e4ndnis.[\/vc_column_text][\/vc_column][vc_column width=&#8220;1\/2&#8243;][vc_column_text]Bitte beachtet, das wir wegen Veranstaltungsvorbereitungen, Absprachen und der vielf\u00e4ltigen Organisation nicht st\u00e4ndig im B\u00fcro anwesend sein k\u00f6nnen. In dieser Zeit k\u00f6nnen wir leider nicht Ihre Anrufe entgegennehmen.<\/p>\n<p><span style=\"color: #ff0000;\"><span class=\"blau\">In der Woche vor und nach unseren Veranstaltungen sind wir wegen der Vor- und Nachbereitungsarbeiten nur noch an den Veranstaltungsorten anzutreffen und nicht mehr im B\u00fcro erreichbar.<br \/>\n<\/span>Auch E-Mail-Anfragen k\u00f6nnen dann nicht mehr bearbeitet werden.<\/span><\/p>\n<p><span style=\"color: #0000ff;\"><em>Wir erwarten von allen E-Mail-Schreibern ein Mindestma\u00df an Knigge.<\/em><\/span>[\/vc_column_text][\/vc_column][\/vc_row][vc_row][vc_column width=&#8220;1\/1&#8243;][vc_column_text]<\/p>\n<h4><span style=\"color: #0000ff;\"><strong>Du hast Fragen?<\/strong><\/span><\/h4>\n<p><span style=\"color: #0000ff;\"><strong>Bitte schau zuerst auf unsere <a style=\"color: #0000ff;\" href=\"https:\/\/spreewaldmarathon.de\/wpswm\/faq\/\" target=\"_blank\" rel=\"noopener\">FAQ-Seite &#8222;H\u00e4ufige Fragen&#8220;<\/a>. Viele Antworten findest Du dort schon.<\/strong><\/span><br \/>\n<span style=\"color: #0000ff;\"><strong>Wenn Du keine Antwort gefunden hast, so schreibe uns. Wir setzen uns mit Dir in Verbindung!<\/strong><\/span>[\/vc_column_text][vc_column_text]<\/p>\n<h2><span style=\"color: #ff0000;\">Kontaktformular Spreewald-Marathon<\/span><\/h2>\n<p>[\/vc_column_text][vc_column_text]\n<div class=\"wpcf7 no-js\" id=\"wpcf7-f191-o1\" lang=\"de-DE\" dir=\"ltr\" data-wpcf7-id=\"191\">\n<div class=\"screen-reader-response\"><p role=\"status\" aria-live=\"polite\" aria-atomic=\"true\"><\/p> <ul><\/ul><\/div>\n<form action=\"\/wpswm\/wp-json\/wp\/v2\/pages\/19196#wpcf7-f191-o1\" method=\"post\" class=\"wpcf7-form init\" aria-label=\"Kontaktformular\" enctype=\"multipart\/form-data\" novalidate=\"novalidate\" data-status=\"init\">\n<div style=\"display: none;\">\n<input type=\"hidden\" name=\"_wpcf7\" value=\"191\" \/>\n<input type=\"hidden\" name=\"_wpcf7_version\" value=\"6.0.6\" \/>\n<input type=\"hidden\" name=\"_wpcf7_locale\" value=\"de_DE\" \/>\n<input type=\"hidden\" name=\"_wpcf7_unit_tag\" value=\"wpcf7-f191-o1\" \/>\n<input type=\"hidden\" name=\"_wpcf7_container_post\" value=\"0\" \/>\n<input type=\"hidden\" name=\"_wpcf7_posted_data_hash\" value=\"\" \/>\n<\/div>\n<p>Ihr Name (Pflichtfeld)\n<\/p>\n<p><span class=\"wpcf7-form-control-wrap\" data-name=\"your-name\"><input size=\"40\" maxlength=\"400\" class=\"wpcf7-form-control wpcf7-text wpcf7-validates-as-required\" aria-required=\"true\" aria-invalid=\"false\" value=\"\" type=\"text\" name=\"your-name\" \/><\/span>\n<\/p>\n<p>Ihre E-Mail-Adresse (Pflichtfeld)\n<\/p>\n<p><span class=\"wpcf7-form-control-wrap\" data-name=\"your-email\"><input size=\"40\" maxlength=\"400\" class=\"wpcf7-form-control wpcf7-email wpcf7-validates-as-required wpcf7-text wpcf7-validates-as-email\" aria-required=\"true\" aria-invalid=\"false\" value=\"\" type=\"email\" name=\"your-email\" \/><\/span>\n<\/p>\n<p>Telefonnummer\n<\/p>\n<p><span class=\"wpcf7-form-control-wrap\" data-name=\"your-telefonnummer\"><input size=\"40\" maxlength=\"400\" class=\"wpcf7-form-control wpcf7-text\" aria-invalid=\"false\" value=\"\" type=\"text\" name=\"your-telefonnummer\" \/><\/span>\n<\/p>\n<p>Wohnort\n<\/p>\n<p><span class=\"wpcf7-form-control-wrap\" data-name=\"your-wohnort\"><input size=\"40\" maxlength=\"400\" class=\"wpcf7-form-control wpcf7-text\" aria-invalid=\"false\" value=\"\" type=\"text\" name=\"your-wohnort\" \/><\/span>\n<\/p>\n<p>Betreff\n<\/p>\n<p><span class=\"wpcf7-form-control-wrap\" data-name=\"your-subject\"><input size=\"40\" maxlength=\"400\" class=\"wpcf7-form-control wpcf7-text\" aria-invalid=\"false\" value=\"\" type=\"text\" name=\"your-subject\" \/><\/span>\n<\/p>\n<p>Ihre Nachricht\n<\/p>\n<p><span class=\"wpcf7-form-control-wrap\" data-name=\"your-message\"><textarea cols=\"40\" rows=\"10\" maxlength=\"2000\" class=\"wpcf7-form-control wpcf7-textarea\" aria-invalid=\"false\" name=\"your-message\"><\/textarea><\/span>\n<\/p>\n<p><b>F\u00fcr Dateianh\u00e4nge<\/b> (nur f\u00fcr Dateitypen:gif, png, jpg, jpeg | Limit:5 MB)\n<\/p>\n<p><span class=\"wpcf7-form-control-wrap\" data-name=\"Anhang\"><input size=\"40\" class=\"wpcf7-form-control wpcf7-file\" id=\"Anlage\" accept=\".gif,.png,.jpg,.jpeg\" aria-invalid=\"false\" type=\"file\" name=\"Anhang\" \/><\/span>\n<\/p>\n<p><b>F\u00fcr Dateianh\u00e4nge<\/b> (nur f\u00fcr Dateitypen:gif, png, jpg, jpeg | Limit:5 MB)\n<\/p>\n<p><span class=\"wpcf7-form-control-wrap\" data-name=\"Anhang2\"><input size=\"40\" class=\"wpcf7-form-control wpcf7-file\" id=\"Anlage2\" accept=\".gif,.png,.jpg,.jpeg\" aria-invalid=\"false\" type=\"file\" name=\"Anhang2\" \/><\/span>\n<\/p>\n<p><b>F\u00fcr Dateianh\u00e4nge<\/b> (f\u00fcr Dateitypen:gif, png, jpg, jpeg, pdf, txt, mp3, mp4 | Limit:10 MB)\n<\/p>\n<p><span class=\"wpcf7-form-control-wrap\" data-name=\"Anhang3\"><input size=\"40\" class=\"wpcf7-form-control wpcf7-file\" id=\"Anlage3\" accept=\".gif,.png,.jpg,.jpeg,.pdf,.txt,.mp3,.mp4\" aria-invalid=\"false\" type=\"file\" name=\"Anhang3\" \/><\/span>\n<\/p>\n<p><span class=\"wpcf7-form-control-wrap\" data-name=\"x-name\"><input size=\"40\" maxlength=\"400\" class=\"wpcf7-form-control wpcf7-text has-display-none\" aria-invalid=\"false\" value=\"\" type=\"text\" name=\"x-name\" \/><\/span><br \/>\n<span class=\"wpcf7-form-control-wrap\" data-name=\"x-email\"><input size=\"40\" maxlength=\"400\" class=\"wpcf7-form-control wpcf7-text has-display-none\" aria-invalid=\"false\" value=\"\" type=\"text\" name=\"x-email\" \/><\/span>\n<\/p>\n<p><input class=\"wpcf7-form-control wpcf7-submit has-spinner\" type=\"submit\" value=\"Senden\" \/>\n<\/p><div class=\"wpcf7-response-output\" aria-hidden=\"true\"><\/div>\n<\/form>\n<\/div>\n[\/vc_column_text][\/vc_column][\/vc_row]<\/p>\n<\/div>","protected":false},"excerpt":{"rendered":"<p>[vc_row][vc_column width=&#8220;1\/2&#8243;][vc_column_text]Postadresse des B\u00fcros: Spreewald-Marathon e.V. Rosa-Luxemburg-Stra\u00dfe 16a 01945 Hohenbocka Werter Sportfreunde, da in unserem Postfach t\u00e4glich 50 bis 300 E-Mail eintreffen, ist es uns trotz aller Bem\u00fchungen nicht m\u00f6glich, zeitnah auf alle Mail zu antworten. Bitte habt hierf\u00fcr Verst\u00e4ndnis.[\/vc_column_text][\/vc_column][vc_column width=&#8220;1\/2&#8243;][vc_column_text]Bitte beachtet, das wir wegen Veranstaltungsvorbereitungen, Absprachen und der vielf\u00e4ltigen Organisation nicht st\u00e4ndig im B\u00fcro anwesend sein k\u00f6nnen. In dieser Zeit k\u00f6nnen wir leider nicht Ihre Anrufe entgegennehmen. In der Woche vor und nach unseren Veranstaltungen sind wir wegen der Vor- und Nachbereitungsarbeiten nur noch an den Veranstaltungsorten anzutreffen und nicht mehr im B\u00fcro erreichbar. Auch E-Mail-Anfragen k\u00f6nnen dann nicht mehr bearbeitet werden. Wir erwarten von allen E-Mail-Schreibern ein Mindestma\u00df an Knigge.[\/vc_column_text][\/vc_column][\/vc_row][vc_row][vc_column width=&#8220;1\/1&#8243;][vc_column_text] Du hast Fragen? Bitte schau zuerst auf unsere FAQ-Seite &#8222;H\u00e4ufige Fragen&#8220;. Viele Antworten findest Du dort schon. Wenn Du keine Antwort gefunden hast, so schreibe uns. Wir setzen uns mit Dir in Verbindung![\/vc_column_text][vc_column_text] Kontaktformular Spreewald-Marathon [\/vc_column_text][vc_column_text][\/vc_column_text][\/vc_column][\/vc_row]<\/p>\n","protected":false},"author":1,"featured_media":0,"parent":0,"menu_order":0,"comment_status":"closed","ping_status":"closed","template":"","meta":{"footnotes":""},"class_list":["post-19196","page","type-page","status-publish","hentry"],"yoast_head":"<!-- This site is optimized with the Yoast SEO plugin v25.6 - https:\/\/yoast.com\/wordpress\/plugins\/seo\/ -->\n<title>Kontakt - SPREEWALDMARATHON<\/title>\n<meta name=\"robots\" content=\"index, follow, max-snippet:-1, max-image-preview:large, max-video-preview:-1\" \/>\n<link rel=\"canonical\" href=\"https:\/\/spreewaldmarathon.de\/wpswm\/kontakt\/\" \/>\n<meta property=\"og:locale\" content=\"de_DE\" \/>\n<meta property=\"og:type\" content=\"article\" \/>\n<meta property=\"og:title\" content=\"Kontakt - SPREEWALDMARATHON\" \/>\n<meta property=\"og:description\" content=\"[vc_row][vc_column width=&#8220;1\/2&#8243;][vc_column_text]Postadresse des B\u00fcros: Spreewald-Marathon e.V. Rosa-Luxemburg-Stra\u00dfe 16a 01945 Hohenbocka Werter Sportfreunde, da in unserem Postfach t\u00e4glich 50 bis 300 E-Mail eintreffen, ist es uns trotz aller Bem\u00fchungen nicht m\u00f6glich, zeitnah auf alle Mail zu antworten. Bitte habt hierf\u00fcr Verst\u00e4ndnis.[\/vc_column_text][\/vc_column][vc_column width=&#8220;1\/2&#8243;][vc_column_text]Bitte beachtet, das wir wegen Veranstaltungsvorbereitungen, Absprachen und der vielf\u00e4ltigen Organisation nicht st\u00e4ndig im B\u00fcro anwesend sein k\u00f6nnen. In dieser Zeit k\u00f6nnen wir leider nicht Ihre Anrufe entgegennehmen. In der Woche vor und nach unseren Veranstaltungen sind wir wegen der Vor- und Nachbereitungsarbeiten nur noch an den Veranstaltungsorten anzutreffen und nicht mehr im B\u00fcro erreichbar. Auch E-Mail-Anfragen k\u00f6nnen dann nicht mehr bearbeitet werden. Wir erwarten von allen E-Mail-Schreibern ein Mindestma\u00df an Knigge.[\/vc_column_text][\/vc_column][\/vc_row][vc_row][vc_column width=&#8220;1\/1&#8243;][vc_column_text] Du hast Fragen? Bitte schau zuerst auf unsere FAQ-Seite &#8222;H\u00e4ufige Fragen&#8220;. Viele Antworten findest Du dort schon. Wenn Du keine Antwort gefunden hast, so schreibe uns. Wir setzen uns mit Dir in Verbindung![\/vc_column_text][vc_column_text] Kontaktformular Spreewald-Marathon [\/vc_column_text][vc_column_text][\/vc_column_text][\/vc_column][\/vc_row]\" \/>\n<meta property=\"og:url\" content=\"https:\/\/spreewaldmarathon.de\/wpswm\/kontakt\/\" \/>\n<meta property=\"og:site_name\" content=\"SPREEWALDMARATHON\" \/>\n<meta property=\"article:publisher\" content=\"https:\/\/www.facebook.com\/SpreewaldMarathon\" \/>\n<meta property=\"article:modified_time\" content=\"2026-02-02T16:43:31+00:00\" \/>\n<meta name=\"twitter:card\" content=\"summary_large_image\" \/>\n<meta name=\"twitter:site\" content=\"@spreewaldmarath\" \/>\n<meta name=\"twitter:label1\" content=\"Gesch\u00e4tzte Lesezeit\" \/>\n\t<meta name=\"twitter:data1\" content=\"1\u00a0Minute\" \/>\n<script type=\"application\/ld+json\" class=\"yoast-schema-graph\">{\"@context\":\"https:\/\/schema.org\",\"@graph\":[{\"@type\":\"WebPage\",\"@id\":\"https:\/\/spreewaldmarathon.de\/wpswm\/kontakt\/\",\"url\":\"https:\/\/spreewaldmarathon.de\/wpswm\/kontakt\/\",\"name\":\"Kontakt - SPREEWALDMARATHON\",\"isPartOf\":{\"@id\":\"https:\/\/spreewaldmarathon.de\/wpswm\/#website\"},\"datePublished\":\"2020-06-09T05:21:21+00:00\",\"dateModified\":\"2026-02-02T16:43:31+00:00\",\"breadcrumb\":{\"@id\":\"https:\/\/spreewaldmarathon.de\/wpswm\/kontakt\/#breadcrumb\"},\"inLanguage\":\"de\",\"potentialAction\":[{\"@type\":\"ReadAction\",\"target\":[\"https:\/\/spreewaldmarathon.de\/wpswm\/kontakt\/\"]}]},{\"@type\":\"BreadcrumbList\",\"@id\":\"https:\/\/spreewaldmarathon.de\/wpswm\/kontakt\/#breadcrumb\",\"itemListElement\":[{\"@type\":\"ListItem\",\"position\":1,\"name\":\"Home\",\"item\":\"https:\/\/spreewaldmarathon.de\/wpswm\/\"},{\"@type\":\"ListItem\",\"position\":2,\"name\":\"Kontakt\"}]},{\"@type\":\"WebSite\",\"@id\":\"https:\/\/spreewaldmarathon.de\/wpswm\/#website\",\"url\":\"https:\/\/spreewaldmarathon.de\/wpswm\/\",\"name\":\"SPREEWALDMARATHON\",\"description\":\"Alles rund um den Spreewaldmarathon\",\"publisher\":{\"@id\":\"https:\/\/spreewaldmarathon.de\/wpswm\/#organization\"},\"potentialAction\":[{\"@type\":\"SearchAction\",\"target\":{\"@type\":\"EntryPoint\",\"urlTemplate\":\"https:\/\/spreewaldmarathon.de\/wpswm\/?s={search_term_string}\"},\"query-input\":{\"@type\":\"PropertyValueSpecification\",\"valueRequired\":true,\"valueName\":\"search_term_string\"}}],\"inLanguage\":\"de\"},{\"@type\":\"Organization\",\"@id\":\"https:\/\/spreewaldmarathon.de\/wpswm\/#organization\",\"name\":\"Lausitzer Sportevents e.V.\",\"url\":\"https:\/\/spreewaldmarathon.de\/wpswm\/\",\"logo\":{\"@type\":\"ImageObject\",\"inLanguage\":\"de\",\"@id\":\"https:\/\/spreewaldmarathon.de\/wpswm\/#\/schema\/logo\/image\/\",\"url\":\"https:\/\/spreewaldmarathon.de\/wpswm\/wp-content\/uploads\/2020\/06\/Banner_LSE-1.jpg\",\"contentUrl\":\"https:\/\/spreewaldmarathon.de\/wpswm\/wp-content\/uploads\/2020\/06\/Banner_LSE-1.jpg\",\"width\":2211,\"height\":624,\"caption\":\"Lausitzer Sportevents e.V.\"},\"image\":{\"@id\":\"https:\/\/spreewaldmarathon.de\/wpswm\/#\/schema\/logo\/image\/\"},\"sameAs\":[\"https:\/\/www.facebook.com\/SpreewaldMarathon\",\"https:\/\/x.com\/spreewaldmarath\",\"https:\/\/www.instagram.com\/spreewaldmarathon\",\"https:\/\/www.youtube.com\/results?search_query=spreewaldmarathon\",\"https:\/\/de.wikipedia.org\/wiki\/Spreewald-Marathon\"]}]}<\/script>\n<!-- \/ Yoast SEO plugin. -->","yoast_head_json":{"title":"Kontakt - SPREEWALDMARATHON","robots":{"index":"index","follow":"follow","max-snippet":"max-snippet:-1","max-image-preview":"max-image-preview:large","max-video-preview":"max-video-preview:-1"},"canonical":"https:\/\/spreewaldmarathon.de\/wpswm\/kontakt\/","og_locale":"de_DE","og_type":"article","og_title":"Kontakt - SPREEWALDMARATHON","og_description":"[vc_row][vc_column width=&#8220;1\/2&#8243;][vc_column_text]Postadresse des B\u00fcros: Spreewald-Marathon e.V. Rosa-Luxemburg-Stra\u00dfe 16a 01945 Hohenbocka Werter Sportfreunde, da in unserem Postfach t\u00e4glich 50 bis 300 E-Mail eintreffen, ist es uns trotz aller Bem\u00fchungen nicht m\u00f6glich, zeitnah auf alle Mail zu antworten. Bitte habt hierf\u00fcr Verst\u00e4ndnis.[\/vc_column_text][\/vc_column][vc_column width=&#8220;1\/2&#8243;][vc_column_text]Bitte beachtet, das wir wegen Veranstaltungsvorbereitungen, Absprachen und der vielf\u00e4ltigen Organisation nicht st\u00e4ndig im B\u00fcro anwesend sein k\u00f6nnen. In dieser Zeit k\u00f6nnen wir leider nicht Ihre Anrufe entgegennehmen. In der Woche vor und nach unseren Veranstaltungen sind wir wegen der Vor- und Nachbereitungsarbeiten nur noch an den Veranstaltungsorten anzutreffen und nicht mehr im B\u00fcro erreichbar. Auch E-Mail-Anfragen k\u00f6nnen dann nicht mehr bearbeitet werden. Wir erwarten von allen E-Mail-Schreibern ein Mindestma\u00df an Knigge.[\/vc_column_text][\/vc_column][\/vc_row][vc_row][vc_column width=&#8220;1\/1&#8243;][vc_column_text] Du hast Fragen? Bitte schau zuerst auf unsere FAQ-Seite &#8222;H\u00e4ufige Fragen&#8220;. Viele Antworten findest Du dort schon. Wenn Du keine Antwort gefunden hast, so schreibe uns. Wir setzen uns mit Dir in Verbindung![\/vc_column_text][vc_column_text] Kontaktformular Spreewald-Marathon [\/vc_column_text][vc_column_text][\/vc_column_text][\/vc_column][\/vc_row]","og_url":"https:\/\/spreewaldmarathon.de\/wpswm\/kontakt\/","og_site_name":"SPREEWALDMARATHON","article_publisher":"https:\/\/www.facebook.com\/SpreewaldMarathon","article_modified_time":"2026-02-02T16:43:31+00:00","twitter_card":"summary_large_image","twitter_site":"@spreewaldmarath","twitter_misc":{"Gesch\u00e4tzte Lesezeit":"1\u00a0Minute"},"schema":{"@context":"https:\/\/schema.org","@graph":[{"@type":"WebPage","@id":"https:\/\/spreewaldmarathon.de\/wpswm\/kontakt\/","url":"https:\/\/spreewaldmarathon.de\/wpswm\/kontakt\/","name":"Kontakt - SPREEWALDMARATHON","isPartOf":{"@id":"https:\/\/spreewaldmarathon.de\/wpswm\/#website"},"datePublished":"2020-06-09T05:21:21+00:00","dateModified":"2026-02-02T16:43:31+00:00","breadcrumb":{"@id":"https:\/\/spreewaldmarathon.de\/wpswm\/kontakt\/#breadcrumb"},"inLanguage":"de","potentialAction":[{"@type":"ReadAction","target":["https:\/\/spreewaldmarathon.de\/wpswm\/kontakt\/"]}]},{"@type":"BreadcrumbList","@id":"https:\/\/spreewaldmarathon.de\/wpswm\/kontakt\/#breadcrumb","itemListElement":[{"@type":"ListItem","position":1,"name":"Home","item":"https:\/\/spreewaldmarathon.de\/wpswm\/"},{"@type":"ListItem","position":2,"name":"Kontakt"}]},{"@type":"WebSite","@id":"https:\/\/spreewaldmarathon.de\/wpswm\/#website","url":"https:\/\/spreewaldmarathon.de\/wpswm\/","name":"SPREEWALDMARATHON","description":"Alles rund um den Spreewaldmarathon","publisher":{"@id":"https:\/\/spreewaldmarathon.de\/wpswm\/#organization"},"potentialAction":[{"@type":"SearchAction","target":{"@type":"EntryPoint","urlTemplate":"https:\/\/spreewaldmarathon.de\/wpswm\/?s={search_term_string}"},"query-input":{"@type":"PropertyValueSpecification","valueRequired":true,"valueName":"search_term_string"}}],"inLanguage":"de"},{"@type":"Organization","@id":"https:\/\/spreewaldmarathon.de\/wpswm\/#organization","name":"Lausitzer Sportevents e.V.","url":"https:\/\/spreewaldmarathon.de\/wpswm\/","logo":{"@type":"ImageObject","inLanguage":"de","@id":"https:\/\/spreewaldmarathon.de\/wpswm\/#\/schema\/logo\/image\/","url":"https:\/\/spreewaldmarathon.de\/wpswm\/wp-content\/uploads\/2020\/06\/Banner_LSE-1.jpg","contentUrl":"https:\/\/spreewaldmarathon.de\/wpswm\/wp-content\/uploads\/2020\/06\/Banner_LSE-1.jpg","width":2211,"height":624,"caption":"Lausitzer Sportevents e.V."},"image":{"@id":"https:\/\/spreewaldmarathon.de\/wpswm\/#\/schema\/logo\/image\/"},"sameAs":["https:\/\/www.facebook.com\/SpreewaldMarathon","https:\/\/x.com\/spreewaldmarath","https:\/\/www.instagram.com\/spreewaldmarathon","https:\/\/www.youtube.com\/results?search_query=spreewaldmarathon","https:\/\/de.wikipedia.org\/wiki\/Spreewald-Marathon"]}]}},"_links":{"self":[{"href":"https:\/\/spreewaldmarathon.de\/wpswm\/wp-json\/wp\/v2\/pages\/19196"}],"collection":[{"href":"https:\/\/spreewaldmarathon.de\/wpswm\/wp-json\/wp\/v2\/pages"}],"about":[{"href":"https:\/\/spreewaldmarathon.de\/wpswm\/wp-json\/wp\/v2\/types\/page"}],"author":[{"embeddable":true,"href":"https:\/\/spreewaldmarathon.de\/wpswm\/wp-json\/wp\/v2\/users\/1"}],"replies":[{"embeddable":true,"href":"https:\/\/spreewaldmarathon.de\/wpswm\/wp-json\/wp\/v2\/comments?post=19196"}],"version-history":[{"count":41,"href":"https:\/\/spreewaldmarathon.de\/wpswm\/wp-json\/wp\/v2\/pages\/19196\/revisions"}],"predecessor-version":[{"id":28418,"href":"https:\/\/spreewaldmarathon.de\/wpswm\/wp-json\/wp\/v2\/pages\/19196\/revisions\/28418"}],"wp:attachment":[{"href":"https:\/\/spreewaldmarathon.de\/wpswm\/wp-json\/wp\/v2\/media?parent=19196"}],"curies":[{"name":"wp","href":"https:\/\/api.w.org\/{rel}","templated":true}]}}