{"id":18134,"date":"2020-05-28T22:58:26","date_gmt":"2020-05-28T20:58:26","guid":{"rendered":"https:\/\/test.elbe-schrammstein-lauf.de\/?page_id=18134"},"modified":"2023-04-18T12:26:12","modified_gmt":"2023-04-18T11:26:12","slug":"laufen","status":"publish","type":"page","link":"https:\/\/spreewaldmarathon.de\/wpswm\/laufen\/","title":{"rendered":"Laufen"},"content":{"rendered":"<div class=\"wpb-content-wrapper\"><p>[vc_row][vc_column width=&#8220;1\/1&#8243;][vc_column_text]<\/p>\n<h1 style=\"text-align: center;\"><span style=\"color: #ff0000;\"><strong>Spreewaldmarathon 2023 mit ver\u00e4nderter Marathonstrecke<\/strong><\/span><\/h1>\n<h3 style=\"text-align: center;\"><span style=\"color: #0000ff;\"><strong><em>Da wir nach 20 Jahren unseren Marathonstreckenverlauf, durch die Biosph\u00e4renreservatsverwaltung und Unteren Naturschutzbeh\u00f6rden nicht mehr genehmigt bekommen, wird es 2023 daf\u00fcr eine andere Strecke geben. <\/em><\/strong><strong><em>Die Halbmarathon- und 10 km die Strecke bleibt fast unver\u00e4ndert.<\/em><\/strong><\/span><\/h3>\n<p style=\"text-align: center;\">Alle Strecken sind amtlich vermessen.<\/p>\n<p>[\/vc_column_text]<div class=\"spacer\" style=\"height: 10px;\"><\/div>[\/vc_column][\/vc_row][vc_row][vc_column width=&#8220;1\/1&#8243;][vc_row_inner][vc_column_inner width=&#8220;1\/3&#8243; css=&#8220;.vc_custom_1590692103229{padding: 1px !important;}&#8220;]<div class=\"minti_boxedholder   clearfix\" style=\"padding: 0px 0px 0px 0px; margin: 0px 0px 10px 0px; \">[vc_column_text]<\/p>\n<h1 style=\"text-align: center;\">Freitag<br \/>\n<i>L\u00fcbbenau<\/i><\/h1>\n<p>[\/vc_column_text]<\/div><a href=\"\" target=\"_self\" class=\"button color-3 full \" style=\"border-radius: 0px;\">5 km Nachtlauf<\/a>[\/vc_column_inner][vc_column_inner width=&#8220;1\/3&#8243;]<div class=\"minti_boxedholder   clearfix\" style=\"padding: 0px 0px 0px 0px; margin: 0px 0px 10px 0px; \">[vc_column_text]<\/p>\n<h1 style=\"text-align: center;\">Samstag<br \/>\n<em>Burg<\/em><\/h1>\n<p>[\/vc_column_text]<\/div><a href=\"\" target=\"_self\" class=\"button color-3 full \" style=\"border-radius: 0px;\">4,5 km Nachtlauf<\/a>[\/vc_column_inner][vc_column_inner width=&#8220;1\/3&#8243;]<div class=\"minti_boxedholder   clearfix\" style=\"padding: 0px 0px 0px 0px; margin: 0px 0px 10px 0px; \">[vc_column_text]<\/p>\n<h1 style=\"text-align: center;\">Sonntag<br \/>\n<em>Burg<\/em><\/h1>\n<p>[\/vc_column_text]<\/div><a href=\"\" target=\"_self\" class=\"button color-3 full \" style=\"border-radius: 0px;\">42,195 km Marathonlauf<\/a><div class=\"spacer\" style=\"height: 10px;\"><\/div><a href=\"\" target=\"_self\" class=\"button color-3 full \" style=\"border-radius: 0px;\">21,0975 kmHalbmarathon-Lauf<\/a><div class=\"spacer\" style=\"height: 10px;\"><\/div><a href=\"\" target=\"_self\" class=\"button color-3 full \" style=\"border-radius: 0px;\">10 km Antenne Brandenburg Lauf<\/a><div class=\"spacer\" style=\"height: 10px;\"><\/div><a href=\"\" target=\"_self\" class=\"button color-3 full \" style=\"border-radius: 0px;\">5 km Familien-Lauf<\/a><div class=\"spacer\" style=\"height: 10px;\"><\/div><a href=\"\" target=\"_self\" class=\"button color-3 full \" style=\"border-radius: 0px;\">2 km<\/a><div class=\"spacer\" style=\"height: 10px;\"><\/div><a href=\"\" target=\"_self\" class=\"button color-3 full \" style=\"border-radius: 0px;\">400 m Kinderlauf<\/a>[\/vc_column_inner][\/vc_row_inner][\/vc_column][\/vc_row][vc_row top_padding=&#8220;0&#8243; bottom_padding=&#8220;0&#8243; bg_position=&#8220;left top&#8220;][vc_column]<div class=\"spacer\" style=\"height: 40px;\"><\/div>[vc_column_text]<\/p>\n<h3><i class=\"fa fa-info minti-icon\" style=\"color:#ff0000 !important; font-size: 20px; margin: 0px 0px 0px 0px\"><\/i>\u00a0 Allgemeine <strong>Hinweise<\/strong><\/h3>\n<ul>\n<li><span style=\"color: #ff0000;\"><strong>Das sichtbare Befestigung der Startnummer auf der Brust ist Pflicht!<\/strong><\/span><\/li>\n<li><span class=\"rot1\">Achtung, es kann keine Vollsperrung der Strecken garantiert werden!<br \/>\nEs gibt leider immer wieder Verkehrsteilnehmer, welche die Absperrungen durchbrechen.<\/span><\/li>\n<li>Alle Teilnehmer m\u00fcssen die Verkehrsregeln einhalten und d\u00fcrfen sich und andere nicht gef\u00e4hrden!<\/li>\n<li>Keine Angst vor gro\u00dfer Hitze, wir sind auf gro\u00dfe Hitze vorbereitet und halten f\u00fcr Euch ausreichend Wasser auf den Strecken zur Erfrischung bereit.<\/li>\n<li><span style=\"color: #ff0000;\"><strong>Zielschluss 14.30 Uhr<\/strong><\/span><\/li>\n<\/ul>\n<p>[\/vc_column_text][\/vc_column][\/vc_row]<\/p>\n<\/div>","protected":false},"excerpt":{"rendered":"<p>[vc_row][vc_column width=&#8220;1\/1&#8243;][vc_column_text] Spreewaldmarathon 2023 mit ver\u00e4nderter Marathonstrecke Da wir nach 20 Jahren unseren Marathonstreckenverlauf, durch die Biosph\u00e4renreservatsverwaltung und Unteren Naturschutzbeh\u00f6rden nicht mehr genehmigt bekommen, wird es 2023 daf\u00fcr eine andere Strecke geben. Die Halbmarathon- und 10 km die Strecke bleibt fast unver\u00e4ndert. Alle Strecken sind amtlich vermessen. [\/vc_column_text][\/vc_column][\/vc_row][vc_row][vc_column width=&#8220;1\/1&#8243;][vc_row_inner][vc_column_inner width=&#8220;1\/3&#8243; css=&#8220;.vc_custom_1590692103229{padding: 1px !important;}&#8220;][\/vc_column_inner][vc_column_inner width=&#8220;1\/3&#8243;][\/vc_column_inner][vc_column_inner width=&#8220;1\/3&#8243;][\/vc_column_inner][\/vc_row_inner][\/vc_column][\/vc_row][vc_row top_padding=&#8220;0&#8243; bottom_padding=&#8220;0&#8243; bg_position=&#8220;left top&#8220;][vc_column][vc_column_text] \u00a0 Allgemeine Hinweise Das sichtbare Befestigung der Startnummer auf der Brust ist Pflicht! Achtung, es kann keine Vollsperrung der Strecken garantiert werden! Es gibt leider immer wieder Verkehrsteilnehmer, welche die Absperrungen durchbrechen. Alle Teilnehmer m\u00fcssen die Verkehrsregeln einhalten und d\u00fcrfen sich und andere nicht gef\u00e4hrden! Keine Angst vor gro\u00dfer Hitze, wir sind auf gro\u00dfe Hitze vorbereitet und halten f\u00fcr Euch ausreichend Wasser auf den Strecken zur Erfrischung bereit. Zielschluss 14.30 Uhr [\/vc_column_text][\/vc_column][\/vc_row]<\/p>\n","protected":false},"author":1,"featured_media":0,"parent":0,"menu_order":0,"comment_status":"closed","ping_status":"closed","template":"","meta":{"footnotes":""},"class_list":["post-18134","page","type-page","status-publish","hentry"],"yoast_head":"<!-- This site is optimized with the Yoast SEO plugin v25.6 - https:\/\/yoast.com\/wordpress\/plugins\/seo\/ -->\n<title>Laufen - SPREEWALDMARATHON<\/title>\n<meta name=\"robots\" content=\"index, follow, max-snippet:-1, max-image-preview:large, max-video-preview:-1\" \/>\n<link rel=\"canonical\" href=\"https:\/\/spreewaldmarathon.de\/wpswm\/laufen\/\" \/>\n<meta property=\"og:locale\" content=\"de_DE\" \/>\n<meta property=\"og:type\" content=\"article\" \/>\n<meta property=\"og:title\" content=\"Laufen - SPREEWALDMARATHON\" \/>\n<meta property=\"og:description\" content=\"[vc_row][vc_column width=&#8220;1\/1&#8243;][vc_column_text] Spreewaldmarathon 2023 mit ver\u00e4nderter Marathonstrecke Da wir nach 20 Jahren unseren Marathonstreckenverlauf, durch die Biosph\u00e4renreservatsverwaltung und Unteren Naturschutzbeh\u00f6rden nicht mehr genehmigt bekommen, wird es 2023 daf\u00fcr eine andere Strecke geben. Die Halbmarathon- und 10 km die Strecke bleibt fast unver\u00e4ndert. Alle Strecken sind amtlich vermessen. [\/vc_column_text][\/vc_column][\/vc_row][vc_row][vc_column width=&#8220;1\/1&#8243;][vc_row_inner][vc_column_inner width=&#8220;1\/3&#8243; css=&#8220;.vc_custom_1590692103229{padding: 1px !important;}&#8220;][\/vc_column_inner][vc_column_inner width=&#8220;1\/3&#8243;][\/vc_column_inner][vc_column_inner width=&#8220;1\/3&#8243;][\/vc_column_inner][\/vc_row_inner][\/vc_column][\/vc_row][vc_row top_padding=&#8220;0&#8243; bottom_padding=&#8220;0&#8243; bg_position=&#8220;left top&#8220;][vc_column][vc_column_text] \u00a0 Allgemeine Hinweise Das sichtbare Befestigung der Startnummer auf der Brust ist Pflicht! Achtung, es kann keine Vollsperrung der Strecken garantiert werden! Es gibt leider immer wieder Verkehrsteilnehmer, welche die Absperrungen durchbrechen. Alle Teilnehmer m\u00fcssen die Verkehrsregeln einhalten und d\u00fcrfen sich und andere nicht gef\u00e4hrden! Keine Angst vor gro\u00dfer Hitze, wir sind auf gro\u00dfe Hitze vorbereitet und halten f\u00fcr Euch ausreichend Wasser auf den Strecken zur Erfrischung bereit. Zielschluss 14.30 Uhr [\/vc_column_text][\/vc_column][\/vc_row]\" \/>\n<meta property=\"og:url\" content=\"https:\/\/spreewaldmarathon.de\/wpswm\/laufen\/\" \/>\n<meta property=\"og:site_name\" content=\"SPREEWALDMARATHON\" \/>\n<meta property=\"article:publisher\" content=\"https:\/\/www.facebook.com\/SpreewaldMarathon\" \/>\n<meta property=\"article:modified_time\" content=\"2023-04-18T11:26:12+00:00\" \/>\n<meta name=\"twitter:card\" content=\"summary_large_image\" \/>\n<meta name=\"twitter:site\" content=\"@spreewaldmarath\" \/>\n<meta name=\"twitter:label1\" content=\"Gesch\u00e4tzte Lesezeit\" \/>\n\t<meta name=\"twitter:data1\" content=\"2\u00a0Minuten\" \/>\n<script type=\"application\/ld+json\" class=\"yoast-schema-graph\">{\"@context\":\"https:\/\/schema.org\",\"@graph\":[{\"@type\":\"WebPage\",\"@id\":\"https:\/\/spreewaldmarathon.de\/wpswm\/laufen\/\",\"url\":\"https:\/\/spreewaldmarathon.de\/wpswm\/laufen\/\",\"name\":\"Laufen - SPREEWALDMARATHON\",\"isPartOf\":{\"@id\":\"https:\/\/spreewaldmarathon.de\/wpswm\/#website\"},\"datePublished\":\"2020-05-28T20:58:26+00:00\",\"dateModified\":\"2023-04-18T11:26:12+00:00\",\"breadcrumb\":{\"@id\":\"https:\/\/spreewaldmarathon.de\/wpswm\/laufen\/#breadcrumb\"},\"inLanguage\":\"de\",\"potentialAction\":[{\"@type\":\"ReadAction\",\"target\":[\"https:\/\/spreewaldmarathon.de\/wpswm\/laufen\/\"]}]},{\"@type\":\"BreadcrumbList\",\"@id\":\"https:\/\/spreewaldmarathon.de\/wpswm\/laufen\/#breadcrumb\",\"itemListElement\":[{\"@type\":\"ListItem\",\"position\":1,\"name\":\"Home\",\"item\":\"https:\/\/spreewaldmarathon.de\/wpswm\/\"},{\"@type\":\"ListItem\",\"position\":2,\"name\":\"Laufen\"}]},{\"@type\":\"WebSite\",\"@id\":\"https:\/\/spreewaldmarathon.de\/wpswm\/#website\",\"url\":\"https:\/\/spreewaldmarathon.de\/wpswm\/\",\"name\":\"SPREEWALDMARATHON\",\"description\":\"Alles rund um den Spreewaldmarathon\",\"publisher\":{\"@id\":\"https:\/\/spreewaldmarathon.de\/wpswm\/#organization\"},\"potentialAction\":[{\"@type\":\"SearchAction\",\"target\":{\"@type\":\"EntryPoint\",\"urlTemplate\":\"https:\/\/spreewaldmarathon.de\/wpswm\/?s={search_term_string}\"},\"query-input\":{\"@type\":\"PropertyValueSpecification\",\"valueRequired\":true,\"valueName\":\"search_term_string\"}}],\"inLanguage\":\"de\"},{\"@type\":\"Organization\",\"@id\":\"https:\/\/spreewaldmarathon.de\/wpswm\/#organization\",\"name\":\"Lausitzer Sportevents e.V.\",\"url\":\"https:\/\/spreewaldmarathon.de\/wpswm\/\",\"logo\":{\"@type\":\"ImageObject\",\"inLanguage\":\"de\",\"@id\":\"https:\/\/spreewaldmarathon.de\/wpswm\/#\/schema\/logo\/image\/\",\"url\":\"https:\/\/spreewaldmarathon.de\/wpswm\/wp-content\/uploads\/2020\/06\/Banner_LSE-1.jpg\",\"contentUrl\":\"https:\/\/spreewaldmarathon.de\/wpswm\/wp-content\/uploads\/2020\/06\/Banner_LSE-1.jpg\",\"width\":2211,\"height\":624,\"caption\":\"Lausitzer Sportevents e.V.\"},\"image\":{\"@id\":\"https:\/\/spreewaldmarathon.de\/wpswm\/#\/schema\/logo\/image\/\"},\"sameAs\":[\"https:\/\/www.facebook.com\/SpreewaldMarathon\",\"https:\/\/x.com\/spreewaldmarath\",\"https:\/\/www.instagram.com\/spreewaldmarathon\",\"https:\/\/www.youtube.com\/results?search_query=spreewaldmarathon\",\"https:\/\/de.wikipedia.org\/wiki\/Spreewald-Marathon\"]}]}<\/script>\n<!-- \/ Yoast SEO plugin. -->","yoast_head_json":{"title":"Laufen - SPREEWALDMARATHON","robots":{"index":"index","follow":"follow","max-snippet":"max-snippet:-1","max-image-preview":"max-image-preview:large","max-video-preview":"max-video-preview:-1"},"canonical":"https:\/\/spreewaldmarathon.de\/wpswm\/laufen\/","og_locale":"de_DE","og_type":"article","og_title":"Laufen - SPREEWALDMARATHON","og_description":"[vc_row][vc_column width=&#8220;1\/1&#8243;][vc_column_text] Spreewaldmarathon 2023 mit ver\u00e4nderter Marathonstrecke Da wir nach 20 Jahren unseren Marathonstreckenverlauf, durch die Biosph\u00e4renreservatsverwaltung und Unteren Naturschutzbeh\u00f6rden nicht mehr genehmigt bekommen, wird es 2023 daf\u00fcr eine andere Strecke geben. Die Halbmarathon- und 10 km die Strecke bleibt fast unver\u00e4ndert. Alle Strecken sind amtlich vermessen. [\/vc_column_text][\/vc_column][\/vc_row][vc_row][vc_column width=&#8220;1\/1&#8243;][vc_row_inner][vc_column_inner width=&#8220;1\/3&#8243; css=&#8220;.vc_custom_1590692103229{padding: 1px !important;}&#8220;][\/vc_column_inner][vc_column_inner width=&#8220;1\/3&#8243;][\/vc_column_inner][vc_column_inner width=&#8220;1\/3&#8243;][\/vc_column_inner][\/vc_row_inner][\/vc_column][\/vc_row][vc_row top_padding=&#8220;0&#8243; bottom_padding=&#8220;0&#8243; bg_position=&#8220;left top&#8220;][vc_column][vc_column_text] \u00a0 Allgemeine Hinweise Das sichtbare Befestigung der Startnummer auf der Brust ist Pflicht! Achtung, es kann keine Vollsperrung der Strecken garantiert werden! Es gibt leider immer wieder Verkehrsteilnehmer, welche die Absperrungen durchbrechen. Alle Teilnehmer m\u00fcssen die Verkehrsregeln einhalten und d\u00fcrfen sich und andere nicht gef\u00e4hrden! Keine Angst vor gro\u00dfer Hitze, wir sind auf gro\u00dfe Hitze vorbereitet und halten f\u00fcr Euch ausreichend Wasser auf den Strecken zur Erfrischung bereit. Zielschluss 14.30 Uhr [\/vc_column_text][\/vc_column][\/vc_row]","og_url":"https:\/\/spreewaldmarathon.de\/wpswm\/laufen\/","og_site_name":"SPREEWALDMARATHON","article_publisher":"https:\/\/www.facebook.com\/SpreewaldMarathon","article_modified_time":"2023-04-18T11:26:12+00:00","twitter_card":"summary_large_image","twitter_site":"@spreewaldmarath","twitter_misc":{"Gesch\u00e4tzte Lesezeit":"2\u00a0Minuten"},"schema":{"@context":"https:\/\/schema.org","@graph":[{"@type":"WebPage","@id":"https:\/\/spreewaldmarathon.de\/wpswm\/laufen\/","url":"https:\/\/spreewaldmarathon.de\/wpswm\/laufen\/","name":"Laufen - SPREEWALDMARATHON","isPartOf":{"@id":"https:\/\/spreewaldmarathon.de\/wpswm\/#website"},"datePublished":"2020-05-28T20:58:26+00:00","dateModified":"2023-04-18T11:26:12+00:00","breadcrumb":{"@id":"https:\/\/spreewaldmarathon.de\/wpswm\/laufen\/#breadcrumb"},"inLanguage":"de","potentialAction":[{"@type":"ReadAction","target":["https:\/\/spreewaldmarathon.de\/wpswm\/laufen\/"]}]},{"@type":"BreadcrumbList","@id":"https:\/\/spreewaldmarathon.de\/wpswm\/laufen\/#breadcrumb","itemListElement":[{"@type":"ListItem","position":1,"name":"Home","item":"https:\/\/spreewaldmarathon.de\/wpswm\/"},{"@type":"ListItem","position":2,"name":"Laufen"}]},{"@type":"WebSite","@id":"https:\/\/spreewaldmarathon.de\/wpswm\/#website","url":"https:\/\/spreewaldmarathon.de\/wpswm\/","name":"SPREEWALDMARATHON","description":"Alles rund um den Spreewaldmarathon","publisher":{"@id":"https:\/\/spreewaldmarathon.de\/wpswm\/#organization"},"potentialAction":[{"@type":"SearchAction","target":{"@type":"EntryPoint","urlTemplate":"https:\/\/spreewaldmarathon.de\/wpswm\/?s={search_term_string}"},"query-input":{"@type":"PropertyValueSpecification","valueRequired":true,"valueName":"search_term_string"}}],"inLanguage":"de"},{"@type":"Organization","@id":"https:\/\/spreewaldmarathon.de\/wpswm\/#organization","name":"Lausitzer Sportevents e.V.","url":"https:\/\/spreewaldmarathon.de\/wpswm\/","logo":{"@type":"ImageObject","inLanguage":"de","@id":"https:\/\/spreewaldmarathon.de\/wpswm\/#\/schema\/logo\/image\/","url":"https:\/\/spreewaldmarathon.de\/wpswm\/wp-content\/uploads\/2020\/06\/Banner_LSE-1.jpg","contentUrl":"https:\/\/spreewaldmarathon.de\/wpswm\/wp-content\/uploads\/2020\/06\/Banner_LSE-1.jpg","width":2211,"height":624,"caption":"Lausitzer Sportevents e.V."},"image":{"@id":"https:\/\/spreewaldmarathon.de\/wpswm\/#\/schema\/logo\/image\/"},"sameAs":["https:\/\/www.facebook.com\/SpreewaldMarathon","https:\/\/x.com\/spreewaldmarath","https:\/\/www.instagram.com\/spreewaldmarathon","https:\/\/www.youtube.com\/results?search_query=spreewaldmarathon","https:\/\/de.wikipedia.org\/wiki\/Spreewald-Marathon"]}]}},"_links":{"self":[{"href":"https:\/\/spreewaldmarathon.de\/wpswm\/wp-json\/wp\/v2\/pages\/18134"}],"collection":[{"href":"https:\/\/spreewaldmarathon.de\/wpswm\/wp-json\/wp\/v2\/pages"}],"about":[{"href":"https:\/\/spreewaldmarathon.de\/wpswm\/wp-json\/wp\/v2\/types\/page"}],"author":[{"embeddable":true,"href":"https:\/\/spreewaldmarathon.de\/wpswm\/wp-json\/wp\/v2\/users\/1"}],"replies":[{"embeddable":true,"href":"https:\/\/spreewaldmarathon.de\/wpswm\/wp-json\/wp\/v2\/comments?post=18134"}],"version-history":[{"count":61,"href":"https:\/\/spreewaldmarathon.de\/wpswm\/wp-json\/wp\/v2\/pages\/18134\/revisions"}],"predecessor-version":[{"id":26472,"href":"https:\/\/spreewaldmarathon.de\/wpswm\/wp-json\/wp\/v2\/pages\/18134\/revisions\/26472"}],"wp:attachment":[{"href":"https:\/\/spreewaldmarathon.de\/wpswm\/wp-json\/wp\/v2\/media?parent=18134"}],"curies":[{"name":"wp","href":"https:\/\/api.w.org\/{rel}","templated":true}]}}