{"id":17426,"date":"2020-05-25T18:58:19","date_gmt":"2020-05-25T18:58:19","guid":{"rendered":"https:\/\/test.elbe-schrammstein-lauf.de\/?page_id=17426"},"modified":"2026-02-19T17:31:39","modified_gmt":"2026-02-19T16:31:39","slug":"anreise","status":"publish","type":"page","link":"https:\/\/spreewaldmarathon.de\/wpswm\/anreise\/","title":{"rendered":"Anreise"},"content":{"rendered":"<div class=\"wpb-content-wrapper\"><p>[vc_row row_id=&#8220;online-anmeldung&#8220;][vc_column width=&#8220;1\/2&#8243;]<div class=\"single_image wpb_content_element align-left  image_box_border  \" data-animation=\"none\" data-delay=\"0\"><a href=\"https:\/\/spreewaldmarathon.de\/wpswm\/wp-content\/uploads\/anreisekarte.jpg\" target=\"_self\"><img loading=\"lazy\" decoding=\"async\" width=\"454\" height=\"405\" src=\"https:\/\/spreewaldmarathon.de\/wpswm\/wp-content\/uploads\/anreisekarte.jpg\" class=\"attachment-full\" alt=\"\" title=\"anreisekarte spreewaldmarathon\" srcset=\"https:\/\/spreewaldmarathon.de\/wpswm\/wp-content\/uploads\/anreisekarte.jpg 454w, https:\/\/spreewaldmarathon.de\/wpswm\/wp-content\/uploads\/anreisekarte-300x268.jpg 300w\" sizes=\"(max-width: 454px) 100vw, 454px\" \/><\/a><\/div>[vc_column_text]<strong>Anreiseadressen der verschiedenen Standorte f\u00fcr die Navigation:<\/strong><\/p>\n<ul>\n<li>03096 Burg (Spreewald), Festplatz, Am Hafen 6<\/li>\n<li>03096 Burg (Spreewald), Bootshaus am Leineweber, Hauptstr.1<\/li>\n<li>03096 Burg (Spreewald), stand up paddling, Martin Fix, Naundorfer Stra\u00dfe 17<\/li>\n<li>03222 L\u00fcbbenau \/ Spreewald, Rathaus, Ehm-Welk-Stra\u00dfe 15<\/li>\n<li>03222 L\u00fcbbenau \/ Spreewald, Parkplatz am Spreeweltenbad, Alte Hutung<\/li>\n<li>15913 Straupitz, Touristen-Info, Kichstr. 11<\/li>\n<li>15913 Goyatz, Touristinfo, Am Bahnhof 27<\/li>\n<\/ul>\n<p>[\/vc_column_text][\/vc_column][vc_column width=&#8220;1\/2&#8243;][vc_column_text]<\/p>\n<h4>Anreise mit dem Auto<\/h4>\n<p>Westlich der Reiseregion Spreewald verl\u00e4uft die A13 (E55) Berlin &#8211; Dresden und s\u00fcdlich die A15 (E36) Dreieck Spreewald &#8211; Forst. In noch nicht einmal einer Stunde gelangen Sie vom Sch\u00f6nefelder Kreuz (s\u00fcdlich von Berlin) oder aus Richtung Dresden kommend bis in den Spreewald.[\/vc_column_text][vc_column_text]<\/p>\n<h5>Anreise mit der Bahn und Bus<\/h5>\n<div class=\"box1\">\n<p>Die Anreise zum Spreewald-Marathon kann mit der Bahn und dem Bus erfolgen. Es kommt darauf an, an welchen Wettk\u00e4mpfen man teilnehmen will. Mit der Bahn aus Richtung Dresden und Leipzig kommend, steigt man in Cottbus aus und f\u00e4hrt mit dem Bus weiter nach Burg (Hauptstandort der Veranstaltung). Aus Berlin kommend, kann man in L\u00fcbbenau aussteigen und bei Bedarf mit dem Bus weiter nach Burg fahren. In Burg an der Haltestelle &#8222;Burg &#8211; Lindenstra\u00dfe&#8220; aussteigen. So hat man einen kurzen Weg zum Veranstaltungsgel\u00e4nde und zur Tourismusinformation.<\/p>\n<p>Die Fahrpl\u00e4ne des Verkehrsverbundes sind im Internet unter\u00a0<strong><a href=\"http:\/\/www.vbb.de\/\">www.vbb.de <\/a><\/strong>abrufbar. Weitere Informationen gibt es auch auf den Internetseiten der \u00f6rtlichen Verkehrsunternehmen:<\/p>\n<p><strong><a href=\"http:\/\/www.cottbusverkehr.de\/\" target=\"_blank\" rel=\"noopener noreferrer\">www.cottbusverkehr.de<\/a><\/strong><br \/>\n<strong><a href=\"http:\/\/www.bvg.de\/de\" target=\"_blank\" rel=\"noopener noreferrer\">www.bvg.de\/de<\/a><\/strong><\/p>\n<\/div>\n<p>[\/vc_column_text][\/vc_column][\/vc_row]<\/p>\n<\/div>","protected":false},"excerpt":{"rendered":"<p>[vc_row row_id=&#8220;online-anmeldung&#8220;][vc_column width=&#8220;1\/2&#8243;][vc_column_text]Anreiseadressen der verschiedenen Standorte f\u00fcr die Navigation: 03096 Burg (Spreewald), Festplatz, Am Hafen 6 03096 Burg (Spreewald), Bootshaus am Leineweber, Hauptstr.1 03096 Burg (Spreewald), stand up paddling, Martin Fix, Naundorfer Stra\u00dfe 17 03222 L\u00fcbbenau \/ Spreewald, Rathaus, Ehm-Welk-Stra\u00dfe 15 03222 L\u00fcbbenau \/ Spreewald, Parkplatz am Spreeweltenbad, Alte Hutung 15913 Straupitz, Touristen-Info, Kichstr. 11 15913 Goyatz, Touristinfo, Am Bahnhof 27 [\/vc_column_text][\/vc_column][vc_column width=&#8220;1\/2&#8243;][vc_column_text] Anreise mit dem Auto Westlich der Reiseregion Spreewald verl\u00e4uft die A13 (E55) Berlin &#8211; Dresden und s\u00fcdlich die A15 (E36) Dreieck Spreewald &#8211; Forst. In noch nicht einmal einer Stunde gelangen Sie vom Sch\u00f6nefelder Kreuz (s\u00fcdlich von Berlin) oder aus Richtung Dresden kommend bis in den Spreewald.[\/vc_column_text][vc_column_text] Anreise mit der Bahn und Bus Die Anreise zum Spreewald-Marathon kann mit der Bahn und dem Bus erfolgen. Es kommt darauf an, an welchen Wettk\u00e4mpfen man teilnehmen will. Mit der Bahn aus Richtung Dresden und Leipzig kommend, steigt man in Cottbus aus und f\u00e4hrt mit dem Bus weiter nach Burg (Hauptstandort der Veranstaltung). Aus Berlin kommend, kann man in L\u00fcbbenau aussteigen und bei Bedarf mit dem Bus weiter nach Burg fahren. In Burg an der Haltestelle &#8222;Burg &#8211; Lindenstra\u00dfe&#8220; aussteigen. So hat man einen kurzen Weg zum Veranstaltungsgel\u00e4nde und zur [&hellip;]<\/p>\n","protected":false},"author":1,"featured_media":0,"parent":0,"menu_order":0,"comment_status":"closed","ping_status":"closed","template":"","meta":{"footnotes":""},"class_list":["post-17426","page","type-page","status-publish","hentry"],"yoast_head":"<!-- This site is optimized with the Yoast SEO plugin v25.6 - https:\/\/yoast.com\/wordpress\/plugins\/seo\/ -->\n<title>Anreise - SPREEWALDMARATHON<\/title>\n<meta name=\"robots\" content=\"index, follow, max-snippet:-1, max-image-preview:large, max-video-preview:-1\" \/>\n<link rel=\"canonical\" href=\"https:\/\/spreewaldmarathon.de\/wpswm\/anreise\/\" \/>\n<meta property=\"og:locale\" content=\"de_DE\" \/>\n<meta property=\"og:type\" content=\"article\" \/>\n<meta property=\"og:title\" content=\"Anreise - SPREEWALDMARATHON\" \/>\n<meta property=\"og:description\" content=\"[vc_row row_id=&#8220;online-anmeldung&#8220;][vc_column width=&#8220;1\/2&#8243;][vc_column_text]Anreiseadressen der verschiedenen Standorte f\u00fcr die Navigation: 03096 Burg (Spreewald), Festplatz, Am Hafen 6 03096 Burg (Spreewald), Bootshaus am Leineweber, Hauptstr.1 03096 Burg (Spreewald), stand up paddling, Martin Fix, Naundorfer Stra\u00dfe 17 03222 L\u00fcbbenau \/ Spreewald, Rathaus, Ehm-Welk-Stra\u00dfe 15 03222 L\u00fcbbenau \/ Spreewald, Parkplatz am Spreeweltenbad, Alte Hutung 15913 Straupitz, Touristen-Info, Kichstr. 11 15913 Goyatz, Touristinfo, Am Bahnhof 27 [\/vc_column_text][\/vc_column][vc_column width=&#8220;1\/2&#8243;][vc_column_text] Anreise mit dem Auto Westlich der Reiseregion Spreewald verl\u00e4uft die A13 (E55) Berlin &#8211; Dresden und s\u00fcdlich die A15 (E36) Dreieck Spreewald &#8211; Forst. In noch nicht einmal einer Stunde gelangen Sie vom Sch\u00f6nefelder Kreuz (s\u00fcdlich von Berlin) oder aus Richtung Dresden kommend bis in den Spreewald.[\/vc_column_text][vc_column_text] Anreise mit der Bahn und Bus Die Anreise zum Spreewald-Marathon kann mit der Bahn und dem Bus erfolgen. Es kommt darauf an, an welchen Wettk\u00e4mpfen man teilnehmen will. Mit der Bahn aus Richtung Dresden und Leipzig kommend, steigt man in Cottbus aus und f\u00e4hrt mit dem Bus weiter nach Burg (Hauptstandort der Veranstaltung). Aus Berlin kommend, kann man in L\u00fcbbenau aussteigen und bei Bedarf mit dem Bus weiter nach Burg fahren. In Burg an der Haltestelle &#8222;Burg &#8211; Lindenstra\u00dfe&#8220; aussteigen. So hat man einen kurzen Weg zum Veranstaltungsgel\u00e4nde und zur [&hellip;]\" \/>\n<meta property=\"og:url\" content=\"https:\/\/spreewaldmarathon.de\/wpswm\/anreise\/\" \/>\n<meta property=\"og:site_name\" content=\"SPREEWALDMARATHON\" \/>\n<meta property=\"article:publisher\" content=\"https:\/\/www.facebook.com\/SpreewaldMarathon\" \/>\n<meta property=\"article:modified_time\" content=\"2026-02-19T16:31:39+00:00\" \/>\n<meta name=\"twitter:card\" content=\"summary_large_image\" \/>\n<meta name=\"twitter:site\" content=\"@spreewaldmarath\" \/>\n<meta name=\"twitter:label1\" content=\"Gesch\u00e4tzte Lesezeit\" \/>\n\t<meta name=\"twitter:data1\" content=\"2\u00a0Minuten\" \/>\n<script type=\"application\/ld+json\" class=\"yoast-schema-graph\">{\"@context\":\"https:\/\/schema.org\",\"@graph\":[{\"@type\":\"WebPage\",\"@id\":\"https:\/\/spreewaldmarathon.de\/wpswm\/anreise\/\",\"url\":\"https:\/\/spreewaldmarathon.de\/wpswm\/anreise\/\",\"name\":\"Anreise - SPREEWALDMARATHON\",\"isPartOf\":{\"@id\":\"https:\/\/spreewaldmarathon.de\/wpswm\/#website\"},\"datePublished\":\"2020-05-25T18:58:19+00:00\",\"dateModified\":\"2026-02-19T16:31:39+00:00\",\"breadcrumb\":{\"@id\":\"https:\/\/spreewaldmarathon.de\/wpswm\/anreise\/#breadcrumb\"},\"inLanguage\":\"de\",\"potentialAction\":[{\"@type\":\"ReadAction\",\"target\":[\"https:\/\/spreewaldmarathon.de\/wpswm\/anreise\/\"]}]},{\"@type\":\"BreadcrumbList\",\"@id\":\"https:\/\/spreewaldmarathon.de\/wpswm\/anreise\/#breadcrumb\",\"itemListElement\":[{\"@type\":\"ListItem\",\"position\":1,\"name\":\"Home\",\"item\":\"https:\/\/spreewaldmarathon.de\/wpswm\/\"},{\"@type\":\"ListItem\",\"position\":2,\"name\":\"Anreise\"}]},{\"@type\":\"WebSite\",\"@id\":\"https:\/\/spreewaldmarathon.de\/wpswm\/#website\",\"url\":\"https:\/\/spreewaldmarathon.de\/wpswm\/\",\"name\":\"SPREEWALDMARATHON\",\"description\":\"Alles rund um den Spreewaldmarathon\",\"publisher\":{\"@id\":\"https:\/\/spreewaldmarathon.de\/wpswm\/#organization\"},\"potentialAction\":[{\"@type\":\"SearchAction\",\"target\":{\"@type\":\"EntryPoint\",\"urlTemplate\":\"https:\/\/spreewaldmarathon.de\/wpswm\/?s={search_term_string}\"},\"query-input\":{\"@type\":\"PropertyValueSpecification\",\"valueRequired\":true,\"valueName\":\"search_term_string\"}}],\"inLanguage\":\"de\"},{\"@type\":\"Organization\",\"@id\":\"https:\/\/spreewaldmarathon.de\/wpswm\/#organization\",\"name\":\"Lausitzer Sportevents e.V.\",\"url\":\"https:\/\/spreewaldmarathon.de\/wpswm\/\",\"logo\":{\"@type\":\"ImageObject\",\"inLanguage\":\"de\",\"@id\":\"https:\/\/spreewaldmarathon.de\/wpswm\/#\/schema\/logo\/image\/\",\"url\":\"https:\/\/spreewaldmarathon.de\/wpswm\/wp-content\/uploads\/2020\/06\/Banner_LSE-1.jpg\",\"contentUrl\":\"https:\/\/spreewaldmarathon.de\/wpswm\/wp-content\/uploads\/2020\/06\/Banner_LSE-1.jpg\",\"width\":2211,\"height\":624,\"caption\":\"Lausitzer Sportevents e.V.\"},\"image\":{\"@id\":\"https:\/\/spreewaldmarathon.de\/wpswm\/#\/schema\/logo\/image\/\"},\"sameAs\":[\"https:\/\/www.facebook.com\/SpreewaldMarathon\",\"https:\/\/x.com\/spreewaldmarath\",\"https:\/\/www.instagram.com\/spreewaldmarathon\",\"https:\/\/www.youtube.com\/results?search_query=spreewaldmarathon\",\"https:\/\/de.wikipedia.org\/wiki\/Spreewald-Marathon\"]}]}<\/script>\n<!-- \/ Yoast SEO plugin. -->","yoast_head_json":{"title":"Anreise - SPREEWALDMARATHON","robots":{"index":"index","follow":"follow","max-snippet":"max-snippet:-1","max-image-preview":"max-image-preview:large","max-video-preview":"max-video-preview:-1"},"canonical":"https:\/\/spreewaldmarathon.de\/wpswm\/anreise\/","og_locale":"de_DE","og_type":"article","og_title":"Anreise - SPREEWALDMARATHON","og_description":"[vc_row row_id=&#8220;online-anmeldung&#8220;][vc_column width=&#8220;1\/2&#8243;][vc_column_text]Anreiseadressen der verschiedenen Standorte f\u00fcr die Navigation: 03096 Burg (Spreewald), Festplatz, Am Hafen 6 03096 Burg (Spreewald), Bootshaus am Leineweber, Hauptstr.1 03096 Burg (Spreewald), stand up paddling, Martin Fix, Naundorfer Stra\u00dfe 17 03222 L\u00fcbbenau \/ Spreewald, Rathaus, Ehm-Welk-Stra\u00dfe 15 03222 L\u00fcbbenau \/ Spreewald, Parkplatz am Spreeweltenbad, Alte Hutung 15913 Straupitz, Touristen-Info, Kichstr. 11 15913 Goyatz, Touristinfo, Am Bahnhof 27 [\/vc_column_text][\/vc_column][vc_column width=&#8220;1\/2&#8243;][vc_column_text] Anreise mit dem Auto Westlich der Reiseregion Spreewald verl\u00e4uft die A13 (E55) Berlin &#8211; Dresden und s\u00fcdlich die A15 (E36) Dreieck Spreewald &#8211; Forst. In noch nicht einmal einer Stunde gelangen Sie vom Sch\u00f6nefelder Kreuz (s\u00fcdlich von Berlin) oder aus Richtung Dresden kommend bis in den Spreewald.[\/vc_column_text][vc_column_text] Anreise mit der Bahn und Bus Die Anreise zum Spreewald-Marathon kann mit der Bahn und dem Bus erfolgen. Es kommt darauf an, an welchen Wettk\u00e4mpfen man teilnehmen will. Mit der Bahn aus Richtung Dresden und Leipzig kommend, steigt man in Cottbus aus und f\u00e4hrt mit dem Bus weiter nach Burg (Hauptstandort der Veranstaltung). Aus Berlin kommend, kann man in L\u00fcbbenau aussteigen und bei Bedarf mit dem Bus weiter nach Burg fahren. In Burg an der Haltestelle &#8222;Burg &#8211; Lindenstra\u00dfe&#8220; aussteigen. So hat man einen kurzen Weg zum Veranstaltungsgel\u00e4nde und zur [&hellip;]","og_url":"https:\/\/spreewaldmarathon.de\/wpswm\/anreise\/","og_site_name":"SPREEWALDMARATHON","article_publisher":"https:\/\/www.facebook.com\/SpreewaldMarathon","article_modified_time":"2026-02-19T16:31:39+00:00","twitter_card":"summary_large_image","twitter_site":"@spreewaldmarath","twitter_misc":{"Gesch\u00e4tzte Lesezeit":"2\u00a0Minuten"},"schema":{"@context":"https:\/\/schema.org","@graph":[{"@type":"WebPage","@id":"https:\/\/spreewaldmarathon.de\/wpswm\/anreise\/","url":"https:\/\/spreewaldmarathon.de\/wpswm\/anreise\/","name":"Anreise - SPREEWALDMARATHON","isPartOf":{"@id":"https:\/\/spreewaldmarathon.de\/wpswm\/#website"},"datePublished":"2020-05-25T18:58:19+00:00","dateModified":"2026-02-19T16:31:39+00:00","breadcrumb":{"@id":"https:\/\/spreewaldmarathon.de\/wpswm\/anreise\/#breadcrumb"},"inLanguage":"de","potentialAction":[{"@type":"ReadAction","target":["https:\/\/spreewaldmarathon.de\/wpswm\/anreise\/"]}]},{"@type":"BreadcrumbList","@id":"https:\/\/spreewaldmarathon.de\/wpswm\/anreise\/#breadcrumb","itemListElement":[{"@type":"ListItem","position":1,"name":"Home","item":"https:\/\/spreewaldmarathon.de\/wpswm\/"},{"@type":"ListItem","position":2,"name":"Anreise"}]},{"@type":"WebSite","@id":"https:\/\/spreewaldmarathon.de\/wpswm\/#website","url":"https:\/\/spreewaldmarathon.de\/wpswm\/","name":"SPREEWALDMARATHON","description":"Alles rund um den Spreewaldmarathon","publisher":{"@id":"https:\/\/spreewaldmarathon.de\/wpswm\/#organization"},"potentialAction":[{"@type":"SearchAction","target":{"@type":"EntryPoint","urlTemplate":"https:\/\/spreewaldmarathon.de\/wpswm\/?s={search_term_string}"},"query-input":{"@type":"PropertyValueSpecification","valueRequired":true,"valueName":"search_term_string"}}],"inLanguage":"de"},{"@type":"Organization","@id":"https:\/\/spreewaldmarathon.de\/wpswm\/#organization","name":"Lausitzer Sportevents e.V.","url":"https:\/\/spreewaldmarathon.de\/wpswm\/","logo":{"@type":"ImageObject","inLanguage":"de","@id":"https:\/\/spreewaldmarathon.de\/wpswm\/#\/schema\/logo\/image\/","url":"https:\/\/spreewaldmarathon.de\/wpswm\/wp-content\/uploads\/2020\/06\/Banner_LSE-1.jpg","contentUrl":"https:\/\/spreewaldmarathon.de\/wpswm\/wp-content\/uploads\/2020\/06\/Banner_LSE-1.jpg","width":2211,"height":624,"caption":"Lausitzer Sportevents e.V."},"image":{"@id":"https:\/\/spreewaldmarathon.de\/wpswm\/#\/schema\/logo\/image\/"},"sameAs":["https:\/\/www.facebook.com\/SpreewaldMarathon","https:\/\/x.com\/spreewaldmarath","https:\/\/www.instagram.com\/spreewaldmarathon","https:\/\/www.youtube.com\/results?search_query=spreewaldmarathon","https:\/\/de.wikipedia.org\/wiki\/Spreewald-Marathon"]}]}},"_links":{"self":[{"href":"https:\/\/spreewaldmarathon.de\/wpswm\/wp-json\/wp\/v2\/pages\/17426"}],"collection":[{"href":"https:\/\/spreewaldmarathon.de\/wpswm\/wp-json\/wp\/v2\/pages"}],"about":[{"href":"https:\/\/spreewaldmarathon.de\/wpswm\/wp-json\/wp\/v2\/types\/page"}],"author":[{"embeddable":true,"href":"https:\/\/spreewaldmarathon.de\/wpswm\/wp-json\/wp\/v2\/users\/1"}],"replies":[{"embeddable":true,"href":"https:\/\/spreewaldmarathon.de\/wpswm\/wp-json\/wp\/v2\/comments?post=17426"}],"version-history":[{"count":27,"href":"https:\/\/spreewaldmarathon.de\/wpswm\/wp-json\/wp\/v2\/pages\/17426\/revisions"}],"predecessor-version":[{"id":28697,"href":"https:\/\/spreewaldmarathon.de\/wpswm\/wp-json\/wp\/v2\/pages\/17426\/revisions\/28697"}],"wp:attachment":[{"href":"https:\/\/spreewaldmarathon.de\/wpswm\/wp-json\/wp\/v2\/media?parent=17426"}],"curies":[{"name":"wp","href":"https:\/\/api.w.org\/{rel}","templated":true}]}}